{"id":79209,"date":"2023-08-28T10:27:07","date_gmt":"2023-08-28T09:27:07","guid":{"rendered":"https:\/\/whisky.ad\/product\/worthy-park-rum-bar-overproof-0-7l-63\/"},"modified":"2023-08-28T10:27:07","modified_gmt":"2023-08-28T09:27:07","slug":"worthy-park-rum-bar-overproof-0-7l-63","status":"publish","type":"product","link":"https:\/\/whisky.ad\/fr\/produit\/worthy-park-rum-bar-overproof-0-7l-63\/","title":{"rendered":"Worthy Park Rum Bar Overproof 0.7l 63%"},"content":{"rendered":"","protected":false},"excerpt":{"rendered":"<p>Le rhum blanc overproof Rum-Bar Premium, le summum du savoir-faire du rhum blanc overproof de la Jama\u00efque. \u00c9labor\u00e9 au sein de la distillerie Worthy Park Estate, ce rhum exceptionnel pr\u00e9sente le summum de la distillation jama\u00efcaine. La tradition veut qu&#8217;un assemblage de trois rhums non vieillis, chacun m\u00e9ticuleusement distill\u00e9 \u00e0 la perfection \u00e0 l&#8217;aide d&#8217;alambics en cuivre, constitue le c\u0153ur de ce spiritueux remarquable. Profil de d\u00e9gustation : Aspect : Limpide. Ar\u00f4me : D\u00e9gage une allure fruit\u00e9e, soulign\u00e9e par des notes de banane et de fruits tropicaux. Bouche : Embarque pour un voyage de gourmandise fruit\u00e9e, m\u00ealant l&#8217;essence de l&#8217;exotisme et le dynamisme de la canne \u00e0 sucre fra\u00eeche, le tout compl\u00e9t\u00e9 par la pr\u00e9sence invitante de la banane. Finale : Laisse une impression durable et satisfaisante.  <\/p>\n","protected":false},"featured_media":77266,"comment_status":"open","ping_status":"closed","template":"","meta":{"_acf_changed":false},"product_brand":[],"product_cat":[368,385],"product_tag":[],"class_list":{"0":"post-79209","1":"product","2":"type-product","3":"status-publish","4":"has-post-thumbnail","6":"product_cat-rhum-fr","7":"product_cat-jamaica-fr","9":"first","10":"outofstock","11":"taxable","12":"shipping-taxable","13":"product-type-simple"},"acf":[],"aioseo_notices":[],"jetpack_sharing_enabled":true,"_links":{"self":[{"href":"https:\/\/whisky.ad\/fr\/wp-json\/wp\/v2\/product\/79209","targetHints":{"allow":["GET"]}}],"collection":[{"href":"https:\/\/whisky.ad\/fr\/wp-json\/wp\/v2\/product"}],"about":[{"href":"https:\/\/whisky.ad\/fr\/wp-json\/wp\/v2\/types\/product"}],"replies":[{"embeddable":true,"href":"https:\/\/whisky.ad\/fr\/wp-json\/wp\/v2\/comments?post=79209"}],"wp:featuredmedia":[{"embeddable":true,"href":"https:\/\/whisky.ad\/fr\/wp-json\/wp\/v2\/media\/77266"}],"wp:attachment":[{"href":"https:\/\/whisky.ad\/fr\/wp-json\/wp\/v2\/media?parent=79209"}],"wp:term":[{"taxonomy":"product_brand","embeddable":true,"href":"https:\/\/whisky.ad\/fr\/wp-json\/wp\/v2\/product_brand?post=79209"},{"taxonomy":"product_cat","embeddable":true,"href":"https:\/\/whisky.ad\/fr\/wp-json\/wp\/v2\/product_cat?post=79209"},{"taxonomy":"product_tag","embeddable":true,"href":"https:\/\/whisky.ad\/fr\/wp-json\/wp\/v2\/product_tag?post=79209"}],"curies":[{"name":"wp","href":"https:\/\/api.w.org\/{rel}","templated":true}]}}