{"id":79206,"date":"2023-08-28T10:37:51","date_gmt":"2023-08-28T09:37:51","guid":{"rendered":"https:\/\/whisky.ad\/product\/worthy-park-rum-bar-gold-0-7l-40\/"},"modified":"2023-08-28T10:37:51","modified_gmt":"2023-08-28T09:37:51","slug":"worthy-park-rum-bar-gold-0-7l-40","status":"publish","type":"product","link":"https:\/\/whisky.ad\/fr\/produit\/worthy-park-rum-bar-gold-0-7l-40\/","title":{"rendered":"Worthy Park Rum Bar Gold 0.7l 40%"},"content":{"rendered":"","protected":false},"excerpt":{"rendered":"<p>Une option d&#8217;un rapport qualit\u00e9-prix remarquable, ce rhum de 4 ans est originaire du prestigieux Worthy Park Estate de la Jama\u00efque. Id\u00e9al \u00e0 savourer sur glace, il infuse en toute fluidit\u00e9 des cocktails au caract\u00e8re abondant. Profil de d\u00e9gustation : Anticipez l&#8217;attrait de la banane enrob\u00e9e de miel, une d\u00e9licate touche de poivre rose et un subtil courant sous-jacent de s\u00e9cheresse de truffe au chocolat. <\/p>\n","protected":false},"featured_media":77275,"comment_status":"open","ping_status":"closed","template":"","meta":{"_acf_changed":false},"product_brand":[],"product_cat":[368,385],"product_tag":[],"class_list":{"0":"post-79206","1":"product","2":"type-product","3":"status-publish","4":"has-post-thumbnail","6":"product_cat-rhum-fr","7":"product_cat-jamaica-fr","9":"first","10":"outofstock","11":"taxable","12":"shipping-taxable","13":"product-type-simple"},"acf":[],"aioseo_notices":[],"jetpack_sharing_enabled":true,"_links":{"self":[{"href":"https:\/\/whisky.ad\/fr\/wp-json\/wp\/v2\/product\/79206","targetHints":{"allow":["GET"]}}],"collection":[{"href":"https:\/\/whisky.ad\/fr\/wp-json\/wp\/v2\/product"}],"about":[{"href":"https:\/\/whisky.ad\/fr\/wp-json\/wp\/v2\/types\/product"}],"replies":[{"embeddable":true,"href":"https:\/\/whisky.ad\/fr\/wp-json\/wp\/v2\/comments?post=79206"}],"wp:featuredmedia":[{"embeddable":true,"href":"https:\/\/whisky.ad\/fr\/wp-json\/wp\/v2\/media\/77275"}],"wp:attachment":[{"href":"https:\/\/whisky.ad\/fr\/wp-json\/wp\/v2\/media?parent=79206"}],"wp:term":[{"taxonomy":"product_brand","embeddable":true,"href":"https:\/\/whisky.ad\/fr\/wp-json\/wp\/v2\/product_brand?post=79206"},{"taxonomy":"product_cat","embeddable":true,"href":"https:\/\/whisky.ad\/fr\/wp-json\/wp\/v2\/product_cat?post=79206"},{"taxonomy":"product_tag","embeddable":true,"href":"https:\/\/whisky.ad\/fr\/wp-json\/wp\/v2\/product_tag?post=79206"}],"curies":[{"name":"wp","href":"https:\/\/api.w.org\/{rel}","templated":true}]}}