{"id":79203,"date":"2023-08-28T09:59:08","date_gmt":"2023-08-28T08:59:08","guid":{"rendered":"https:\/\/whisky.ad\/product\/worthy-park-10yo-port-0-7l-45\/"},"modified":"2023-08-28T09:59:08","modified_gmt":"2023-08-28T08:59:08","slug":"worthy-park-10yo-port-0-7l-45","status":"publish","type":"product","link":"https:\/\/whisky.ad\/fr\/produit\/worthy-park-10yo-port-0-7l-45\/","title":{"rendered":"Worthy Park 10YO Port 0.7l 45%"},"content":{"rendered":"","protected":false},"excerpt":{"rendered":"<p>Fabriqu\u00e9 dans la distillerie Worthy Park nich\u00e9e en Jama\u00efque, ce whisky \u00e9merge d&#8217;un environnement entour\u00e9 de cha\u00eenes de montagnes, au milieu de paysages luxuriants et fertiles, \u00e0 une distance consid\u00e9rable du rivage. La famille Clarke, gardienne de la distillerie, d\u00e9fend des valeurs d&#8217;excellence, d&#8217;efficacit\u00e9 et d&#8217;h\u00e9ritage. Par cons\u00e9quent, le rhum est distill\u00e9 avec diligence en utilisant la m\u00e9thode s\u00e9culaire de l\u2019alambic en pot. Apr\u00e8s une p\u00e9riode de maturation de huit ans dans d&#8217;anciens f\u00fbts de bourbon, le Worthy Park Port 2010 subit une phase suppl\u00e9mentaire de vieillissement de deux ans dans d&#8217;anciens f\u00fbts de port. Distill\u00e9 : 2010 Mise en bouteille : 2020 Profil de d\u00e9gustation : Aspect : Pr\u00e9sente une teinte ambr\u00e9e invitante. Ar\u00f4me : Le bouquet est richement intense, exsudant des notes fruit\u00e9es de pommes, de bananes et de prunes, entrelac\u00e9es d&#8217;impressions de ch\u00eane et de vanille. Bouche : Un caract\u00e8re \u00e9pic\u00e9 agr\u00e9able et d\u00e9licat orne le palais, accompagn\u00e9 d&#8217;un m\u00e9lange fruit\u00e9 de banane et de caramel, le tout compl\u00e9t\u00e9 par la pr\u00e9sence de ch\u00eane. Finale : La finale persiste longuement, avec des \u00e9l\u00e9ments fruit\u00e9s persistants se m\u00ealant harmonieusement aux nuances de ch\u00eane.   <\/p>\n","protected":false},"featured_media":77236,"comment_status":"open","ping_status":"closed","template":"","meta":{"_acf_changed":false},"product_brand":[],"product_cat":[368,385],"product_tag":[],"class_list":{"0":"post-79203","1":"product","2":"type-product","3":"status-publish","4":"has-post-thumbnail","6":"product_cat-rhum-fr","7":"product_cat-jamaica-fr","9":"first","10":"outofstock","11":"taxable","12":"shipping-taxable","13":"product-type-simple"},"acf":[],"aioseo_notices":[],"jetpack_sharing_enabled":true,"_links":{"self":[{"href":"https:\/\/whisky.ad\/fr\/wp-json\/wp\/v2\/product\/79203","targetHints":{"allow":["GET"]}}],"collection":[{"href":"https:\/\/whisky.ad\/fr\/wp-json\/wp\/v2\/product"}],"about":[{"href":"https:\/\/whisky.ad\/fr\/wp-json\/wp\/v2\/types\/product"}],"replies":[{"embeddable":true,"href":"https:\/\/whisky.ad\/fr\/wp-json\/wp\/v2\/comments?post=79203"}],"wp:featuredmedia":[{"embeddable":true,"href":"https:\/\/whisky.ad\/fr\/wp-json\/wp\/v2\/media\/77236"}],"wp:attachment":[{"href":"https:\/\/whisky.ad\/fr\/wp-json\/wp\/v2\/media?parent=79203"}],"wp:term":[{"taxonomy":"product_brand","embeddable":true,"href":"https:\/\/whisky.ad\/fr\/wp-json\/wp\/v2\/product_brand?post=79203"},{"taxonomy":"product_cat","embeddable":true,"href":"https:\/\/whisky.ad\/fr\/wp-json\/wp\/v2\/product_cat?post=79203"},{"taxonomy":"product_tag","embeddable":true,"href":"https:\/\/whisky.ad\/fr\/wp-json\/wp\/v2\/product_tag?post=79203"}],"curies":[{"name":"wp","href":"https:\/\/api.w.org\/{rel}","templated":true}]}}