{"id":79200,"date":"2023-08-28T10:16:46","date_gmt":"2023-08-28T09:16:46","guid":{"rendered":"https:\/\/whisky.ad\/product\/worthy-park-10yo-madeira-0-7l-45\/"},"modified":"2023-08-28T10:16:46","modified_gmt":"2023-08-28T09:16:46","slug":"worthy-park-10yo-madeira-0-7l-45","status":"publish","type":"product","link":"https:\/\/whisky.ad\/fr\/produit\/worthy-park-10yo-madeira-0-7l-45\/","title":{"rendered":"Worthy Park 10YO Madeira 0.7l 45%"},"content":{"rendered":"","protected":false},"excerpt":{"rendered":"<p>Originaire de la distingu\u00e9e distillerie Worthy Park nich\u00e9e en Jama\u00efque, ce whisky \u00e9merge dans un d\u00e9cor pittoresque de cha\u00eenes de montagnes et de paysages fertiles, loin de l&#8217;attrait du bord de mer. Sous la direction de la famille Clarke, la distillerie est dirig\u00e9e avec un d\u00e9vouement in\u00e9branlable \u00e0 l&#8217;excellence, \u00e0 l&#8217;efficacit\u00e9 et aux traditions v\u00e9n\u00e9rables. Par cons\u00e9quent, le rhum est m\u00e9ticuleusement distill\u00e9 uniquement en utilisant la technique s\u00e9culaire de l\u2019alambic en pot. Le Worthy Park Madeira 2010 entreprend un voyage de maturation de huit ans dans d&#8217;anciens f\u00fbts de bourbon, suivi d&#8217;un s\u00e9jour suppl\u00e9mentaire de deux ans dans d&#8217;anciens f\u00fbts de vin de Mad\u00e8re. Distill\u00e9 : 2010 Mise en bouteille : 2020 Profil de d\u00e9gustation : Apparence : Poss\u00e8de une teinte ambr\u00e9e captivante. Ar\u00f4me : Le bouquet se d\u00e9ploie avec une complexit\u00e9 captivante, offrant des notes de fruits secs, de bananes m\u00fbres, une subtile touche de poivre et une \u00e9treinte harmonieuse de ch\u00eane. Bouche : Un d\u00e9licieux piquant orne le palais, accompagn\u00e9 d&#8217;une douce pr\u00e9sence de ch\u00eane, compl\u00e9t\u00e9 par la douceur persistante de baies rouges r\u00e9manentes. Finale : La finale se prolonge avec gr\u00e2ce, laissant une impression durable.   <\/p>\n","protected":false},"featured_media":77242,"comment_status":"open","ping_status":"closed","template":"","meta":{"_acf_changed":false},"product_brand":[],"product_cat":[368,385],"product_tag":[],"class_list":{"0":"post-79200","1":"product","2":"type-product","3":"status-publish","4":"has-post-thumbnail","6":"product_cat-rhum-fr","7":"product_cat-jamaica-fr","9":"first","10":"outofstock","11":"taxable","12":"shipping-taxable","13":"product-type-simple"},"acf":[],"aioseo_notices":[],"jetpack_sharing_enabled":true,"_links":{"self":[{"href":"https:\/\/whisky.ad\/fr\/wp-json\/wp\/v2\/product\/79200","targetHints":{"allow":["GET"]}}],"collection":[{"href":"https:\/\/whisky.ad\/fr\/wp-json\/wp\/v2\/product"}],"about":[{"href":"https:\/\/whisky.ad\/fr\/wp-json\/wp\/v2\/types\/product"}],"replies":[{"embeddable":true,"href":"https:\/\/whisky.ad\/fr\/wp-json\/wp\/v2\/comments?post=79200"}],"wp:featuredmedia":[{"embeddable":true,"href":"https:\/\/whisky.ad\/fr\/wp-json\/wp\/v2\/media\/77242"}],"wp:attachment":[{"href":"https:\/\/whisky.ad\/fr\/wp-json\/wp\/v2\/media?parent=79200"}],"wp:term":[{"taxonomy":"product_brand","embeddable":true,"href":"https:\/\/whisky.ad\/fr\/wp-json\/wp\/v2\/product_brand?post=79200"},{"taxonomy":"product_cat","embeddable":true,"href":"https:\/\/whisky.ad\/fr\/wp-json\/wp\/v2\/product_cat?post=79200"},{"taxonomy":"product_tag","embeddable":true,"href":"https:\/\/whisky.ad\/fr\/wp-json\/wp\/v2\/product_tag?post=79200"}],"curies":[{"name":"wp","href":"https:\/\/api.w.org\/{rel}","templated":true}]}}