{"id":79197,"date":"2023-08-05T11:12:31","date_gmt":"2023-08-05T10:12:31","guid":{"rendered":"https:\/\/whisky.ad\/product\/worthy-park-109-1l-54-5\/"},"modified":"2023-08-05T11:12:31","modified_gmt":"2023-08-05T10:12:31","slug":"worthy-park-109-1l-54-5","status":"publish","type":"product","link":"https:\/\/whisky.ad\/fr\/produit\/worthy-park-109-1l-54-5\/","title":{"rendered":"Worthy Park 109 1l 54.5%"},"content":{"rendered":"","protected":false},"excerpt":{"rendered":"<div class=\"text-xs flex items-center justify-center gap-1 invisible absolute left-0 top-2 -ml-4 -translate-x-full group-hover:visible !invisible\"><\/div>\n<div class=\"flex flex-grow flex-col gap-3\">\n<div class=\"min-h-[20px] flex flex-col items-start gap-3 overflow-x-auto whitespace-pre-wrap break-words\">\n<div class=\"markdown prose w-full break-words dark:prose-invert light\">\n<p>Worthy Park 109 est un rhum jama\u00efcain tr\u00e8s acclam\u00e9 issu du c\u00e9l\u00e8bre Worthy Park Estate, qui a une riche histoire remontant au 17\u00e8me si\u00e8cle. Ce rhum est nomm\u00e9 \u00ab 109 \u00bb en r\u00e9f\u00e9rence au degr\u00e9 d&#8217;alcool sp\u00e9cifique auquel il est mis en bouteille. Worthy Park 109 est un rhum \u00e0 base de m\u00e9lasse distill\u00e9 \u00e0 l&#8217;aide d&#8217;alambics traditionnels, une m\u00e9thode perfectionn\u00e9e au fil des g\u00e9n\u00e9rations au sein du domaine. Cette approche artisanale de la distillation contribue au profil aromatique distinctif et robuste du rhum. D\u00e8s qu&#8217;il est vers\u00e9, le liquide ambr\u00e9 vous accueille avec un ar\u00f4me captivant de fruits tropicaux, de bananes m\u00fbres et un soup\u00e7on de ch\u00eane. La premi\u00e8re gorg\u00e9e r\u00e9v\u00e8le une texture douce et velout\u00e9e qui enrobe le palais, transportant un \u00e9clat de saveurs riches et complexes. Attendez-vous \u00e0 un m\u00e9lange de bananes m\u00fbres, d&#8217;ananas juteux et de notes d&#8217;\u00e9pices tropicales dansant harmonieusement sur vos papilles gustatives. L&#8217;intensit\u00e9 des saveurs du rhum est contrebalanc\u00e9e par une agr\u00e9able douceur rappelant la cassonade et le caramel. Au fur et \u00e0 mesure que les saveurs se d\u00e9voilent, le caract\u00e8re jama\u00efcain authentique transpara\u00eet avec un subtil c\u00f4t\u00e9 funky, connu sous le nom de \u00ab hogo \u00bb, qui ajoute de la profondeur et de la complexit\u00e9 \u00e0 l&#8217;esprit. Worthy Park 109 est un rhum audacieux et cors\u00e9 qui se suffit \u00e0 lui-m\u00eame, parfait \u00e0 siroter pur ou sur glace. Sa polyvalence en fait \u00e9galement une base fantastique pour des cocktails classiques et inventifs. Les amateurs de rhum et les connaisseurs appr\u00e9cient Worthy Park 109 pour son authenticit\u00e9 sans faille, rendant hommage au riche h\u00e9ritage du rhum de la Jama\u00efque. Il repr\u00e9sente une expression remarquable de l&#8217;engagement du Worthy Park Estate envers la qualit\u00e9, le savoir-faire et l&#8217;art s\u00e9culaire de la fabrication du rhum. <\/p>\n<\/div>\n<\/div>\n<\/div>\n","protected":false},"featured_media":77026,"comment_status":"open","ping_status":"closed","template":"","meta":{"_acf_changed":false},"product_brand":[],"product_cat":[368,385],"product_tag":[],"class_list":{"0":"post-79197","1":"product","2":"type-product","3":"status-publish","4":"has-post-thumbnail","6":"product_cat-rhum-fr","7":"product_cat-jamaica-fr","9":"first","10":"instock","11":"taxable","12":"shipping-taxable","13":"purchasable","14":"product-type-simple"},"acf":[],"aioseo_notices":[],"jetpack_sharing_enabled":true,"_links":{"self":[{"href":"https:\/\/whisky.ad\/fr\/wp-json\/wp\/v2\/product\/79197","targetHints":{"allow":["GET"]}}],"collection":[{"href":"https:\/\/whisky.ad\/fr\/wp-json\/wp\/v2\/product"}],"about":[{"href":"https:\/\/whisky.ad\/fr\/wp-json\/wp\/v2\/types\/product"}],"replies":[{"embeddable":true,"href":"https:\/\/whisky.ad\/fr\/wp-json\/wp\/v2\/comments?post=79197"}],"wp:featuredmedia":[{"embeddable":true,"href":"https:\/\/whisky.ad\/fr\/wp-json\/wp\/v2\/media\/77026"}],"wp:attachment":[{"href":"https:\/\/whisky.ad\/fr\/wp-json\/wp\/v2\/media?parent=79197"}],"wp:term":[{"taxonomy":"product_brand","embeddable":true,"href":"https:\/\/whisky.ad\/fr\/wp-json\/wp\/v2\/product_brand?post=79197"},{"taxonomy":"product_cat","embeddable":true,"href":"https:\/\/whisky.ad\/fr\/wp-json\/wp\/v2\/product_cat?post=79197"},{"taxonomy":"product_tag","embeddable":true,"href":"https:\/\/whisky.ad\/fr\/wp-json\/wp\/v2\/product_tag?post=79197"}],"curies":[{"name":"wp","href":"https:\/\/api.w.org\/{rel}","templated":true}]}}