{"id":79194,"date":"2018-11-13T17:50:56","date_gmt":"2018-11-13T16:50:56","guid":{"rendered":"https:\/\/whisky.ad\/product\/viru-valge-nordic-pure-grain-vodka-1l-40\/"},"modified":"2018-11-13T17:50:56","modified_gmt":"2018-11-13T16:50:56","slug":"viru-valge-nordic-pure-grain-vodka-1l-40","status":"publish","type":"product","link":"https:\/\/whisky.ad\/fr\/produit\/viru-valge-nordic-pure-grain-vodka-1l-40\/","title":{"rendered":"Viru Valge Nordic Pure Grain Vodka 1L. 40%"},"content":{"rendered":"<p><img decoding=\"async\" src=\"https:\/\/liviko.ee\/static\/Collins-1-181x380.jpg\" alt=\"Viru Valge Collins\" data-index=\"0\" data-href=\"https:\/\/liviko.ee\/static\/Collins-1-286x600.jpg\" data-width=\"286\" data-height=\"600\"><\/p>\n","protected":false},"excerpt":{"rendered":"<p>Viru Valge est la vodka de haute qualit\u00e9 la plus populaire et la plus fiable d&#8217;Estonie, avec ses propres traditions, des d\u00e9cennies d&#8217;exp\u00e9rience et une longue histoire. Cette vodka authentiquement nordique est la plus ancienne marque de spiritueux d&#8217;Estonie. Malgr\u00e9 les racines profondes et les fortes traditions de Viru Valge, Liviko utilise aujourd&#8217;hui pour sa production les solutions les plus actuelles et les plus modernes. Viru Valge vient du pays le plus blanc. Les nuits d&#8217;\u00e9t\u00e9, le soleil ne se couche que bri\u00e8vement et en hiver, le sol repose sous un tapis de neige blanche, les premi\u00e8res gel\u00e9es voilant les tourbi\u00e8res claires d&#8217;un blanc \u00e9clatant. Il n\u2019y a pas de grandes usines ni de grandes villes dans le pays de Viru Valge, les habitants sont dispers\u00e9s \u00e0 des kilom\u00e8tres les uns des autres et, comme le confirment les recherches, l\u2019air qu\u2019ils respirent est le plus pur au monde. L&#8217;eau cristalline du lac et la r\u00e9colte des champs rocheux nordiques donnent \u00e9galement naissance \u00e0 la vodka v\u00e9ritablement nordique Viru Valge. <\/p>\n","protected":false},"featured_media":75751,"comment_status":"open","ping_status":"closed","template":"","meta":{"_acf_changed":false},"product_brand":[],"product_cat":[347,418],"product_tag":[493],"class_list":{"0":"post-79194","1":"product","2":"type-product","3":"status-publish","4":"has-post-thumbnail","6":"product_cat-spirits-fr","7":"product_cat-vodka-fr","8":"product_tag-estonia-fr","10":"first","11":"instock","12":"taxable","13":"shipping-taxable","14":"purchasable","15":"product-type-simple"},"acf":[],"aioseo_notices":[],"jetpack_sharing_enabled":true,"_links":{"self":[{"href":"https:\/\/whisky.ad\/fr\/wp-json\/wp\/v2\/product\/79194","targetHints":{"allow":["GET"]}}],"collection":[{"href":"https:\/\/whisky.ad\/fr\/wp-json\/wp\/v2\/product"}],"about":[{"href":"https:\/\/whisky.ad\/fr\/wp-json\/wp\/v2\/types\/product"}],"replies":[{"embeddable":true,"href":"https:\/\/whisky.ad\/fr\/wp-json\/wp\/v2\/comments?post=79194"}],"wp:featuredmedia":[{"embeddable":true,"href":"https:\/\/whisky.ad\/fr\/wp-json\/wp\/v2\/media\/75751"}],"wp:attachment":[{"href":"https:\/\/whisky.ad\/fr\/wp-json\/wp\/v2\/media?parent=79194"}],"wp:term":[{"taxonomy":"product_brand","embeddable":true,"href":"https:\/\/whisky.ad\/fr\/wp-json\/wp\/v2\/product_brand?post=79194"},{"taxonomy":"product_cat","embeddable":true,"href":"https:\/\/whisky.ad\/fr\/wp-json\/wp\/v2\/product_cat?post=79194"},{"taxonomy":"product_tag","embeddable":true,"href":"https:\/\/whisky.ad\/fr\/wp-json\/wp\/v2\/product_tag?post=79194"}],"curies":[{"name":"wp","href":"https:\/\/api.w.org\/{rel}","templated":true}]}}