{"id":79188,"date":"2023-08-29T10:23:46","date_gmt":"2023-08-29T09:23:46","guid":{"rendered":"https:\/\/whisky.ad\/product\/vikingfjord-vodka-0-7l-37-5\/"},"modified":"2023-08-29T10:23:46","modified_gmt":"2023-08-29T09:23:46","slug":"vikingfjord-vodka-0-7l-37-5","status":"publish","type":"product","link":"https:\/\/whisky.ad\/fr\/produit\/vikingfjord-vodka-0-7l-37-5\/","title":{"rendered":"Vikingfjord Vodka 0.7L. 37.5%"},"content":{"rendered":"","protected":false},"excerpt":{"rendered":"<p>Le Vikingfjord capture l&#8217;essence inh\u00e9rente de la nature norv\u00e9gienne. Cette vodka de pomme de terre exceptionnelle subit cinq tours de distillation et est harmonieusement m\u00e9lang\u00e9e \u00e0 de l&#8217;eau glaciaire immacul\u00e9e, ce qui donne une puret\u00e9 in\u00e9gal\u00e9e. <\/p>\n","protected":false},"featured_media":77431,"comment_status":"open","ping_status":"closed","template":"","meta":{"_acf_changed":false},"product_brand":[],"product_cat":[347,418],"product_tag":[],"class_list":{"0":"post-79188","1":"product","2":"type-product","3":"status-publish","4":"has-post-thumbnail","6":"product_cat-spirits-fr","7":"product_cat-vodka-fr","9":"first","10":"instock","11":"taxable","12":"shipping-taxable","13":"purchasable","14":"product-type-simple"},"acf":[],"aioseo_notices":[],"jetpack_sharing_enabled":true,"_links":{"self":[{"href":"https:\/\/whisky.ad\/fr\/wp-json\/wp\/v2\/product\/79188","targetHints":{"allow":["GET"]}}],"collection":[{"href":"https:\/\/whisky.ad\/fr\/wp-json\/wp\/v2\/product"}],"about":[{"href":"https:\/\/whisky.ad\/fr\/wp-json\/wp\/v2\/types\/product"}],"replies":[{"embeddable":true,"href":"https:\/\/whisky.ad\/fr\/wp-json\/wp\/v2\/comments?post=79188"}],"wp:featuredmedia":[{"embeddable":true,"href":"https:\/\/whisky.ad\/fr\/wp-json\/wp\/v2\/media\/77431"}],"wp:attachment":[{"href":"https:\/\/whisky.ad\/fr\/wp-json\/wp\/v2\/media?parent=79188"}],"wp:term":[{"taxonomy":"product_brand","embeddable":true,"href":"https:\/\/whisky.ad\/fr\/wp-json\/wp\/v2\/product_brand?post=79188"},{"taxonomy":"product_cat","embeddable":true,"href":"https:\/\/whisky.ad\/fr\/wp-json\/wp\/v2\/product_cat?post=79188"},{"taxonomy":"product_tag","embeddable":true,"href":"https:\/\/whisky.ad\/fr\/wp-json\/wp\/v2\/product_tag?post=79188"}],"curies":[{"name":"wp","href":"https:\/\/api.w.org\/{rel}","templated":true}]}}