{"id":79134,"date":"2023-08-05T11:10:06","date_gmt":"2023-08-05T10:10:06","guid":{"rendered":"https:\/\/whisky.ad\/product\/vana-tallinn-spiced-rum-1l-40\/"},"modified":"2023-08-05T11:10:06","modified_gmt":"2023-08-05T10:10:06","slug":"vana-tallinn-spiced-rum-1l-40","status":"publish","type":"product","link":"https:\/\/whisky.ad\/fr\/produit\/vana-tallinn-spiced-rum-1l-40\/","title":{"rendered":"Vana Tallinn Spiced Rum 1l 40%"},"content":{"rendered":"","protected":false},"excerpt":{"rendered":"<div class=\"flex flex-grow flex-col gap-3\">\n<div class=\"min-h-[20px] flex flex-col items-start gap-3 overflow-x-auto whitespace-pre-wrap break-words\">\n<div class=\"markdown prose w-full break-words dark:prose-invert light\">\n<p>Vana Tallinn est une liqueur \u00e0 base de rhum estonienne bien-aim\u00e9e et embl\u00e9matique qui occupe une place particuli\u00e8re dans le c\u0153ur de nombreux amateurs du monde entier. C&#8217;est un produit de la c\u00e9l\u00e8bre soci\u00e9t\u00e9 estonienne Liviko, qui produit cette liqueur depuis 1960. Vana Tallinn est profond\u00e9ment ancr\u00e9e dans la culture et l&#8217;histoire estoniennes, ce qui en fait un symbole de fiert\u00e9 nationale. Cette liqueur distinctive est une fusion de rhum des Cara\u00efbes et d&#8217;un m\u00e9lange soigneusement \u00e9labor\u00e9 d&#8217;\u00e9pices et de saveurs naturelles. La combinaison du rhum vieilli avec des notes de vanille, d&#8217;agrumes, de cannelle et d&#8217;autres ingr\u00e9dients secrets cr\u00e9e un profil gustatif complexe et harmonieux vraiment unique. D\u00e8s la premi\u00e8re ouverture de la bouteille, le d\u00e9licieux ar\u00f4me d&#8217;\u00e9pices douces et de vanille chaude remplit l&#8217;air, ouvrant la voie \u00e0 une exp\u00e9rience de d\u00e9gustation m\u00e9morable. Le go\u00fbt est doux, velout\u00e9 et riche, avec un \u00e9quilibre parfait entre douceur et \u00e9pices. Les saveurs du rhum se m\u00e9langent parfaitement aux \u00e9pices aromatiques, laissant un arri\u00e8re-go\u00fbt satisfaisant et persistant. Vana Tallinn est une boisson polyvalente qui peut \u00eatre d\u00e9gust\u00e9e de diff\u00e9rentes mani\u00e8res. Il est souvent d\u00e9gust\u00e9 pur ou sur glace pour appr\u00e9cier pleinement ses saveurs complexes. De plus, il peut \u00eatre utilis\u00e9 comme ingr\u00e9dient cl\u00e9 dans une vari\u00e9t\u00e9 de cocktails, ajoutant une touche de charme exotique et invitant aux m\u00e9langes classiques. Au-del\u00e0 de son go\u00fbt exceptionnel, Vana Tallinn est c\u00e9l\u00e8bre pour son emballage distinctif, au design \u00e9l\u00e9gant et nostalgique qui rend hommage \u00e0 Tallinn, la capitale de l&#8217;Estonie. Le nom de la liqueur se traduit par \u00ab Vieux Tallinn \u00bb, \u00e9voquant un sentiment d&#8217;histoire et de tradition. Que vous profitiez d&#8217;une soir\u00e9e agr\u00e9able \u00e0 la maison, c\u00e9l\u00e9briez une occasion sp\u00e9ciale ou exploriez les saveurs uniques de l&#8217;Estonie, Vana Tallinn vous promet une exp\u00e9rience inoubliable alliant la chaleur du rhum des Cara\u00efbes et l&#8217;attrait exotique des \u00e9pices baltes. C&#8217;est une v\u00e9ritable incarnation du savoir-faire estonien et un t\u00e9moignage de l&#8217;art s\u00e9culaire de la fabrication des liqueurs.  <\/p>\n<\/div>\n<\/div>\n<\/div>\n","protected":false},"featured_media":77038,"comment_status":"open","ping_status":"closed","template":"","meta":{"_acf_changed":false},"product_brand":[],"product_cat":[368,369],"product_tag":[],"class_list":{"0":"post-79134","1":"product","2":"type-product","3":"status-publish","4":"has-post-thumbnail","6":"product_cat-rhum-fr","7":"product_cat-epice-fr","9":"first","10":"instock","11":"taxable","12":"shipping-taxable","13":"purchasable","14":"product-type-simple"},"acf":[],"aioseo_notices":[],"jetpack_sharing_enabled":true,"_links":{"self":[{"href":"https:\/\/whisky.ad\/fr\/wp-json\/wp\/v2\/product\/79134","targetHints":{"allow":["GET"]}}],"collection":[{"href":"https:\/\/whisky.ad\/fr\/wp-json\/wp\/v2\/product"}],"about":[{"href":"https:\/\/whisky.ad\/fr\/wp-json\/wp\/v2\/types\/product"}],"replies":[{"embeddable":true,"href":"https:\/\/whisky.ad\/fr\/wp-json\/wp\/v2\/comments?post=79134"}],"wp:featuredmedia":[{"embeddable":true,"href":"https:\/\/whisky.ad\/fr\/wp-json\/wp\/v2\/media\/77038"}],"wp:attachment":[{"href":"https:\/\/whisky.ad\/fr\/wp-json\/wp\/v2\/media?parent=79134"}],"wp:term":[{"taxonomy":"product_brand","embeddable":true,"href":"https:\/\/whisky.ad\/fr\/wp-json\/wp\/v2\/product_brand?post=79134"},{"taxonomy":"product_cat","embeddable":true,"href":"https:\/\/whisky.ad\/fr\/wp-json\/wp\/v2\/product_cat?post=79134"},{"taxonomy":"product_tag","embeddable":true,"href":"https:\/\/whisky.ad\/fr\/wp-json\/wp\/v2\/product_tag?post=79134"}],"curies":[{"name":"wp","href":"https:\/\/api.w.org\/{rel}","templated":true}]}}