{"id":79123,"date":"2023-07-23T13:35:06","date_gmt":"2023-07-23T12:35:06","guid":{"rendered":"https:\/\/whisky.ad\/product\/tomintoul-45-yo-double-wood-matured\/"},"modified":"2023-12-13T11:50:31","modified_gmt":"2023-12-13T10:50:31","slug":"tomintoul-45-yo-double-wood-matured","status":"publish","type":"product","link":"https:\/\/whisky.ad\/fr\/produit\/tomintoul-45-yo-double-wood-matured\/","title":{"rendered":"Tomintoul 45 YO Double Wood Matured"},"content":{"rendered":"","protected":false},"excerpt":{"rendered":"<div class=\"flex flex-grow flex-col gap-3\">\n<div class=\"min-h-[20px] flex items-start overflow-x-auto whitespace-pre-wrap break-words flex-col gap-4\">\n<div class=\"markdown prose w-full break-words dark:prose-invert light\">\n<p><strong>Speyside Single Malt Scotch Whisky Distillery Bottling 70cl \/ 44.5%<\/strong><\/p>\n<p>Offre vraiment exceptionnelle et extr\u00eamement rare provenant de la prestigieuse distillerie Tomintoul du Speyside, ce malt a \u00e9t\u00e9 distill\u00e9 d\u00e8s 1973. Seulement 240 bouteilles seulement ont \u00e9t\u00e9 commercialis\u00e9es 45 ans plus tard. Si vous souhaitez rejoindre les quelques chanceux qui peuvent se consid\u00e9rer comme propri\u00e9taires de ce joyau pr\u00e9cieux, vous devez \u00eatre pr\u00eat \u00e0 puiser profond\u00e9ment dans votre portefeuille. Cependant, soyez assur\u00e9 que le palais somptueux et l&#8217;interaction irr\u00e9sistible des notes de sherry et de caf\u00e9 en valent la peine. Note de d\u00e9gustation : Nez : L&#8217;influence du Sherry propre est \u00e9vidente, superpos\u00e9e \u00e0 une base malt\u00e9e douce. Des ar\u00f4mes intens\u00e9ment cireux se m\u00ealent \u00e0 des notes d\u2019agrumes oranges piquants et \u00e0 la chaleur du pudding de No\u00ebl. Bouche : Une exp\u00e9rience riche et velout\u00e9e alors que des notes de noix, de chocolat, de grain de caf\u00e9 moka et des tanins de ch\u00eane \u00e9pic\u00e9s rivalisent pour la dominance, cr\u00e9ant une symphonie captivante de saveurs. Finale : La grande finale est \u00e0 la fois s\u00e8che et \u00e9pic\u00e9e, laissant une impression durable qui persiste luxueusement en bouche.   <\/p>\n<\/div>\n<h2>PRIX SUR DEMANDE<\/h2>\n<\/div>\n<\/div>\n","protected":false},"featured_media":76402,"comment_status":"open","ping_status":"closed","template":"","meta":{"_acf_changed":false},"product_brand":[],"product_cat":[317,341,357,539],"product_tag":[],"class_list":{"0":"post-79123","1":"product","2":"type-product","3":"status-publish","4":"has-post-thumbnail","6":"product_cat-ecosse","7":"product_cat-rare-de-collection","8":"product_cat-whisky-by-brand-fr","9":"product_cat-tomintoul-fr","11":"first","12":"instock","13":"taxable","14":"shipping-taxable","15":"product-type-simple"},"acf":[],"aioseo_notices":[],"jetpack_sharing_enabled":true,"_links":{"self":[{"href":"https:\/\/whisky.ad\/fr\/wp-json\/wp\/v2\/product\/79123","targetHints":{"allow":["GET"]}}],"collection":[{"href":"https:\/\/whisky.ad\/fr\/wp-json\/wp\/v2\/product"}],"about":[{"href":"https:\/\/whisky.ad\/fr\/wp-json\/wp\/v2\/types\/product"}],"replies":[{"embeddable":true,"href":"https:\/\/whisky.ad\/fr\/wp-json\/wp\/v2\/comments?post=79123"}],"wp:featuredmedia":[{"embeddable":true,"href":"https:\/\/whisky.ad\/fr\/wp-json\/wp\/v2\/media\/76402"}],"wp:attachment":[{"href":"https:\/\/whisky.ad\/fr\/wp-json\/wp\/v2\/media?parent=79123"}],"wp:term":[{"taxonomy":"product_brand","embeddable":true,"href":"https:\/\/whisky.ad\/fr\/wp-json\/wp\/v2\/product_brand?post=79123"},{"taxonomy":"product_cat","embeddable":true,"href":"https:\/\/whisky.ad\/fr\/wp-json\/wp\/v2\/product_cat?post=79123"},{"taxonomy":"product_tag","embeddable":true,"href":"https:\/\/whisky.ad\/fr\/wp-json\/wp\/v2\/product_tag?post=79123"}],"curies":[{"name":"wp","href":"https:\/\/api.w.org\/{rel}","templated":true}]}}