{"id":79120,"date":"2023-07-23T13:22:17","date_gmt":"2023-07-23T12:22:17","guid":{"rendered":"https:\/\/whisky.ad\/product\/tomintoul-40-yo-quadruple-cask\/"},"modified":"2023-07-23T13:22:17","modified_gmt":"2023-07-23T12:22:17","slug":"tomintoul-40-yo-quadruple-cask","status":"publish","type":"product","link":"https:\/\/whisky.ad\/fr\/produit\/tomintoul-40-yo-quadruple-cask\/","title":{"rendered":"Tomintoul 40 YO Quadruple Cask"},"content":{"rendered":"","protected":false},"excerpt":{"rendered":"<p><strong>Speyside Single Malt Scotch Whisky, Distillery Bottling 70cl \/ 43.1%<\/strong><\/p>\n<p>Robert Fleming, un ma\u00eetre distillateur avec un h\u00e9ritage familial impr\u00e9gn\u00e9 de l&#8217;art de la distillation du whisky, s&#8217;est personnellement occup\u00e9 de chaque f\u00fbt du lot de 1974 alors qu&#8217;il reposait tranquillement dans les coins des entrep\u00f4ts vieillissants de la distillerie. Au sein de cette collection, il d\u00e9couvre quatre f\u00fbts d&#8217;une raret\u00e9 exceptionnelle, qui se distinguent par leur qualit\u00e9 in\u00e9gal\u00e9e et leurs caract\u00e9ristiques uniques. Conscient de leurs attributs particuliers, Robert a choisi ces f\u00fbts pour un embouteillage Quadruple Cask unique en son genre. Le Single Malt obtenu, issu de ces extraordinaires quadruples f\u00fbts, a \u00e9t\u00e9 d\u00e9licatement vers\u00e9 dans des carafes en cristal fabriqu\u00e9es \u00e0 la main, chacune m\u00e9ticuleusement num\u00e9rot\u00e9e pour plus d&#8217;exclusivit\u00e9. Nez : L&#8217;ar\u00f4me est d\u00e9licat et \u00e9voque une sensation de maturit\u00e9. Une symphonie de fruits m\u00e9lang\u00e9s danse harmonieusement avec le malt doux et sucr\u00e9 d&#8217;orge, conf\u00e9rant une essence beurr\u00e9e et cr\u00e9meuse. De subtiles notes d&#8217;ananas ajoutent une touche invitante. Bouche : Le go\u00fbt est subtil, mais d&#8217;une complexit\u00e9 exquise. Les saveurs de fruits d&#8217;\u00e9t\u00e9 et de caramel au beurre s&#8217;entrelacent gracieusement, accompagn\u00e9es de notes raffin\u00e9es de caf\u00e9, de r\u00e9glisse et de sorbet au citron piquant. Finale : Alors que l&#8217;exp\u00e9rience culmine, il y a un doux tourbillon d&#8217;\u00e9pices de ch\u00eane compl\u00e9t\u00e9 par une douce sensation de r\u00e9glisse.<\/p>\n<h3><\/h3>\n<h3>PRIX SUR DEMANDE<\/h3>\n","protected":false},"featured_media":76399,"comment_status":"open","ping_status":"closed","template":"","meta":{"_acf_changed":false},"product_brand":[],"product_cat":[317,341,357,539],"product_tag":[],"class_list":{"0":"post-79120","1":"product","2":"type-product","3":"status-publish","4":"has-post-thumbnail","6":"product_cat-ecosse","7":"product_cat-rare-de-collection","8":"product_cat-whisky-by-brand-fr","9":"product_cat-tomintoul-fr","11":"first","12":"instock","13":"taxable","14":"shipping-taxable","15":"product-type-simple"},"acf":[],"aioseo_notices":[],"jetpack_sharing_enabled":true,"_links":{"self":[{"href":"https:\/\/whisky.ad\/fr\/wp-json\/wp\/v2\/product\/79120","targetHints":{"allow":["GET"]}}],"collection":[{"href":"https:\/\/whisky.ad\/fr\/wp-json\/wp\/v2\/product"}],"about":[{"href":"https:\/\/whisky.ad\/fr\/wp-json\/wp\/v2\/types\/product"}],"replies":[{"embeddable":true,"href":"https:\/\/whisky.ad\/fr\/wp-json\/wp\/v2\/comments?post=79120"}],"wp:featuredmedia":[{"embeddable":true,"href":"https:\/\/whisky.ad\/fr\/wp-json\/wp\/v2\/media\/76399"}],"wp:attachment":[{"href":"https:\/\/whisky.ad\/fr\/wp-json\/wp\/v2\/media?parent=79120"}],"wp:term":[{"taxonomy":"product_brand","embeddable":true,"href":"https:\/\/whisky.ad\/fr\/wp-json\/wp\/v2\/product_brand?post=79120"},{"taxonomy":"product_cat","embeddable":true,"href":"https:\/\/whisky.ad\/fr\/wp-json\/wp\/v2\/product_cat?post=79120"},{"taxonomy":"product_tag","embeddable":true,"href":"https:\/\/whisky.ad\/fr\/wp-json\/wp\/v2\/product_tag?post=79120"}],"curies":[{"name":"wp","href":"https:\/\/api.w.org\/{rel}","templated":true}]}}