{"id":79117,"date":"2023-07-23T13:42:37","date_gmt":"2023-07-23T12:42:37","guid":{"rendered":"https:\/\/whisky.ad\/product\/tomintoul-30-yo-robert-fleming-30th-anniversary\/"},"modified":"2023-07-23T13:42:37","modified_gmt":"2023-07-23T12:42:37","slug":"tomintoul-30-yo-robert-fleming-30th-anniversary","status":"publish","type":"product","link":"https:\/\/whisky.ad\/fr\/produit\/tomintoul-30-yo-robert-fleming-30th-anniversary\/","title":{"rendered":"Tomintoul 30 YO Robert Fleming 30th Anniversary"},"content":{"rendered":"","protected":false},"excerpt":{"rendered":"<p><strong>Speyside Single Malt Scotch Whisky Distillery Bottling 70cl \/ 49.7%<\/strong><\/p>\n<div class=\"flex flex-grow flex-col gap-3\">\n<div class=\"min-h-[20px] flex items-start overflow-x-auto whitespace-pre-wrap break-words flex-col gap-4\">\n<div class=\"markdown prose w-full break-words dark:prose-invert light\">\n<p>Pr\u00e9sentation d&#8217;un single malt Tomintoul robuste et cors\u00e9, vieilli gracieusement pendant trois d\u00e9cennies impressionnantes dans un seul ex-f\u00fbt de bourbon, avant sa mise en bouteille m\u00e9morable en ao\u00fbt 2021. Cette version sp\u00e9ciale comm\u00e9more le 30e anniversaire du r\u00f4le du ma\u00eetre distillateur Robert Fleming en tant que d\u00e9positaire. de la prestigieuse distillerie Tomintoul. Le nez de ce whisky exquis est rempli d&#8217;ar\u00f4mes captivants, notamment de prune acidul\u00e9e et d&#8217;\u00e9corce d&#8217;orange confite, suivis de la douceur du miel d&#8217;acacia, rappelant les p\u00e2tisseries \u00e0 la cannelle fra\u00eechement sorties du four. L&#8217;ajout de notes de gingembre et d&#8217;agrumes cr\u00e9e un bouquet harmonieux et s\u00e9duisant. Alors que le liquide caresse le palais, de d\u00e9licieuses saveurs de poires poch\u00e9es, de strudel aux pommes et de citrons confits occupent le devant de la sc\u00e8ne, accompagn\u00e9es de la pr\u00e9sence r\u00e9confortante du ch\u00eane grill\u00e9. Des notes de drag\u00e9es et de raisins secs ajoutent une touche d\u00e9licieuse \u00e0 ce voyage sensoriel. Notes de d\u00e9gustation : Nez : Le nez d\u00e9voile une d\u00e9licieuse fusion de fruits \u00e0 noyau acidul\u00e9s et d&#8217;\u00e9corces confites, se m\u00ealant harmonieusement \u00e0 la douceur du miel d&#8217;acacia. L&#8217;attrait des p\u00e2tisseries danoises \u00e0 la cannelle et le piquant de la tige de gingembre sont parfaitement compl\u00e9t\u00e9s par de subtiles notes d&#8217;agrumes. Bouche : La bouche est une symphonie riche et \u00e9tag\u00e9e, agr\u00e9ment\u00e9e de notes de poires tendrement poch\u00e9es, de l&#8217;essence r\u00e9confortante du strudel aux pommes et de la saveur des citrons confits. Des notes de sirop dor\u00e9 et de ronce se m\u00ealent \u00e0 la douce chaleur du clou de girofle et du ch\u00eane grill\u00e9. Finale : La grande finale laisse une impression durable de doux pain aux raisins et de drag\u00e9es, accompagn\u00e9e de l&#8217;\u00e9treinte d\u00e9licate du miel de fleurs et des \u00e9pices \u00e0 p\u00e2tisserie persistantes, assurant un arri\u00e8re-go\u00fbt m\u00e9morable et gratifiant. <\/p>\n<\/div>\n<\/div>\n<\/div>\n<div class=\"flex justify-between lg:block\">\n<div class=\"text-gray-400 flex self-end lg:self-center justify-center mt-2 gap-2 md:gap-3 lg:gap-1 lg:absolute lg:top-0 lg:translate-x-full lg:right-0 lg:mt-0 lg:pl-2 visible\"><\/div>\n<\/div>\n<div class=\"flex-1 overflow-hidden\">\n<div class=\"react-scroll-to-bottom--css-duqcx-79elbk h-full dark:bg-gray-800\">\n<div class=\"react-scroll-to-bottom--css-duqcx-1n7m0yu\">\n<div class=\"flex flex-col h-full text-sm dark:bg-gray-800\">\n<div class=\"h-32 md:h-48 flex-shrink-0\"><\/div>\n<\/div>\n<\/div>\n<\/div>\n<\/div>\n<div class=\"absolute bottom-0 left-0 w-full border-t md:border-t-0 dark:border-white\/20 md:border-transparent md:dark:border-transparent md:bg-vert-light-gradient bg-white dark:bg-gray-800 md:!bg-transparent dark:md:bg-vert-dark-gradient pt-2 md:pl-2 md:w-[calc(100%-.5rem)]\">\n<form class=\"stretch mx-2 flex flex-row gap-3 last:mb-2 md:mx-4 md:last:mb-6 lg:mx-auto lg:max-w-2xl xl:max-w-3xl\">\n<div class=\"relative flex h-full flex-1 items-stretch md:flex-col\" role=\"presentation\">\n<div class=\"\">\n<div class=\"h-full flex ml-1 md:w-full md:m-auto md:mb-2 gap-0 md:gap-2 justify-center\"><\/div>\n<\/div>\n<\/div>\n<\/form>\n<\/div>\n","protected":false},"featured_media":76405,"comment_status":"open","ping_status":"closed","template":"","meta":{"_acf_changed":false},"product_brand":[],"product_cat":[539,317,341,357],"product_tag":[],"class_list":{"0":"post-79117","1":"product","2":"type-product","3":"status-publish","4":"has-post-thumbnail","6":"product_cat-tomintoul-fr","7":"product_cat-ecosse","8":"product_cat-rare-de-collection","9":"product_cat-whisky-by-brand-fr","11":"first","12":"instock","13":"taxable","14":"shipping-taxable","15":"product-type-simple"},"acf":[],"aioseo_notices":[],"jetpack_sharing_enabled":true,"_links":{"self":[{"href":"https:\/\/whisky.ad\/fr\/wp-json\/wp\/v2\/product\/79117","targetHints":{"allow":["GET"]}}],"collection":[{"href":"https:\/\/whisky.ad\/fr\/wp-json\/wp\/v2\/product"}],"about":[{"href":"https:\/\/whisky.ad\/fr\/wp-json\/wp\/v2\/types\/product"}],"replies":[{"embeddable":true,"href":"https:\/\/whisky.ad\/fr\/wp-json\/wp\/v2\/comments?post=79117"}],"wp:featuredmedia":[{"embeddable":true,"href":"https:\/\/whisky.ad\/fr\/wp-json\/wp\/v2\/media\/76405"}],"wp:attachment":[{"href":"https:\/\/whisky.ad\/fr\/wp-json\/wp\/v2\/media?parent=79117"}],"wp:term":[{"taxonomy":"product_brand","embeddable":true,"href":"https:\/\/whisky.ad\/fr\/wp-json\/wp\/v2\/product_brand?post=79117"},{"taxonomy":"product_cat","embeddable":true,"href":"https:\/\/whisky.ad\/fr\/wp-json\/wp\/v2\/product_cat?post=79117"},{"taxonomy":"product_tag","embeddable":true,"href":"https:\/\/whisky.ad\/fr\/wp-json\/wp\/v2\/product_tag?post=79117"}],"curies":[{"name":"wp","href":"https:\/\/api.w.org\/{rel}","templated":true}]}}