{"id":79114,"date":"2023-08-25T10:01:06","date_gmt":"2023-08-25T09:01:06","guid":{"rendered":"https:\/\/whisky.ad\/product\/tomintoul-25-years-old\/"},"modified":"2024-01-08T12:47:12","modified_gmt":"2024-01-08T11:47:12","slug":"tomintoul-25-years-old","status":"publish","type":"product","link":"https:\/\/whisky.ad\/fr\/produit\/tomintoul-25-years-old\/","title":{"rendered":"Tomintoul 25 Years Old (contact us!)"},"content":{"rendered":"","protected":false},"excerpt":{"rendered":"<p>Avec une attention m\u00e9ticuleuse, le ma\u00eetre distillateur, Robert Fleming, a choisi les meilleurs f\u00fbts de Tomintoul pour \u00e9laborer ce single malt exquis et harmonieusement complexe. Apr\u00e8s avoir vieilli dans les meilleurs f\u00fbts de bourbon, Tomintoul 25 ans se pr\u00e9sente d\u00e9sormais comme un whisky audacieusement savoureux et fruit\u00e9, dot\u00e9 d&#8217;une finale persistante. Cet extraordinaire single malt a \u00e9t\u00e9 honor\u00e9 du titre de Meilleur Scotch Whisky au Global Spirits Masters 2020.<\/p>\n","protected":false},"featured_media":77143,"comment_status":"open","ping_status":"closed","template":"","meta":{"_acf_changed":false},"product_brand":[],"product_cat":[317,341,539],"product_tag":[],"class_list":{"0":"post-79114","1":"product","2":"type-product","3":"status-publish","4":"has-post-thumbnail","6":"product_cat-ecosse","7":"product_cat-rare-de-collection","8":"product_cat-tomintoul-fr","10":"first","11":"instock","12":"taxable","13":"shipping-taxable","14":"product-type-simple"},"acf":[],"aioseo_notices":[],"jetpack_sharing_enabled":true,"_links":{"self":[{"href":"https:\/\/whisky.ad\/fr\/wp-json\/wp\/v2\/product\/79114","targetHints":{"allow":["GET"]}}],"collection":[{"href":"https:\/\/whisky.ad\/fr\/wp-json\/wp\/v2\/product"}],"about":[{"href":"https:\/\/whisky.ad\/fr\/wp-json\/wp\/v2\/types\/product"}],"replies":[{"embeddable":true,"href":"https:\/\/whisky.ad\/fr\/wp-json\/wp\/v2\/comments?post=79114"}],"wp:featuredmedia":[{"embeddable":true,"href":"https:\/\/whisky.ad\/fr\/wp-json\/wp\/v2\/media\/77143"}],"wp:attachment":[{"href":"https:\/\/whisky.ad\/fr\/wp-json\/wp\/v2\/media?parent=79114"}],"wp:term":[{"taxonomy":"product_brand","embeddable":true,"href":"https:\/\/whisky.ad\/fr\/wp-json\/wp\/v2\/product_brand?post=79114"},{"taxonomy":"product_cat","embeddable":true,"href":"https:\/\/whisky.ad\/fr\/wp-json\/wp\/v2\/product_cat?post=79114"},{"taxonomy":"product_tag","embeddable":true,"href":"https:\/\/whisky.ad\/fr\/wp-json\/wp\/v2\/product_tag?post=79114"}],"curies":[{"name":"wp","href":"https:\/\/api.w.org\/{rel}","templated":true}]}}