{"id":79110,"date":"2023-08-25T09:59:41","date_gmt":"2023-08-25T08:59:41","guid":{"rendered":"https:\/\/whisky.ad\/product\/tomintoul-21-years-old\/"},"modified":"2024-01-08T12:48:27","modified_gmt":"2024-01-08T11:48:27","slug":"tomintoul-21-years-old","status":"publish","type":"product","link":"https:\/\/whisky.ad\/fr\/produit\/tomintoul-21-years-old\/","title":{"rendered":"Tomintoul 21 Years Old (contact us!)"},"content":{"rendered":"","protected":false},"excerpt":{"rendered":"<p>Le ma\u00eetre distillateur qualifi\u00e9, Robert Fleming, choisit soigneusement des f\u00fbts de ch\u00eane am\u00e9ricain de la plus haute qualit\u00e9 pour faire vieillir le whisky \u00e9cossais single malt Tomintoul 21 ans d&#8217;\u00e2ge. Le r\u00e9sultat est un single malt complexe et acclam\u00e9 par la critique, offrant une richesse d&#8217;ar\u00f4mes, notamment des agrumes piquants, une saveur de caramel d\u00e9licieusement chaleureuse et culminant dans une finale l\u00e9g\u00e8rement \u00e9pic\u00e9e.<\/p>\n","protected":false},"featured_media":77146,"comment_status":"open","ping_status":"closed","template":"","meta":{"_acf_changed":false},"product_brand":[],"product_cat":[317,341,539],"product_tag":[],"class_list":{"0":"post-79110","1":"product","2":"type-product","3":"status-publish","4":"has-post-thumbnail","6":"product_cat-ecosse","7":"product_cat-rare-de-collection","8":"product_cat-tomintoul-fr","10":"first","11":"instock","12":"taxable","13":"shipping-taxable","14":"product-type-simple"},"acf":[],"aioseo_notices":[],"jetpack_sharing_enabled":true,"_links":{"self":[{"href":"https:\/\/whisky.ad\/fr\/wp-json\/wp\/v2\/product\/79110","targetHints":{"allow":["GET"]}}],"collection":[{"href":"https:\/\/whisky.ad\/fr\/wp-json\/wp\/v2\/product"}],"about":[{"href":"https:\/\/whisky.ad\/fr\/wp-json\/wp\/v2\/types\/product"}],"replies":[{"embeddable":true,"href":"https:\/\/whisky.ad\/fr\/wp-json\/wp\/v2\/comments?post=79110"}],"wp:featuredmedia":[{"embeddable":true,"href":"https:\/\/whisky.ad\/fr\/wp-json\/wp\/v2\/media\/77146"}],"wp:attachment":[{"href":"https:\/\/whisky.ad\/fr\/wp-json\/wp\/v2\/media?parent=79110"}],"wp:term":[{"taxonomy":"product_brand","embeddable":true,"href":"https:\/\/whisky.ad\/fr\/wp-json\/wp\/v2\/product_brand?post=79110"},{"taxonomy":"product_cat","embeddable":true,"href":"https:\/\/whisky.ad\/fr\/wp-json\/wp\/v2\/product_cat?post=79110"},{"taxonomy":"product_tag","embeddable":true,"href":"https:\/\/whisky.ad\/fr\/wp-json\/wp\/v2\/product_tag?post=79110"}],"curies":[{"name":"wp","href":"https:\/\/api.w.org\/{rel}","templated":true}]}}