{"id":79107,"date":"2023-11-18T11:40:20","date_gmt":"2023-11-18T10:40:20","guid":{"rendered":"https:\/\/whisky.ad\/product\/strathcolm-extra-special-single-grain-07l-40\/"},"modified":"2023-11-18T11:40:20","modified_gmt":"2023-11-18T10:40:20","slug":"strathcolm-extra-special-single-grain-07l-40","status":"publish","type":"product","link":"https:\/\/whisky.ad\/fr\/produit\/strathcolm-extra-special-single-grain-07l-40\/","title":{"rendered":"Strathcolm Extra Special Single Grain 0,7l 40%"},"content":{"rendered":"","protected":false},"excerpt":{"rendered":"<p>Ce whisky monograine particulier a subi une maturation dans d&#8217;anciens f\u00fbts de bourbon. Il pr\u00e9sente les traits l\u00e9gers et floraux habituels des whiskies de grain, rehauss\u00e9s par les \u00e9l\u00e9ments suppl\u00e9mentaires d&#8217;\u00e9pices, de caramel et de vanille d\u00e9riv\u00e9s des f\u00fbts de bourbon. <\/p>\n","protected":false},"featured_media":77689,"comment_status":"open","ping_status":"closed","template":"","meta":{"_acf_changed":false},"product_brand":[],"product_cat":[317,483],"product_tag":[],"class_list":{"0":"post-79107","1":"product","2":"type-product","3":"status-publish","4":"has-post-thumbnail","6":"product_cat-ecosse","7":"product_cat-strathcolm-fr","9":"first","10":"instock","11":"taxable","12":"shipping-taxable","13":"purchasable","14":"product-type-simple"},"acf":[],"aioseo_notices":[],"jetpack_sharing_enabled":true,"_links":{"self":[{"href":"https:\/\/whisky.ad\/fr\/wp-json\/wp\/v2\/product\/79107","targetHints":{"allow":["GET"]}}],"collection":[{"href":"https:\/\/whisky.ad\/fr\/wp-json\/wp\/v2\/product"}],"about":[{"href":"https:\/\/whisky.ad\/fr\/wp-json\/wp\/v2\/types\/product"}],"replies":[{"embeddable":true,"href":"https:\/\/whisky.ad\/fr\/wp-json\/wp\/v2\/comments?post=79107"}],"wp:featuredmedia":[{"embeddable":true,"href":"https:\/\/whisky.ad\/fr\/wp-json\/wp\/v2\/media\/77689"}],"wp:attachment":[{"href":"https:\/\/whisky.ad\/fr\/wp-json\/wp\/v2\/media?parent=79107"}],"wp:term":[{"taxonomy":"product_brand","embeddable":true,"href":"https:\/\/whisky.ad\/fr\/wp-json\/wp\/v2\/product_brand?post=79107"},{"taxonomy":"product_cat","embeddable":true,"href":"https:\/\/whisky.ad\/fr\/wp-json\/wp\/v2\/product_cat?post=79107"},{"taxonomy":"product_tag","embeddable":true,"href":"https:\/\/whisky.ad\/fr\/wp-json\/wp\/v2\/product_tag?post=79107"}],"curies":[{"name":"wp","href":"https:\/\/api.w.org\/{rel}","templated":true}]}}