{"id":79104,"date":"2023-11-18T11:42:06","date_gmt":"2023-11-18T10:42:06","guid":{"rendered":"https:\/\/whisky.ad\/product\/strathcolm-8yo-single-grain-07l-40\/"},"modified":"2023-11-18T11:42:06","modified_gmt":"2023-11-18T10:42:06","slug":"strathcolm-8yo-single-grain-07l-40","status":"publish","type":"product","link":"https:\/\/whisky.ad\/fr\/produit\/strathcolm-8yo-single-grain-07l-40\/","title":{"rendered":"Strathcolm 8yo Single Grain 0,7l 40%"},"content":{"rendered":"","protected":false},"excerpt":{"rendered":"<p>Le Strathcolm Single Grain 8 Years a \u00e9t\u00e9 \u00e9labor\u00e9 en utilisant uniquement les meilleurs bl\u00e9s et orge malt\u00e9s. C&#8217;est un type de whisky produit par la distillerie Strathcolm en \u00c9cosse. R\u00e9put\u00e9 pour sa douceur et sa douceur, il pr\u00e9sente des notes de vanille, de caramel et de toffee.  <\/p>\n","protected":false},"featured_media":77692,"comment_status":"open","ping_status":"closed","template":"","meta":{"_acf_changed":false},"product_brand":[],"product_cat":[317,483],"product_tag":[],"class_list":{"0":"post-79104","1":"product","2":"type-product","3":"status-publish","4":"has-post-thumbnail","6":"product_cat-ecosse","7":"product_cat-strathcolm-fr","9":"first","10":"instock","11":"taxable","12":"shipping-taxable","13":"purchasable","14":"product-type-simple"},"acf":[],"aioseo_notices":[],"jetpack_sharing_enabled":true,"_links":{"self":[{"href":"https:\/\/whisky.ad\/fr\/wp-json\/wp\/v2\/product\/79104","targetHints":{"allow":["GET"]}}],"collection":[{"href":"https:\/\/whisky.ad\/fr\/wp-json\/wp\/v2\/product"}],"about":[{"href":"https:\/\/whisky.ad\/fr\/wp-json\/wp\/v2\/types\/product"}],"replies":[{"embeddable":true,"href":"https:\/\/whisky.ad\/fr\/wp-json\/wp\/v2\/comments?post=79104"}],"wp:featuredmedia":[{"embeddable":true,"href":"https:\/\/whisky.ad\/fr\/wp-json\/wp\/v2\/media\/77692"}],"wp:attachment":[{"href":"https:\/\/whisky.ad\/fr\/wp-json\/wp\/v2\/media?parent=79104"}],"wp:term":[{"taxonomy":"product_brand","embeddable":true,"href":"https:\/\/whisky.ad\/fr\/wp-json\/wp\/v2\/product_brand?post=79104"},{"taxonomy":"product_cat","embeddable":true,"href":"https:\/\/whisky.ad\/fr\/wp-json\/wp\/v2\/product_cat?post=79104"},{"taxonomy":"product_tag","embeddable":true,"href":"https:\/\/whisky.ad\/fr\/wp-json\/wp\/v2\/product_tag?post=79104"}],"curies":[{"name":"wp","href":"https:\/\/api.w.org\/{rel}","templated":true}]}}