{"id":79101,"date":"2023-11-18T11:42:50","date_gmt":"2023-11-18T10:42:50","guid":{"rendered":"https:\/\/whisky.ad\/product\/strathcolm-12yo-single-grain-07l-40\/"},"modified":"2023-11-18T11:42:50","modified_gmt":"2023-11-18T10:42:50","slug":"strathcolm-12yo-single-grain-07l-40","status":"publish","type":"product","link":"https:\/\/whisky.ad\/fr\/produit\/strathcolm-12yo-single-grain-07l-40\/","title":{"rendered":"Strathcolm 12yo Single Grain 0,7l 40%"},"content":{"rendered":"","protected":false},"excerpt":{"rendered":"<p>Le Strathcolm Single Grain 12 Ans est un whisky \u00e9cossais \u00e9labor\u00e9 \u00e0 partir d&#8217;un grain unique et vieilli en f\u00fbts de ch\u00eane am\u00e9ricain, conf\u00e9rant \u00e0 sa saveur une couleur ambr\u00e9e intense et une d\u00e9licieuse note de vanille. Lors du San Francisco Spirits Competition 2017, il a re\u00e7u la m\u00e9daille d&#8217;argent. <\/p>\n","protected":false},"featured_media":77695,"comment_status":"open","ping_status":"closed","template":"","meta":{"_acf_changed":false},"product_brand":[],"product_cat":[317,483],"product_tag":[],"class_list":{"0":"post-79101","1":"product","2":"type-product","3":"status-publish","4":"has-post-thumbnail","6":"product_cat-ecosse","7":"product_cat-strathcolm-fr","9":"first","10":"outofstock","11":"taxable","12":"shipping-taxable","13":"purchasable","14":"product-type-simple"},"acf":[],"aioseo_notices":[],"jetpack_sharing_enabled":true,"_links":{"self":[{"href":"https:\/\/whisky.ad\/fr\/wp-json\/wp\/v2\/product\/79101","targetHints":{"allow":["GET"]}}],"collection":[{"href":"https:\/\/whisky.ad\/fr\/wp-json\/wp\/v2\/product"}],"about":[{"href":"https:\/\/whisky.ad\/fr\/wp-json\/wp\/v2\/types\/product"}],"replies":[{"embeddable":true,"href":"https:\/\/whisky.ad\/fr\/wp-json\/wp\/v2\/comments?post=79101"}],"wp:featuredmedia":[{"embeddable":true,"href":"https:\/\/whisky.ad\/fr\/wp-json\/wp\/v2\/media\/77695"}],"wp:attachment":[{"href":"https:\/\/whisky.ad\/fr\/wp-json\/wp\/v2\/media?parent=79101"}],"wp:term":[{"taxonomy":"product_brand","embeddable":true,"href":"https:\/\/whisky.ad\/fr\/wp-json\/wp\/v2\/product_brand?post=79101"},{"taxonomy":"product_cat","embeddable":true,"href":"https:\/\/whisky.ad\/fr\/wp-json\/wp\/v2\/product_cat?post=79101"},{"taxonomy":"product_tag","embeddable":true,"href":"https:\/\/whisky.ad\/fr\/wp-json\/wp\/v2\/product_tag?post=79101"}],"curies":[{"name":"wp","href":"https:\/\/api.w.org\/{rel}","templated":true}]}}