{"id":79097,"date":"2023-08-28T10:22:50","date_gmt":"2023-08-28T09:22:50","guid":{"rendered":"https:\/\/whisky.ad\/product\/southern-comfort-original-35-0-7l\/"},"modified":"2023-08-28T10:22:50","modified_gmt":"2023-08-28T09:22:50","slug":"southern-comfort-original-35-0-7l","status":"publish","type":"product","link":"https:\/\/whisky.ad\/fr\/produit\/southern-comfort-original-35-0-7l\/","title":{"rendered":"Southern Comfort Original 35% 0.7l"},"content":{"rendered":"","protected":false},"excerpt":{"rendered":"<p>*Southern Comfort Original : Un classique intemporel** Southern Comfort Original est une v\u00e9ritable ic\u00f4ne dans le monde des spiritueux, r\u00e9put\u00e9e pour sa riche histoire et son profil de saveur unique. Depuis sa cr\u00e9ation en 1874, il est rest\u00e9 un symbole de qualit\u00e9 et d&#8217;innovation in\u00e9branlable, r\u00e9sistant \u00e0 l&#8217;\u00e9preuve du temps en tant que spiritueux appr\u00e9ci\u00e9 et polyvalent. Fabriqu\u00e9 avec le m\u00e9lange parfait de whisky, de fruits et d&#8217;\u00e9pices, Southern Comfort Original offre un go\u00fbt distinctif doux, savoureux et invitant. Sa cr\u00e9ation a \u00e9t\u00e9 motiv\u00e9e par la vision de M.W. Heron, un homme qui a os\u00e9 d\u00e9fier les conventions et a cherch\u00e9 \u00e0 red\u00e9finir ce que pouvait \u00eatre le whisky. Cette recette originale est n\u00e9e du d\u00e9sir de cr\u00e9er un whisky diff\u00e9rent de la norme, ni \u00e2pre ni accablant, mais plut\u00f4t doux, facile \u00e0 vivre et d\u00e9licieux. La s\u00e9lection minutieuse et le m\u00e9lange de fruits \u00e0 noyau et d&#8217;\u00e9pices par M.W. Heron ont abouti \u00e0 une saveur v\u00e9ritablement r\u00e9volutionnaire \u00e0 l&#8217;\u00e9poque, ouvrant la voie \u00e0 l&#8217;h\u00e9ritage durable de Southern Comfort. La polyvalence de Southern Comfort Original est vraiment remarquable. Il t\u00e9moigne de l&#8217;adaptabilit\u00e9 du spiritueux, qu&#8217;il soit d\u00e9gust\u00e9 seul sur de la glace, m\u00e9lang\u00e9 \u00e0 un cocktail classique ou incorpor\u00e9 \u00e0 des boissons modernes et innovantes. Sa capacit\u00e9 \u00e0 se m\u00e9langer harmonieusement avec une vari\u00e9t\u00e9 de m\u00e9langeurs et de saveurs en a fait un favori parmi les barmans et les passionn\u00e9s, ajoutant constamment une touche d&#8217;hospitalit\u00e9 du Sud \u00e0 toute r\u00e9union. L&#8217;h\u00e9ritage de Southern Comfort Original est non seulement marqu\u00e9 par son go\u00fbt exceptionnel mais aussi par son lien profond avec l&#8217;histoire et la culture. De son r\u00f4le de symbole de guerre \u00e0 sa pr\u00e9sence sur la sc\u00e8ne musicale et du divertissement, Southern Comfort s&#8217;est int\u00e9gr\u00e9 dans le tissu de la vie am\u00e9ricaine, repr\u00e9sentant un m\u00e9lange de tradition et de modernit\u00e9. Qu&#8217;il soit sirot\u00e9 lentement, d\u00e9gust\u00e9 dans un cocktail ou utilis\u00e9 comme ingr\u00e9dient dans des cr\u00e9ations culinaires, Southern Comfort Original continue de captiver et de ravir des g\u00e9n\u00e9rations d&#8217;amateurs de spiritueux. Son attrait intemporel rappelle que certaines choses sont tout simplement trop belles pour se d\u00e9moder, et il reste un v\u00e9ritable classique dans le monde des spiritueux.<\/p>\n","protected":false},"featured_media":77248,"comment_status":"open","ping_status":"closed","template":"","meta":{"_acf_changed":false},"product_brand":[],"product_cat":[377],"product_tag":[],"class_list":{"0":"post-79097","1":"product","2":"type-product","3":"status-publish","4":"has-post-thumbnail","6":"product_cat-kentucky-fr","8":"first","9":"instock","10":"taxable","11":"shipping-taxable","12":"purchasable","13":"product-type-simple"},"acf":[],"aioseo_notices":[],"jetpack_sharing_enabled":true,"_links":{"self":[{"href":"https:\/\/whisky.ad\/fr\/wp-json\/wp\/v2\/product\/79097","targetHints":{"allow":["GET"]}}],"collection":[{"href":"https:\/\/whisky.ad\/fr\/wp-json\/wp\/v2\/product"}],"about":[{"href":"https:\/\/whisky.ad\/fr\/wp-json\/wp\/v2\/types\/product"}],"replies":[{"embeddable":true,"href":"https:\/\/whisky.ad\/fr\/wp-json\/wp\/v2\/comments?post=79097"}],"wp:featuredmedia":[{"embeddable":true,"href":"https:\/\/whisky.ad\/fr\/wp-json\/wp\/v2\/media\/77248"}],"wp:attachment":[{"href":"https:\/\/whisky.ad\/fr\/wp-json\/wp\/v2\/media?parent=79097"}],"wp:term":[{"taxonomy":"product_brand","embeddable":true,"href":"https:\/\/whisky.ad\/fr\/wp-json\/wp\/v2\/product_brand?post=79097"},{"taxonomy":"product_cat","embeddable":true,"href":"https:\/\/whisky.ad\/fr\/wp-json\/wp\/v2\/product_cat?post=79097"},{"taxonomy":"product_tag","embeddable":true,"href":"https:\/\/whisky.ad\/fr\/wp-json\/wp\/v2\/product_tag?post=79097"}],"curies":[{"name":"wp","href":"https:\/\/api.w.org\/{rel}","templated":true}]}}