{"id":79094,"date":"2023-08-28T10:24:40","date_gmt":"2023-08-28T09:24:40","guid":{"rendered":"https:\/\/whisky.ad\/product\/southern-comfort-black-40-1l\/"},"modified":"2023-08-28T10:24:40","modified_gmt":"2023-08-28T09:24:40","slug":"southern-comfort-black-40-1l","status":"publish","type":"product","link":"https:\/\/whisky.ad\/fr\/produit\/southern-comfort-black-40-1l\/","title":{"rendered":"Southern Comfort Black 40% 1l"},"content":{"rendered":"","protected":false},"excerpt":{"rendered":"<p>**Southern Comfort Black : une \u00e9volution audacieuse** Southern Comfort Black appara\u00eet comme une \u00e9volution audacieuse de l&#8217;original classique, red\u00e9finissant les limites de la saveur et de l&#8217;exp\u00e9rience au sein de la famille Southern Comfort. Cette expression contemporaine rend hommage \u00e0 la tradition tout en adoptant un profil plus audacieux et plus riche qui r\u00e9sonne avec les pr\u00e9f\u00e9rences modernes. Avec sa teinte profonde et sombre et son caract\u00e8re intensifi\u00e9, Southern Comfort Black reprend l&#8217;essence distinctive de l&#8217;original et l&#8217;amplifie. Fabriqu\u00e9e avec la m\u00eame attention m\u00e9ticuleuse port\u00e9e \u00e0 la qualit\u00e9 qui d\u00e9finit Southern Comfort depuis des d\u00e9cennies, cette variante introduit une nouvelle dimension de complexit\u00e9 et de profondeur. Le m\u00e9lange de whisky, de fruits et d&#8217;\u00e9pices qui d\u00e9finit Southern Comfort Black est soigneusement s\u00e9lectionn\u00e9 pour trouver un \u00e9quilibre harmonieux entre tradition et innovation. Le r\u00e9sultat est un spiritueux qui poss\u00e8de la chaleur et le confort familiers de l&#8217;original, tout en offrant \u00e9galement un jeu fascinant de saveurs et d&#8217;ar\u00f4mes plus profonds. Id\u00e9al pour ceux qui recherchent une exp\u00e9rience gustative plus intense et plus robuste, Southern Comfort Black capture l&#8217;essence de la confiance et de la sophistication. Sa polyvalence reste la pierre angulaire de l&#8217;h\u00e9ritage de Southern Comfort, garantissant qu&#8217;il peut \u00eatre savour\u00e9 pur, sur glace ou comme ingr\u00e9dient cl\u00e9 dans des cocktails contemporains qui exigent une touche audacieuse. Dans un monde o\u00f9 les go\u00fbts sont en constante \u00e9volution, Southern Comfort Black t\u00e9moigne de l&#8217;engagement de la marque \u00e0 accepter le changement tout en restant fid\u00e8le \u00e0 son h\u00e9ritage. C&#8217;est un hommage aux esprits audacieux qui ont ouvert la voie auparavant et une invitation aux aventuriers modernes \u00e0 explorer les profondeurs de saveurs que Southern Comfort peut offrir. Qu&#8217;il soit appr\u00e9ci\u00e9 lors de moments de r\u00e9flexion, de c\u00e9l\u00e9brations partag\u00e9es ou d&#8217;exp\u00e9riences de mixologie innovantes, Southern Comfort Black invite les passionn\u00e9s \u00e0 d\u00e9couvrir une nouvelle interpr\u00e9tation d&#8217;un classique intemporel. C&#8217;est un clin d&#8217;\u0153il au pass\u00e9 et un toast au futur, qui r\u00e9sume l&#8217;esprit du voyage continu de d\u00e9couverte de Southern Comfort.<\/p>\n","protected":false},"featured_media":77251,"comment_status":"open","ping_status":"closed","template":"","meta":{"_acf_changed":false},"product_brand":[],"product_cat":[377],"product_tag":[],"class_list":{"0":"post-79094","1":"product","2":"type-product","3":"status-publish","4":"has-post-thumbnail","6":"product_cat-kentucky-fr","8":"first","9":"instock","10":"taxable","11":"shipping-taxable","12":"purchasable","13":"product-type-simple"},"acf":[],"aioseo_notices":[],"jetpack_sharing_enabled":true,"_links":{"self":[{"href":"https:\/\/whisky.ad\/fr\/wp-json\/wp\/v2\/product\/79094","targetHints":{"allow":["GET"]}}],"collection":[{"href":"https:\/\/whisky.ad\/fr\/wp-json\/wp\/v2\/product"}],"about":[{"href":"https:\/\/whisky.ad\/fr\/wp-json\/wp\/v2\/types\/product"}],"replies":[{"embeddable":true,"href":"https:\/\/whisky.ad\/fr\/wp-json\/wp\/v2\/comments?post=79094"}],"wp:featuredmedia":[{"embeddable":true,"href":"https:\/\/whisky.ad\/fr\/wp-json\/wp\/v2\/media\/77251"}],"wp:attachment":[{"href":"https:\/\/whisky.ad\/fr\/wp-json\/wp\/v2\/media?parent=79094"}],"wp:term":[{"taxonomy":"product_brand","embeddable":true,"href":"https:\/\/whisky.ad\/fr\/wp-json\/wp\/v2\/product_brand?post=79094"},{"taxonomy":"product_cat","embeddable":true,"href":"https:\/\/whisky.ad\/fr\/wp-json\/wp\/v2\/product_cat?post=79094"},{"taxonomy":"product_tag","embeddable":true,"href":"https:\/\/whisky.ad\/fr\/wp-json\/wp\/v2\/product_tag?post=79094"}],"curies":[{"name":"wp","href":"https:\/\/api.w.org\/{rel}","templated":true}]}}