{"id":79072,"date":"2023-07-25T12:47:28","date_gmt":"2023-07-25T11:47:28","guid":{"rendered":"https:\/\/whisky.ad\/product\/san-in-regular-whisky-40-0-7l\/"},"modified":"2023-07-25T12:47:28","modified_gmt":"2023-07-25T11:47:28","slug":"san-in-regular-whisky-40-0-7l","status":"publish","type":"product","link":"https:\/\/whisky.ad\/fr\/produit\/san-in-regular-whisky-40-0-7l\/","title":{"rendered":"SAN-IN REGULAR WHISKY 40% 0.7L"},"content":{"rendered":"","protected":false},"excerpt":{"rendered":"<div class=\"flex flex-grow flex-col gap-3\">\n<div class=\"min-h-[20px] flex items-start overflow-x-auto whitespace-pre-wrap break-words flex-col gap-4\">\n<div class=\"markdown prose w-full break-words dark:prose-invert light\">\n<p>La distillerie Kurayoshi, situ\u00e9e dans la ville qui porte son nom dans la pr\u00e9fecture de Tottori, fabrique des spiritueux japonais depuis 1910. Cette microdistillerie a marqu\u00e9 l&#8217;industrie en produisant une vari\u00e9t\u00e9 de boissons exquises, notamment du sak\u00e9, du shochu et du brandy, combinant des techniques traditionnelles. avec des approches innovantes. B\u00e9n\u00e9ficiant de sa proximit\u00e9 avec le Mont Daisen, la distillerie a le privil\u00e8ge de tirer de l&#8217;eau fra\u00eeche des abondantes chutes de neige de cette majestueuse montagne. Cette eau pure ajoute un \u00e9l\u00e9ment distinctif \u00e0 vos cr\u00e9ations, contribuant \u00e0 la qualit\u00e9 exceptionnelle de vos spiritueux. Les whiskies issus de la distillerie Kurayoshi ont suscit\u00e9 de nombreux \u00e9loges lors de concours internationaux, impressionn\u00e9 des jurys exigeants et accumul\u00e9 de nombreuses r\u00e9compenses, notamment lors de d\u00e9gustations \u00e0 l&#8217;aveugle r\u00e9put\u00e9es pour leur exigence minutieuse. Cependant, du fait de son attachement \u00e0 une production artisanale, la production de la distillerie reste limit\u00e9e, d&#8217;o\u00f9 un stock pr\u00e9cieux et rare. <\/p>\n<div class=\"flex flex-grow flex-col gap-3\">\n<div class=\"min-h-[20px] flex items-start overflow-x-auto whitespace-pre-wrap break-words flex-col gap-4\">\n<div class=\"markdown prose w-full break-words dark:prose-invert light\">\n<p>Le San-In, une gamme distingu\u00e9e de whisky m\u00e9lang\u00e9s issue de la distillerie Kurayoshi, est m\u00e9ticuleusement \u00e9labor\u00e9 avec deux r\u00e9f\u00e9rences distinctes. Gr\u00e2ce \u00e0 un vieillissement minutieux en f\u00fbt, le whisky japonais San-In Blended a acquis de d\u00e9licieuses notes vanill\u00e9es et fruit\u00e9es, culminant en un go\u00fbt de poire persistant en finale. Situ\u00e9e dans la ville pittoresque de Kurayoshi, dans la pr\u00e9fecture de Tottori, dans l&#8217;ouest du Japon, la distillerie est entour\u00e9e d&#8217;une campagne sereine, offrant un acc\u00e8s \u00e0 de l&#8217;eau pure provenant g\u00e9n\u00e9reusement des chutes de neige de la majestueuse cha\u00eene de montagnes Daisen. La temp\u00e9rature annuelle \u00e9lev\u00e9e de la r\u00e9gion joue un r\u00f4le crucial dans le processus de vieillissement du whisky, am\u00e9liorant ses saveurs et sa complexit\u00e9. De plus, l&#8217;eau souterraine pure de Daisen Mountain contribue au caract\u00e8re doux et moelleux du whisky, ce qui en fait une exp\u00e9rience d\u00e9licieuse et rafra\u00eechissante pour les connaisseurs de spiritueux fins.<\/p>\n<div class=\"flex flex-grow flex-col gap-3\">\n<div class=\"min-h-[20px] flex items-start overflow-x-auto whitespace-pre-wrap break-words flex-col gap-4\">\n<div class=\"markdown prose w-full break-words dark:prose-invert light\">\n<p>Notes de saveur :<\/p>\n<ul>\n<li>Aspect : Pr\u00e9sentant une teinte captivante, combinant un brun riche avec des reflets dor\u00e9s.<\/li>\n<li>Nez : Un d\u00e9licieux m\u00e9lange d\u2019ar\u00f4mes de poire, de vanille et d\u2019abricot remplit les sens.<\/li>\n<li>Bouche : La bouche offre un m\u00e9lange harmonieux de melon, de poire et une subtile touche de gingembre, compl\u00e9t\u00e9e par une pointe de vanille et une touche d&#8217;encens.<\/li>\n<li>Finale : La finale est impeccablement \u00e9quilibr\u00e9e, laissant une sensation chaleureuse et douce qui persiste avec gr\u00e2ce.<\/li>\n<\/ul>\n<\/div>\n<\/div>\n<\/div>\n<\/div>\n<\/div>\n<\/div>\n<\/div>\n<\/div>\n<\/div>\n","protected":false},"featured_media":76906,"comment_status":"open","ping_status":"closed","template":"","meta":{"_acf_changed":false},"product_brand":[],"product_cat":[357,479,508],"product_tag":[],"class_list":{"0":"post-79072","1":"product","2":"type-product","3":"status-publish","4":"has-post-thumbnail","6":"product_cat-whisky-by-brand-fr","7":"product_cat-san-in-fr-2","8":"product_cat-japan-fr","10":"first","11":"instock","12":"taxable","13":"shipping-taxable","14":"purchasable","15":"product-type-simple"},"acf":[],"aioseo_notices":[],"jetpack_sharing_enabled":true,"_links":{"self":[{"href":"https:\/\/whisky.ad\/fr\/wp-json\/wp\/v2\/product\/79072","targetHints":{"allow":["GET"]}}],"collection":[{"href":"https:\/\/whisky.ad\/fr\/wp-json\/wp\/v2\/product"}],"about":[{"href":"https:\/\/whisky.ad\/fr\/wp-json\/wp\/v2\/types\/product"}],"replies":[{"embeddable":true,"href":"https:\/\/whisky.ad\/fr\/wp-json\/wp\/v2\/comments?post=79072"}],"wp:featuredmedia":[{"embeddable":true,"href":"https:\/\/whisky.ad\/fr\/wp-json\/wp\/v2\/media\/76906"}],"wp:attachment":[{"href":"https:\/\/whisky.ad\/fr\/wp-json\/wp\/v2\/media?parent=79072"}],"wp:term":[{"taxonomy":"product_brand","embeddable":true,"href":"https:\/\/whisky.ad\/fr\/wp-json\/wp\/v2\/product_brand?post=79072"},{"taxonomy":"product_cat","embeddable":true,"href":"https:\/\/whisky.ad\/fr\/wp-json\/wp\/v2\/product_cat?post=79072"},{"taxonomy":"product_tag","embeddable":true,"href":"https:\/\/whisky.ad\/fr\/wp-json\/wp\/v2\/product_tag?post=79072"}],"curies":[{"name":"wp","href":"https:\/\/api.w.org\/{rel}","templated":true}]}}