{"id":79058,"date":"2018-11-13T17:52:29","date_gmt":"2018-11-13T16:52:29","guid":{"rendered":"https:\/\/whisky.ad\/product\/salmiakki-nordic-liquorice-liqueur-500ml-32-vol\/"},"modified":"2018-11-13T17:52:29","modified_gmt":"2018-11-13T16:52:29","slug":"salmiakki-nordic-liquorice-liqueur-500ml-32-vol","status":"publish","type":"product","link":"https:\/\/whisky.ad\/fr\/produit\/salmiakki-nordic-liquorice-liqueur-500ml-32-vol\/","title":{"rendered":"Salmiakki Nordic Liquorice Liqueur (500ml 32% vol.)"},"content":{"rendered":"","protected":false},"excerpt":{"rendered":"<p>Cette exquise liqueur de r\u00e9glisse nordique est l&#8217;association de saveurs sucr\u00e9es et am\u00e8res-sal\u00e9es, la r\u00e9glisse et l&#8217;anis se d\u00e9celent au go\u00fbt. La liqueur a \u00e9t\u00e9 \u00e9labor\u00e9e \u00e0 partir d&#8217;eau trait\u00e9e technologiquement, d&#8217;alcool de c\u00e9r\u00e9ales de haute qualit\u00e9, de sucre, de caramel au sucre, de salmiakki et d&#8217;ar\u00f4mes de r\u00e9glisse. <\/p>\n","protected":false},"featured_media":75745,"comment_status":"open","ping_status":"closed","template":"","meta":{"_acf_changed":false},"product_brand":[],"product_cat":[347,424],"product_tag":[536],"class_list":{"0":"post-79058","1":"product","2":"type-product","3":"status-publish","4":"has-post-thumbnail","6":"product_cat-spirits-fr","7":"product_cat-liqueur-fr","8":"product_tag-liquorice-fr","10":"first","11":"instock","12":"taxable","13":"shipping-taxable","14":"purchasable","15":"product-type-simple"},"acf":[],"aioseo_notices":[],"jetpack_sharing_enabled":true,"_links":{"self":[{"href":"https:\/\/whisky.ad\/fr\/wp-json\/wp\/v2\/product\/79058","targetHints":{"allow":["GET"]}}],"collection":[{"href":"https:\/\/whisky.ad\/fr\/wp-json\/wp\/v2\/product"}],"about":[{"href":"https:\/\/whisky.ad\/fr\/wp-json\/wp\/v2\/types\/product"}],"replies":[{"embeddable":true,"href":"https:\/\/whisky.ad\/fr\/wp-json\/wp\/v2\/comments?post=79058"}],"wp:featuredmedia":[{"embeddable":true,"href":"https:\/\/whisky.ad\/fr\/wp-json\/wp\/v2\/media\/75745"}],"wp:attachment":[{"href":"https:\/\/whisky.ad\/fr\/wp-json\/wp\/v2\/media?parent=79058"}],"wp:term":[{"taxonomy":"product_brand","embeddable":true,"href":"https:\/\/whisky.ad\/fr\/wp-json\/wp\/v2\/product_brand?post=79058"},{"taxonomy":"product_cat","embeddable":true,"href":"https:\/\/whisky.ad\/fr\/wp-json\/wp\/v2\/product_cat?post=79058"},{"taxonomy":"product_tag","embeddable":true,"href":"https:\/\/whisky.ad\/fr\/wp-json\/wp\/v2\/product_tag?post=79058"}],"curies":[{"name":"wp","href":"https:\/\/api.w.org\/{rel}","templated":true}]}}