{"id":79050,"date":"2020-01-12T11:03:29","date_gmt":"2020-01-12T10:03:29","guid":{"rendered":"https:\/\/whisky.ad\/product\/ruffino-riserva-ducale-chianti-classico-riserva-docg\/"},"modified":"2024-01-12T15:28:14","modified_gmt":"2024-01-12T14:28:14","slug":"ruffino-riserva-ducale-chianti-classico-riserva-docg","status":"publish","type":"product","link":"https:\/\/whisky.ad\/fr\/produit\/ruffino-riserva-ducale-chianti-classico-riserva-docg\/","title":{"rendered":"Ruffino Riserva Ducale Chianti Classico Riserva DOCG"},"content":{"rendered":"<p class=\"rating-heading\">92Points: The Tasting Panel, September 2017<\/p>\n<h5>-C\u00e9pages : 80% Sangiovese, Cabernet Sauvignon et Merlot -Couleur : rouge rubis profond. -Ar\u00f4me : Ce vin complexe se caract\u00e9rise par des notes de cerise et de violette avec de d\u00e9licates notes de tabac, de poivre blanc et une touche de silex. -Profil de d\u00e9gustation : Riserva Ducale Chianti Classico Riserva est bien \u00e9quilibr\u00e9 en bouche, avec des tanins velout\u00e9s, une acidit\u00e9 ferme et une finale persistante de romarin. Sa structure lui permettra de vieillir entre deux et cinq ans, voire plus. -Accords culinaires : D\u00e9gustez ce joyau toscan intemporel avec des plats italiens tels que le prosciutto et autres antipasti, le risotto aux champignons, les p\u00e2tes \u00e0 la bolognaise et le poulet cacciatore. Ou agr\u00e9mentez-le de simples viandes grill\u00e9es et de l\u00e9gumes r\u00f4tis pour un plat toscan classique.<\/p>\n<\/h5>\n","protected":false},"excerpt":{"rendered":"<p class=\"rating-heading\">92Points: The Tasting Panel, September 2017<\/p>\n<h5>-C\u00e9pages : 80% Sangiovese, Cabernet Sauvignon et Merlot -Couleur : rouge rubis profond. -Ar\u00f4me : Ce vin complexe se caract\u00e9rise par des notes de cerise et de violette avec de d\u00e9licates notes de tabac, de poivre blanc et une touche de silex. -Profil de d\u00e9gustation : Riserva Ducale Chianti Classico Riserva est bien \u00e9quilibr\u00e9 en bouche, avec des tanins velout\u00e9s, une acidit\u00e9 ferme et une finale persistante de romarin. Sa structure lui permettra de vieillir entre deux et cinq ans, voire plus. -Accords culinaires : D\u00e9gustez ce joyau toscan intemporel avec des plats italiens tels que le prosciutto et autres antipasti, le risotto aux champignons, les p\u00e2tes \u00e0 la bolognaise et le poulet cacciatore. Ou agr\u00e9mentez-le de simples viandes grill\u00e9es et de l\u00e9gumes r\u00f4tis pour un plat toscan classique.<\/p>\n<\/h5>\n","protected":false},"featured_media":75805,"comment_status":"open","ping_status":"closed","template":"","meta":{"_acf_changed":false},"product_brand":[],"product_cat":[389,533],"product_tag":[],"class_list":{"0":"post-79050","1":"product","2":"type-product","3":"status-publish","4":"has-post-thumbnail","6":"product_cat-wine-fr","7":"product_cat-tuscany-fr","9":"first","10":"outofstock","11":"taxable","12":"shipping-taxable","13":"purchasable","14":"product-type-simple"},"acf":[],"aioseo_notices":[],"jetpack_sharing_enabled":true,"_links":{"self":[{"href":"https:\/\/whisky.ad\/fr\/wp-json\/wp\/v2\/product\/79050","targetHints":{"allow":["GET"]}}],"collection":[{"href":"https:\/\/whisky.ad\/fr\/wp-json\/wp\/v2\/product"}],"about":[{"href":"https:\/\/whisky.ad\/fr\/wp-json\/wp\/v2\/types\/product"}],"replies":[{"embeddable":true,"href":"https:\/\/whisky.ad\/fr\/wp-json\/wp\/v2\/comments?post=79050"}],"wp:featuredmedia":[{"embeddable":true,"href":"https:\/\/whisky.ad\/fr\/wp-json\/wp\/v2\/media\/75805"}],"wp:attachment":[{"href":"https:\/\/whisky.ad\/fr\/wp-json\/wp\/v2\/media?parent=79050"}],"wp:term":[{"taxonomy":"product_brand","embeddable":true,"href":"https:\/\/whisky.ad\/fr\/wp-json\/wp\/v2\/product_brand?post=79050"},{"taxonomy":"product_cat","embeddable":true,"href":"https:\/\/whisky.ad\/fr\/wp-json\/wp\/v2\/product_cat?post=79050"},{"taxonomy":"product_tag","embeddable":true,"href":"https:\/\/whisky.ad\/fr\/wp-json\/wp\/v2\/product_tag?post=79050"}],"curies":[{"name":"wp","href":"https:\/\/api.w.org\/{rel}","templated":true}]}}