{"id":79042,"date":"2020-01-11T19:49:31","date_gmt":"2020-01-11T18:49:31","guid":{"rendered":"https:\/\/whisky.ad\/product\/ruffino-modus-toscana-igt-2016\/"},"modified":"2024-01-12T12:43:44","modified_gmt":"2024-01-12T11:43:44","slug":"ruffino-modus-toscana-igt-2016","status":"publish","type":"product","link":"https:\/\/whisky.ad\/fr\/produit\/ruffino-modus-toscana-igt-2016\/","title":{"rendered":"Ruffino Modus Toscana IGT 2016"},"content":{"rendered":"<div class=\"image-caption\">\n<h5 class=\"rating-heading\">93 Points: James Suckling, August 2017<\/h5>\n<\/div>\n<h5>-C\u00e9pages : 34% Sangiovese, 33% Cabernet S, 33% Merlot -Couleur : rouge rubis. -Ar\u00f4me : au nez intense et intrigant, les premiers ar\u00f4mes de fruits rouges et noirs m\u00fbrs, comme les cerises, les prunes et les petites baies noires, typiques du Sangiovese, sont compl\u00e9t\u00e9s par des notes d&#8217;\u00e9pices, de tabac doux et des notes balsamiques raffin\u00e9es. -Profil de d\u00e9gustation : avec un corps moderne et un style toscan super moderne, ce vin est riche avec des tanins soyeux et des saveurs de m\u00fbres m\u00fbres et de cacao. Les saveurs vibrantes des fruits frais du Sangiovese, du Cabernet Sauvignon et du Merlot s&#8217;entrem\u00ealent avec leur finesse, apportant un caract\u00e8re distinctif qui leur est propre. Accords culinaires : Les Modus sont merveilleux seuls, ou servez-les avec des plats audacieux comme le canard aux olives et \u00e0 la pancetta, les manicotti farcis \u00e0 la sauce bolognaise au b\u0153uf et les fromages affin\u00e9s comme le taleggio, le pecorino et le gouda.    <\/h5>\n","protected":false},"excerpt":{"rendered":"<div class=\"image-caption\">\n<h5 class=\"rating-heading\">93 Points: James Suckling, August 2017<\/h5>\n<\/div>\n<h5>-C\u00e9pages : 34% Sangiovese, 33% Cabernet S, 33% Merlot -Couleur : rouge rubis. -Ar\u00f4me : au nez intense et intrigant, les premiers ar\u00f4mes de fruits rouges et noirs m\u00fbrs, comme les cerises, les prunes et les petites baies noires, typiques du Sangiovese, sont compl\u00e9t\u00e9s par des notes d&#8217;\u00e9pices, de tabac doux et des notes balsamiques raffin\u00e9es. -Profil de d\u00e9gustation : avec un corps moderne et un style toscan super moderne, ce vin est riche avec des tanins soyeux et des saveurs de m\u00fbres m\u00fbres et de cacao. Les saveurs vibrantes des fruits frais du Sangiovese, du Cabernet Sauvignon et du Merlot s&#8217;entrem\u00ealent avec leur finesse, apportant un caract\u00e8re distinctif qui leur est propre. Accords culinaires : Les Modus sont merveilleux seuls, ou servez-les avec des plats audacieux comme le canard aux olives et \u00e0 la pancetta, les manicotti farcis \u00e0 la sauce bolognaise au b\u0153uf et les fromages affin\u00e9s comme le taleggio, le pecorino et le gouda.    <\/h5>\n","protected":false},"featured_media":75793,"comment_status":"open","ping_status":"closed","template":"","meta":{"_acf_changed":false},"product_brand":[],"product_cat":[389,533],"product_tag":[],"class_list":{"0":"post-79042","1":"product","2":"type-product","3":"status-publish","4":"has-post-thumbnail","6":"product_cat-wine-fr","7":"product_cat-tuscany-fr","9":"first","10":"outofstock","11":"taxable","12":"shipping-taxable","13":"purchasable","14":"product-type-simple"},"acf":[],"aioseo_notices":[],"jetpack_sharing_enabled":true,"_links":{"self":[{"href":"https:\/\/whisky.ad\/fr\/wp-json\/wp\/v2\/product\/79042","targetHints":{"allow":["GET"]}}],"collection":[{"href":"https:\/\/whisky.ad\/fr\/wp-json\/wp\/v2\/product"}],"about":[{"href":"https:\/\/whisky.ad\/fr\/wp-json\/wp\/v2\/types\/product"}],"replies":[{"embeddable":true,"href":"https:\/\/whisky.ad\/fr\/wp-json\/wp\/v2\/comments?post=79042"}],"wp:featuredmedia":[{"embeddable":true,"href":"https:\/\/whisky.ad\/fr\/wp-json\/wp\/v2\/media\/75793"}],"wp:attachment":[{"href":"https:\/\/whisky.ad\/fr\/wp-json\/wp\/v2\/media?parent=79042"}],"wp:term":[{"taxonomy":"product_brand","embeddable":true,"href":"https:\/\/whisky.ad\/fr\/wp-json\/wp\/v2\/product_brand?post=79042"},{"taxonomy":"product_cat","embeddable":true,"href":"https:\/\/whisky.ad\/fr\/wp-json\/wp\/v2\/product_cat?post=79042"},{"taxonomy":"product_tag","embeddable":true,"href":"https:\/\/whisky.ad\/fr\/wp-json\/wp\/v2\/product_tag?post=79042"}],"curies":[{"name":"wp","href":"https:\/\/api.w.org\/{rel}","templated":true}]}}