{"id":79033,"date":"2020-01-12T11:21:25","date_gmt":"2020-01-12T10:21:25","guid":{"rendered":"https:\/\/whisky.ad\/product\/ruffino-chianti-docg\/"},"modified":"2024-01-12T12:13:22","modified_gmt":"2024-01-12T11:13:22","slug":"ruffino-chianti-docg","status":"publish","type":"product","link":"https:\/\/whisky.ad\/fr\/produit\/ruffino-chianti-docg\/","title":{"rendered":"Ruffino Chianti DOCG"},"content":{"rendered":"<p>Raim : 70% Sangiovese, 30% Canaiolo, Colorino i altres varietats vermelles -Color : vermell rub\u00ed. -Ar\u00f4me : le Ruffino Chianti DOCG est un vin facile \u00e0 boire et \u00e0 consommer, qui pr\u00e9sente des ar\u00f4mes fruit\u00e9s et floraux pr\u00e9dominants, avec des notes d&#8217;esp\u00e8ces et d&#8217;avellanes. -Profil de d\u00e9gustation : En boca, le Chianti DOCG est suau amb un cos mitj\u00e0 i bon equilibri, que presenta unes caracter\u00edstiques afruitades agradablement. -Pr\u00e9parations alimentaires : combinez ce Chianti DOCG avec une grande vari\u00e9t\u00e9 de plats traditionnels italiens comme les raviolis, la pizza margherita et le carpaccio de vedella. Le r\u00e9sultat sera parfait. Ce vin brillant et acide se transforme \u00e9galement en un excellent accompagnement pour les plats pr\u00e9f\u00e9r\u00e9s des consommateurs internationaux, comme le hamburger classique.<\/p>\n","protected":false},"excerpt":{"rendered":"<p>-C\u00e9pages : 70% Sangiovese, 30% Canaiolo, Colorino et autres c\u00e9pages rouges -Couleur : rouge rubis. -Ar\u00f4me : le Ruffino Chianti DOCG est un vin facile et facile \u00e0 consommer, \u00e0 l&#8217;ar\u00f4me majoritairement fruit\u00e9 et floral, avec des notes d&#8217;\u00e9pices et de noisettes. &#8211; Profil de d\u00e9gustation : En bouche, le Chianti DOCG est doux avec un corps moyen et un bon \u00e9quilibre, qui pr\u00e9sente d&#8217;agr\u00e9ables caract\u00e9ristiques fruit\u00e9es. -Accords culinaires : Associez ce Chianti DOCG \u00e0 une grande vari\u00e9t\u00e9 de plats italiens traditionnels tels que les raviolis, la pizza margherita et le carpaccio de veau. Ce sera tout simplement parfait. Son \u00e9clat et son acidit\u00e9 en font \u00e9galement un excellent accompagnement pour les plats internationaux comme le classique hamburger.<\/p>\n","protected":false},"featured_media":75811,"comment_status":"open","ping_status":"closed","template":"","meta":{"_acf_changed":false},"product_brand":[],"product_cat":[533,389],"product_tag":[],"class_list":{"0":"post-79033","1":"product","2":"type-product","3":"status-publish","4":"has-post-thumbnail","6":"product_cat-tuscany-fr","7":"product_cat-wine-fr","9":"first","10":"instock","11":"taxable","12":"shipping-taxable","13":"purchasable","14":"product-type-simple"},"acf":[],"aioseo_notices":[],"jetpack_sharing_enabled":true,"_links":{"self":[{"href":"https:\/\/whisky.ad\/fr\/wp-json\/wp\/v2\/product\/79033","targetHints":{"allow":["GET"]}}],"collection":[{"href":"https:\/\/whisky.ad\/fr\/wp-json\/wp\/v2\/product"}],"about":[{"href":"https:\/\/whisky.ad\/fr\/wp-json\/wp\/v2\/types\/product"}],"replies":[{"embeddable":true,"href":"https:\/\/whisky.ad\/fr\/wp-json\/wp\/v2\/comments?post=79033"}],"wp:featuredmedia":[{"embeddable":true,"href":"https:\/\/whisky.ad\/fr\/wp-json\/wp\/v2\/media\/75811"}],"wp:attachment":[{"href":"https:\/\/whisky.ad\/fr\/wp-json\/wp\/v2\/media?parent=79033"}],"wp:term":[{"taxonomy":"product_brand","embeddable":true,"href":"https:\/\/whisky.ad\/fr\/wp-json\/wp\/v2\/product_brand?post=79033"},{"taxonomy":"product_cat","embeddable":true,"href":"https:\/\/whisky.ad\/fr\/wp-json\/wp\/v2\/product_cat?post=79033"},{"taxonomy":"product_tag","embeddable":true,"href":"https:\/\/whisky.ad\/fr\/wp-json\/wp\/v2\/product_tag?post=79033"}],"curies":[{"name":"wp","href":"https:\/\/api.w.org\/{rel}","templated":true}]}}