{"id":79030,"date":"2023-08-04T16:47:08","date_gmt":"2023-08-04T15:47:08","guid":{"rendered":"https:\/\/whisky.ad\/product\/ron-esclavo-xo-cask-0-5l-65\/"},"modified":"2024-01-06T19:03:51","modified_gmt":"2024-01-06T18:03:51","slug":"ron-esclavo-xo-cask-0-5l-65","status":"publish","type":"product","link":"https:\/\/whisky.ad\/fr\/produit\/ron-esclavo-xo-cask-0-5l-65\/","title":{"rendered":"Ron Esclavo XO Cask Dominican Rum 0.5l 65%"},"content":{"rendered":"","protected":false},"excerpt":{"rendered":"<p>Ron Esclavo est un hommage aux esclaves qui ont pay\u00e9 un lourd tribut \u00e0 l&#8217;histoire de la canne \u00e0 sucre et du rhum. La s\u00e9rie se compose de quatre rhums d\u00e9licats de qualit\u00e9 sup\u00e9rieure de la R\u00e9publique dominicaine, tous vieillis sous les tropiques. Chaque \u00e9dition est \u00e9labor\u00e9e avec passion, en utilisant des cannes \u00e0 sucre coup\u00e9es \u00e0 la main et des f\u00fbts de ch\u00eane am\u00e9ricain et fran\u00e7ais.  <\/p>\n<p>&nbsp;<\/p>\n<p>Ron Esclavo XO Cask est un rhum de qualit\u00e9 sup\u00e9rieure \u00e9labor\u00e9 \u00e0 partir de m\u00e9lasse de canne \u00e0 sucre qui m\u00fbrit dans le climat tropical de la R\u00e9publique dominicaine. Pendant douze \u00e0 quinze ans, ce rhum vieillit dans des f\u00fbts de ch\u00eane am\u00e9ricain et fran\u00e7ais. <\/p>\n<p>&nbsp;<\/p>\n<h3>Notes de d\u00e9gustation<\/h3>\n<p><strong>Nez :<\/strong> Une note aigre-douce combin\u00e9e \u00e0 des notes de noix de coco et de cire d&#8217;abeille. <strong>En bouche<\/strong> : Cors\u00e9e avec une texture huileuse. Raisins secs au rhum associ\u00e9s \u00e0 du chocolat noir. Finale am\u00e8re contrast\u00e9e.<\/p>\n<p>&nbsp;<\/p>\n<p>&nbsp;<\/p>\n<p>&nbsp;<\/p>\n<p>&nbsp;<\/p>\n","protected":false},"featured_media":77071,"comment_status":"open","ping_status":"closed","template":"","meta":{"_acf_changed":false},"product_brand":[],"product_cat":[368,400],"product_tag":[],"class_list":{"0":"post-79030","1":"product","2":"type-product","3":"status-publish","4":"has-post-thumbnail","6":"product_cat-rhum-fr","7":"product_cat-republique-dominicaine","9":"first","10":"instock","11":"taxable","12":"shipping-taxable","13":"purchasable","14":"product-type-simple"},"acf":[],"aioseo_notices":[],"jetpack_sharing_enabled":true,"_links":{"self":[{"href":"https:\/\/whisky.ad\/fr\/wp-json\/wp\/v2\/product\/79030","targetHints":{"allow":["GET"]}}],"collection":[{"href":"https:\/\/whisky.ad\/fr\/wp-json\/wp\/v2\/product"}],"about":[{"href":"https:\/\/whisky.ad\/fr\/wp-json\/wp\/v2\/types\/product"}],"replies":[{"embeddable":true,"href":"https:\/\/whisky.ad\/fr\/wp-json\/wp\/v2\/comments?post=79030"}],"wp:featuredmedia":[{"embeddable":true,"href":"https:\/\/whisky.ad\/fr\/wp-json\/wp\/v2\/media\/77071"}],"wp:attachment":[{"href":"https:\/\/whisky.ad\/fr\/wp-json\/wp\/v2\/media?parent=79030"}],"wp:term":[{"taxonomy":"product_brand","embeddable":true,"href":"https:\/\/whisky.ad\/fr\/wp-json\/wp\/v2\/product_brand?post=79030"},{"taxonomy":"product_cat","embeddable":true,"href":"https:\/\/whisky.ad\/fr\/wp-json\/wp\/v2\/product_cat?post=79030"},{"taxonomy":"product_tag","embeddable":true,"href":"https:\/\/whisky.ad\/fr\/wp-json\/wp\/v2\/product_tag?post=79030"}],"curies":[{"name":"wp","href":"https:\/\/api.w.org\/{rel}","templated":true}]}}