{"id":79022,"date":"2023-08-05T11:47:03","date_gmt":"2023-08-05T10:47:03","guid":{"rendered":"https:\/\/whisky.ad\/product\/ron-cristobal-santa-maria-oloroso-14-yo-0-7l-46\/"},"modified":"2024-01-06T18:10:43","modified_gmt":"2024-01-06T17:10:43","slug":"ron-cristobal-santa-maria-oloroso-14-yo-0-7l-46","status":"publish","type":"product","link":"https:\/\/whisky.ad\/fr\/produit\/ron-cristobal-santa-maria-oloroso-14-yo-0-7l-46\/","title":{"rendered":"Ron Crist\u00f3bal Santa Maria Oloroso 14 Yo Dominican Rum 0.7l 46%"},"content":{"rendered":"","protected":false},"excerpt":{"rendered":"<div class=\"flex flex-grow flex-col gap-3\">\n<div class=\"min-h-[20px] flex flex-col items-start gap-3 overflow-x-auto whitespace-pre-wrap break-words\">\n<div class=\"markdown prose w-full break-words dark:prose-invert light\">\n<p>Ron Crist\u00f3bal Santa Mar\u00eda Oloroso est un rhum distingu\u00e9 \u00e2g\u00e9 de 14 ans d&#8217;\u00e2ge de la R\u00e9publique Dominicaine, une terre c\u00e9l\u00e8bre pour son riche h\u00e9ritage de rhum et son savoir-faire exquis. Cette \u00e9dition limit\u00e9e est un v\u00e9ritable joyau, \u00e9lev\u00e9 \u00e0 la perfection en f\u00fbts d&#8217;Oloroso, conf\u00e9rant au spiritueux un caract\u00e8re unique et captivant. Offrant un voyage de complexit\u00e9 et de profondeur, ce rhum s\u00e9duit les sens par son ar\u00f4me envo\u00fbtant et son profil aromatique raffin\u00e9. Au nez, Ron Crist\u00f3bal Santa Mar\u00eda Oloroso vous accueille avec un d\u00e9licieux m\u00e9lange de notes fruit\u00e9es, bois\u00e9es, chocolat\u00e9es, vanill\u00e9es et \u00e9pic\u00e9es. L&#8217;ar\u00f4me captive par sa pr\u00e9sence chaleureuse et invitante, vous entra\u00eenant dans une exp\u00e9rience v\u00e9ritablement enveloppante. D\u00e8s que vous prenez votre premi\u00e8re gorg\u00e9e, le profil aromatique du rhum se d\u00e9voile, r\u00e9v\u00e9lant une symphonie d&#8217;\u00e9l\u00e9ments bois\u00e9s, fruit\u00e9s, amers et noiset\u00e9s, entrelac\u00e9s d&#8217;une subtile touche d&#8217;\u00e9pices. Cette combinaison harmonieuse de saveurs cr\u00e9e un caract\u00e8re bois\u00e9 \u00e9quilibr\u00e9 et prononc\u00e9, t\u00e9moignage de l&#8217;art de l&#8217;\u00e9levage en barrique. Le voyage gustatif commence par des notes velout\u00e9es de chocolat noir, caressant les papilles de sa richesse gourmande. Peu de temps apr\u00e8s, des amandes grill\u00e9es et des fruits secs font leur apparition, ajoutant des couches de complexit\u00e9 et de nuances. L&#8217;influence du f\u00fbt oloroso se fait sentir, infusant le rhum de d\u00e9licieuses \u00e9pices chaudes et d&#8217;une touche de fruits secs, enrichissant encore l&#8217;exp\u00e9rience de d\u00e9gustation. Le jeu des saveurs est magistralement \u00e9quilibr\u00e9, laissant une subtile douceur qui compl\u00e8te parfaitement le caract\u00e8re bois\u00e9. La finale est exceptionnelle, avec une pr\u00e9sence chaleureuse et invitante qui invite \u00e0 la contemplation et \u00e0 l&#8217;exploration. Ron Crist\u00f3bal Santa Mar\u00eda Oloroso est une \u00e9dition limit\u00e9e, un tr\u00e9sor rare con\u00e7u avec une attention m\u00e9ticuleuse aux d\u00e9tails et une passion pour l&#8217;art de la fabrication du rhum. Il s&#8217;agit d&#8217;un hommage \u00e0 l&#8217;h\u00e9ritage estim\u00e9 du rhum de la R\u00e9publique dominicaine, un t\u00e9moignage de la capacit\u00e9 du pays \u00e0 produire des spiritueux exceptionnels qui captivent les sens et laissent une impression durable aux amateurs et aux connaisseurs de rhum.  <\/p>\n<\/div>\n<\/div>\n<\/div>\n","protected":false},"featured_media":77050,"comment_status":"open","ping_status":"closed","template":"","meta":{"_acf_changed":false},"product_brand":[],"product_cat":[368,400],"product_tag":[],"class_list":{"0":"post-79022","1":"product","2":"type-product","3":"status-publish","4":"has-post-thumbnail","6":"product_cat-rhum-fr","7":"product_cat-republique-dominicaine","9":"first","10":"instock","11":"taxable","12":"shipping-taxable","13":"purchasable","14":"product-type-simple"},"acf":[],"aioseo_notices":[],"jetpack_sharing_enabled":true,"_links":{"self":[{"href":"https:\/\/whisky.ad\/fr\/wp-json\/wp\/v2\/product\/79022","targetHints":{"allow":["GET"]}}],"collection":[{"href":"https:\/\/whisky.ad\/fr\/wp-json\/wp\/v2\/product"}],"about":[{"href":"https:\/\/whisky.ad\/fr\/wp-json\/wp\/v2\/types\/product"}],"replies":[{"embeddable":true,"href":"https:\/\/whisky.ad\/fr\/wp-json\/wp\/v2\/comments?post=79022"}],"wp:featuredmedia":[{"embeddable":true,"href":"https:\/\/whisky.ad\/fr\/wp-json\/wp\/v2\/media\/77050"}],"wp:attachment":[{"href":"https:\/\/whisky.ad\/fr\/wp-json\/wp\/v2\/media?parent=79022"}],"wp:term":[{"taxonomy":"product_brand","embeddable":true,"href":"https:\/\/whisky.ad\/fr\/wp-json\/wp\/v2\/product_brand?post=79022"},{"taxonomy":"product_cat","embeddable":true,"href":"https:\/\/whisky.ad\/fr\/wp-json\/wp\/v2\/product_cat?post=79022"},{"taxonomy":"product_tag","embeddable":true,"href":"https:\/\/whisky.ad\/fr\/wp-json\/wp\/v2\/product_tag?post=79022"}],"curies":[{"name":"wp","href":"https:\/\/api.w.org\/{rel}","templated":true}]}}