{"id":79019,"date":"2023-08-05T11:45:17","date_gmt":"2023-08-05T10:45:17","guid":{"rendered":"https:\/\/whisky.ad\/product\/ron-cristobal-pinta-6-8-yo-0-7l-40\/"},"modified":"2024-01-06T18:13:02","modified_gmt":"2024-01-06T17:13:02","slug":"ron-cristobal-pinta-6-8-yo-0-7l-40","status":"publish","type":"product","link":"https:\/\/whisky.ad\/fr\/produit\/ron-cristobal-pinta-6-8-yo-0-7l-40\/","title":{"rendered":"Ron Cristobal Pinta 6-8 Yo Dominican Rum 0.7l 40%"},"content":{"rendered":"","protected":false},"excerpt":{"rendered":"<div class=\"flex flex-grow flex-col gap-3\">\n<div class=\"min-h-[20px] flex flex-col items-start gap-3 overflow-x-auto whitespace-pre-wrap break-words\">\n<div class=\"markdown prose w-full break-words dark:prose-invert light\">\n<p>Cristobal Pinta est un m\u00e9lange de rhum luxueux originaire de la R\u00e9publique dominicaine, o\u00f9 il subit un vieillissement tropical dans des f\u00fbts d&#8217;ex-bourbon. Rendant hommage \u00e0 l&#8217;histoire, Pinta a \u00e9t\u00e9 nomm\u00e9 d&#8217;apr\u00e8s le navire le plus rapide utilis\u00e9 par Christophe Colomb pour traverser l&#8217;oc\u00e9an Atlantique en 1492. La l\u00e9gende veut que le navigateur Rodrigo de Triana ait aper\u00e7u le Nouveau Monde depuis le pont de la Pinta le 12 octobre 1492. Ce rhum premium a un volume d&#8217;alcool de 40 % et est pr\u00e9sent\u00e9 dans une bouteille de 0,7 cl avec une dur\u00e9e de vie de 6 \u00e0 8 ans. Au nez, Cristobal Pinta \u00e9mane une d\u00e9licieuse combinaison d&#8217;ar\u00f4mes de vanille chaude et d&#8217;une essence bois\u00e9e subtile, suivie de notes de menthe rafra\u00eechissante. En bouche, une douce douceur emplit le palais et se transforme progressivement en un m\u00e9lange harmonieux de saveurs de menthe fra\u00eeche et de massepain. Ce rhum offre une exp\u00e9rience rafra\u00eechissante et juteuse, ce qui en fait un spiritueux facilement accessible et agr\u00e9able. Sa nature \u00e9quilibr\u00e9e met en \u00e9vidence un caract\u00e8re bois\u00e9 subtil qui rehausse l&#8217;exp\u00e9rience de d\u00e9gustation globale, cr\u00e9ant ainsi un plaisir vraiment satisfaisant et agr\u00e9able.   <\/p>\n<\/div>\n<\/div>\n<\/div>\n","protected":false},"featured_media":77044,"comment_status":"open","ping_status":"closed","template":"","meta":{"_acf_changed":false},"product_brand":[],"product_cat":[368,400],"product_tag":[],"class_list":{"0":"post-79019","1":"product","2":"type-product","3":"status-publish","4":"has-post-thumbnail","6":"product_cat-rhum-fr","7":"product_cat-republique-dominicaine","9":"first","10":"instock","11":"taxable","12":"shipping-taxable","13":"purchasable","14":"product-type-simple"},"acf":[],"aioseo_notices":[],"jetpack_sharing_enabled":true,"_links":{"self":[{"href":"https:\/\/whisky.ad\/fr\/wp-json\/wp\/v2\/product\/79019","targetHints":{"allow":["GET"]}}],"collection":[{"href":"https:\/\/whisky.ad\/fr\/wp-json\/wp\/v2\/product"}],"about":[{"href":"https:\/\/whisky.ad\/fr\/wp-json\/wp\/v2\/types\/product"}],"replies":[{"embeddable":true,"href":"https:\/\/whisky.ad\/fr\/wp-json\/wp\/v2\/comments?post=79019"}],"wp:featuredmedia":[{"embeddable":true,"href":"https:\/\/whisky.ad\/fr\/wp-json\/wp\/v2\/media\/77044"}],"wp:attachment":[{"href":"https:\/\/whisky.ad\/fr\/wp-json\/wp\/v2\/media?parent=79019"}],"wp:term":[{"taxonomy":"product_brand","embeddable":true,"href":"https:\/\/whisky.ad\/fr\/wp-json\/wp\/v2\/product_brand?post=79019"},{"taxonomy":"product_cat","embeddable":true,"href":"https:\/\/whisky.ad\/fr\/wp-json\/wp\/v2\/product_cat?post=79019"},{"taxonomy":"product_tag","embeddable":true,"href":"https:\/\/whisky.ad\/fr\/wp-json\/wp\/v2\/product_tag?post=79019"}],"curies":[{"name":"wp","href":"https:\/\/api.w.org\/{rel}","templated":true}]}}