{"id":79016,"date":"2023-08-05T11:28:57","date_gmt":"2023-08-05T10:28:57","guid":{"rendered":"https:\/\/whisky.ad\/product\/ron-cristobal-nina-12yo-0-7l-40\/"},"modified":"2024-01-06T18:17:16","modified_gmt":"2024-01-06T17:17:16","slug":"ron-cristobal-nina-12yo-0-7l-40","status":"publish","type":"product","link":"https:\/\/whisky.ad\/fr\/produit\/ron-cristobal-nina-12yo-0-7l-40\/","title":{"rendered":"Ron Cristobal Ni\u00f1a 12Yo Dominican Rum 0.7l 40%"},"content":{"rendered":"","protected":false},"excerpt":{"rendered":"<div class=\"flex flex-grow flex-col gap-3\">\n<div class=\"min-h-[20px] flex flex-col items-start gap-3 overflow-x-auto whitespace-pre-wrap break-words\">\n<div class=\"markdown prose w-full break-words dark:prose-invert light\">\n<p>Ron Crist\u00f3bal Ni\u00f1a est un rhum premium exceptionnel qui provient de la R\u00e9publique dominicaine, o\u00f9 il est m\u00e9ticuleusement \u00e9labor\u00e9 avec le plus grand soin et le plus grand d\u00e9vouement. Nomm\u00e9 d&#8217;apr\u00e8s le navire amiral de Christophe Colomb, &#8220;La Ni\u00f1a&#8221;, ce rhum rend hommage \u00e0 l&#8217;esprit d&#8217;exploration et de d\u00e9couverte. Notes de d\u00e9gustation : Le Ron Crist\u00f3bal Ni\u00f1a accueille les sens avec un ar\u00f4me riche et invitant de fruits tropicaux, notamment de bananes m\u00fbres et d&#8217;ananas juteux, infus\u00e9 de notes de vanille et de ch\u00eane grill\u00e9. La premi\u00e8re gorg\u00e9e r\u00e9v\u00e8le une texture douce et velout\u00e9e qui tapisse le palais, offrant une fusion de saveurs bien \u00e9quilibr\u00e9e. Attendez-vous \u00e0 un d\u00e9licieux jeu de caramel, de toffee et de sucre brun, compl\u00e9t\u00e9 par la chaleur d&#8217;\u00e9pices exotiques comme la cannelle et la noix de muscade. Au fur et \u00e0 mesure que le voyage se poursuit, la complexit\u00e9 du rhum se d\u00e9ploie avec une touche de miel et une note subtile de tabac. La finale est longue et satisfaisante, laissant un arri\u00e8re-go\u00fbt persistant et \u00e9l\u00e9gant, \u00e0 la fois doux et \u00e9pic\u00e9. Ron Crist\u00f3bal Ni\u00f1a est un exemple de savoir-faire artisanal, produit \u00e0 partir de la canne \u00e0 sucre la plus fine et vieilli en f\u00fbts de ch\u00eane pour atteindre son plein potentiel. Il atteint un \u00e9quilibre parfait entre douceur et profondeur, ce qui le rend id\u00e9al pour \u00eatre d\u00e9gust\u00e9 pur ou avec quelques gla\u00e7ons, vous permettant ainsi d&#8217;appr\u00e9cier pleinement les subtilit\u00e9s de son profil de saveurs. Avec son go\u00fbt captivant et son nom \u00e9vocateur, Ron Crist\u00f3bal Ni\u00f1a capture l&#8217;esprit d&#8217;exploration et de c\u00e9l\u00e9bration, vous invitant \u00e0 embarquer pour votre propre voyage de d\u00e9couverte \u00e0 chaque gorg\u00e9e. Que vous soyez un amateur de rhum chevronn\u00e9 ou un connaisseur en herbe, ce rhum dominicain de premi\u00e8re qualit\u00e9 vous laissera \u00e0 coup s\u00fbr une impression durable de plaisir et d&#8217;appr\u00e9ciation de l&#8217;art de la fabrication du rhum. <\/p>\n<\/div>\n<\/div>\n<\/div>\n","protected":false},"featured_media":77041,"comment_status":"open","ping_status":"closed","template":"","meta":{"_acf_changed":false},"product_brand":[],"product_cat":[368,400],"product_tag":[],"class_list":{"0":"post-79016","1":"product","2":"type-product","3":"status-publish","4":"has-post-thumbnail","6":"product_cat-rhum-fr","7":"product_cat-republique-dominicaine","9":"first","10":"instock","11":"taxable","12":"shipping-taxable","13":"purchasable","14":"product-type-simple"},"acf":[],"aioseo_notices":[],"jetpack_sharing_enabled":true,"_links":{"self":[{"href":"https:\/\/whisky.ad\/fr\/wp-json\/wp\/v2\/product\/79016","targetHints":{"allow":["GET"]}}],"collection":[{"href":"https:\/\/whisky.ad\/fr\/wp-json\/wp\/v2\/product"}],"about":[{"href":"https:\/\/whisky.ad\/fr\/wp-json\/wp\/v2\/types\/product"}],"replies":[{"embeddable":true,"href":"https:\/\/whisky.ad\/fr\/wp-json\/wp\/v2\/comments?post=79016"}],"wp:featuredmedia":[{"embeddable":true,"href":"https:\/\/whisky.ad\/fr\/wp-json\/wp\/v2\/media\/77041"}],"wp:attachment":[{"href":"https:\/\/whisky.ad\/fr\/wp-json\/wp\/v2\/media?parent=79016"}],"wp:term":[{"taxonomy":"product_brand","embeddable":true,"href":"https:\/\/whisky.ad\/fr\/wp-json\/wp\/v2\/product_brand?post=79016"},{"taxonomy":"product_cat","embeddable":true,"href":"https:\/\/whisky.ad\/fr\/wp-json\/wp\/v2\/product_cat?post=79016"},{"taxonomy":"product_tag","embeddable":true,"href":"https:\/\/whisky.ad\/fr\/wp-json\/wp\/v2\/product_tag?post=79016"}],"curies":[{"name":"wp","href":"https:\/\/api.w.org\/{rel}","templated":true}]}}