{"id":79013,"date":"2023-08-23T18:14:25","date_gmt":"2023-08-23T17:14:25","guid":{"rendered":"https:\/\/whisky.ad\/product\/rammstein-rum-ltd-edition-46-0-7l\/"},"modified":"2023-08-23T18:14:25","modified_gmt":"2023-08-23T17:14:25","slug":"rammstein-rum-ltd-edition-46-0-7l","status":"publish","type":"product","link":"https:\/\/whisky.ad\/fr\/produit\/rammstein-rum-ltd-edition-46-0-7l\/","title":{"rendered":"Rammstein Rum Ltd Edition 46% 0.7L"},"content":{"rendered":"","protected":false},"excerpt":{"rendered":"<p>RAMMSTEIN RUM LIMITED EDITION PORT CASK FINISH Le rhum Rammstein Limited Edition Port Cask Finish est une concoction exclusive \u00e9labor\u00e9e \u00e0 partir de rhums vieillis dans des climats tropicaux pendant une douzaine d&#8217;ann\u00e9es. Cette \u00e9dition limit\u00e9e exceptionnelle a subi une maturation suppl\u00e9mentaire de onze mois dans des f\u00fbts qui ont autrefois abrit\u00e9 du vin de Porto. Le r\u00e9sultat est un rhum d\u00e9licieusement \u00e9quilibr\u00e9 qui pr\u00e9sente des notes subtiles de fruits rouges opulents, de chocolat profond et un soup\u00e7on de tabac, tous infus\u00e9s par la riche essence des f\u00fbts de porto. Cette \u00e9dition est strictement limit\u00e9e \u00e0 9 378 bouteilles. UN RHUM AUX PROPORTIONS L\u00c9GENDAIRES. N\u00e9 au c\u0153ur de Berlin-Est en 1994, Rammstein est devenu un groupe de renomm\u00e9e internationale, dont les ventes d&#8217;albums et de DVD ont atteint le chiffre stup\u00e9fiant de sept chiffres. En l&#8217;espace de deux d\u00e9cennies, ce groupe de musiciens a \u00e9t\u00e9 nomm\u00e9 deux fois aux Grammy Awards, a \u00e9t\u00e9 la t\u00eate d&#8217;affiche des festivals de musique les plus prestigieux et a rempli des ar\u00e8nes dans le monde entier. Avec sa formation originale intacte, Rammstein doit sa pr\u00e9sence in\u00e9gal\u00e9e sur sc\u00e8ne \u00e0 une performance live incomparable &#8211; un op\u00e9ra rock intense, \u00e0 la fois dramatique, spectaculaire et grandiose par son ampleur. Un op\u00e9ra rock intense, \u00e0 la fois dramatique, spectaculaire et grandiose par son ampleur. Une saga d&#8217;une beaut\u00e9 obs\u00e9dante, remplie de controverses et d&#8217;une odeur omnipr\u00e9sente d&#8217;essence. Nous vous pr\u00e9sentons le rhum Rammstein, une fusion harmonieuse de rhums pot still jama\u00efcains et guyanais, ainsi que de rhums column still de Trinidad. R\u00e9put\u00e9s parmi les ma\u00eetres m\u00e9langeurs et les connaisseurs, les profils lourds et aromatiques des rhums jama\u00efcains et guyanais sont habilement compl\u00e9t\u00e9s par le caract\u00e8re sophistiqu\u00e9 de leur homologue trinidadien. Cette \u00e9dition limit\u00e9e a m\u00fbri dans d&#8217;anciens f\u00fbts de bourbon pendant douze ans et s&#8217;est achev\u00e9e dans d&#8217;anciens f\u00fbts de porto. Profil de d\u00e9gustation Apparence : Des nuances profondes d&#8217;acajou qui captivent l&#8217;\u0153il. Nez : Ar\u00f4mes exquis de fruits rouges succulents, notamment de cerises, de prunes et de m\u00fbres, m\u00eal\u00e9s \u00e0 une subtile essence de ch\u00eane. Bouche : Une m\u00e9lodie de fruit\u00e9 et de douceur se d\u00e9ploie, d\u00e9voilant des couches complexes de chocolat noir, de tabac vieilli et l&#8217;\u00e9treinte r\u00e9confortante du ch\u00eane.<\/p>\n","protected":false},"featured_media":77128,"comment_status":"open","ping_status":"closed","template":"","meta":{"_acf_changed":false},"product_brand":[],"product_cat":[385,399,406,368],"product_tag":[],"class_list":{"0":"post-79013","1":"product","2":"type-product","3":"status-publish","4":"has-post-thumbnail","6":"product_cat-jamaica-fr","7":"product_cat-blend-fr","8":"product_cat-guyane","9":"product_cat-rhum-fr","11":"first","12":"outofstock","13":"taxable","14":"shipping-taxable","15":"product-type-simple"},"acf":[],"aioseo_notices":[],"jetpack_sharing_enabled":true,"_links":{"self":[{"href":"https:\/\/whisky.ad\/fr\/wp-json\/wp\/v2\/product\/79013","targetHints":{"allow":["GET"]}}],"collection":[{"href":"https:\/\/whisky.ad\/fr\/wp-json\/wp\/v2\/product"}],"about":[{"href":"https:\/\/whisky.ad\/fr\/wp-json\/wp\/v2\/types\/product"}],"replies":[{"embeddable":true,"href":"https:\/\/whisky.ad\/fr\/wp-json\/wp\/v2\/comments?post=79013"}],"wp:featuredmedia":[{"embeddable":true,"href":"https:\/\/whisky.ad\/fr\/wp-json\/wp\/v2\/media\/77128"}],"wp:attachment":[{"href":"https:\/\/whisky.ad\/fr\/wp-json\/wp\/v2\/media?parent=79013"}],"wp:term":[{"taxonomy":"product_brand","embeddable":true,"href":"https:\/\/whisky.ad\/fr\/wp-json\/wp\/v2\/product_brand?post=79013"},{"taxonomy":"product_cat","embeddable":true,"href":"https:\/\/whisky.ad\/fr\/wp-json\/wp\/v2\/product_cat?post=79013"},{"taxonomy":"product_tag","embeddable":true,"href":"https:\/\/whisky.ad\/fr\/wp-json\/wp\/v2\/product_tag?post=79013"}],"curies":[{"name":"wp","href":"https:\/\/api.w.org\/{rel}","templated":true}]}}