{"id":79010,"date":"2023-11-17T16:59:19","date_gmt":"2023-11-17T15:59:19","guid":{"rendered":"https:\/\/whisky.ad\/product\/rammstein-10-yo-irish-whisky-07l-43\/"},"modified":"2023-11-17T16:59:19","modified_gmt":"2023-11-17T15:59:19","slug":"rammstein-10-yo-irish-whisky-07l-43","status":"publish","type":"product","link":"https:\/\/whisky.ad\/fr\/produit\/rammstein-10-yo-irish-whisky-07l-43\/","title":{"rendered":"Rammstein 10 YO Irish Whisky 0,7l 43%"},"content":{"rendered":"","protected":false},"excerpt":{"rendered":"<p>Distill\u00e9 et vieilli en Irlande, le whiskey Rammstein est un m\u00e9lange de c\u00e9r\u00e9ales triplement distill\u00e9es et de malt doublement distill\u00e9. Il a vieilli pendant 10 ans dans des f\u00fbts de bourbon et s&#8217;est affin\u00e9 pendant au moins 6 mois dans des f\u00fbts de x\u00e9r\u00e8s. Son nez est d\u00e9licatement fruit\u00e9 et son go\u00fbt doux d&#8217;\u00e9pices et de vanille.  <\/p>\n","protected":false},"featured_media":77677,"comment_status":"open","ping_status":"closed","template":"","meta":{"_acf_changed":false},"product_brand":[],"product_cat":[474,502,357],"product_tag":[],"class_list":{"0":"post-79010","1":"product","2":"type-product","3":"status-publish","4":"has-post-thumbnail","6":"product_cat-rammstein-fr","7":"product_cat-ireland-fr","8":"product_cat-whisky-by-brand-fr","10":"first","11":"instock","12":"purchasable","13":"product-type-simple"},"acf":[],"aioseo_notices":[],"jetpack_sharing_enabled":true,"_links":{"self":[{"href":"https:\/\/whisky.ad\/fr\/wp-json\/wp\/v2\/product\/79010","targetHints":{"allow":["GET"]}}],"collection":[{"href":"https:\/\/whisky.ad\/fr\/wp-json\/wp\/v2\/product"}],"about":[{"href":"https:\/\/whisky.ad\/fr\/wp-json\/wp\/v2\/types\/product"}],"replies":[{"embeddable":true,"href":"https:\/\/whisky.ad\/fr\/wp-json\/wp\/v2\/comments?post=79010"}],"wp:featuredmedia":[{"embeddable":true,"href":"https:\/\/whisky.ad\/fr\/wp-json\/wp\/v2\/media\/77677"}],"wp:attachment":[{"href":"https:\/\/whisky.ad\/fr\/wp-json\/wp\/v2\/media?parent=79010"}],"wp:term":[{"taxonomy":"product_brand","embeddable":true,"href":"https:\/\/whisky.ad\/fr\/wp-json\/wp\/v2\/product_brand?post=79010"},{"taxonomy":"product_cat","embeddable":true,"href":"https:\/\/whisky.ad\/fr\/wp-json\/wp\/v2\/product_cat?post=79010"},{"taxonomy":"product_tag","embeddable":true,"href":"https:\/\/whisky.ad\/fr\/wp-json\/wp\/v2\/product_tag?post=79010"}],"curies":[{"name":"wp","href":"https:\/\/api.w.org\/{rel}","templated":true}]}}