{"id":79007,"date":"2023-07-23T17:28:19","date_gmt":"2023-07-23T16:28:19","guid":{"rendered":"https:\/\/whisky.ad\/product\/port-ellen-33-yo\/"},"modified":"2023-07-23T17:28:19","modified_gmt":"2023-07-23T16:28:19","slug":"port-ellen-33-yo","status":"publish","type":"product","link":"https:\/\/whisky.ad\/fr\/produit\/port-ellen-33-yo\/","title":{"rendered":"Port Ellen 33 YO"},"content":{"rendered":"","protected":false},"excerpt":{"rendered":"<p><strong>Islay Single Malt Scotch Whisky, Hunter Laing 70cl \/ 58,3%<\/strong><\/p>\n<p>L&#8217;un des embouteillages les plus rares de cette distillerie v\u00e9n\u00e9r\u00e9e, aujourd&#8217;hui ferm\u00e9e, dont les sorties sont d\u00e9j\u00e0 relativement rares. Seules 108 bouteilles ont \u00e9t\u00e9 mises en circulation \u00e0 partir de l&#8217;unique f\u00fbt ex-sherry. Ce whisky particulier a \u00e9t\u00e9 distill\u00e9 en septembre 1982, a vieilli pendant 33 ans et a \u00e9t\u00e9 mis en bouteille \u00e0 la force du f\u00fbt (non dilu\u00e9) en octobre 2015.  <\/p>\n","protected":false},"featured_media":76390,"comment_status":"open","ping_status":"closed","template":"","meta":{"_acf_changed":false},"product_brand":[],"product_cat":[317,341,357,471],"product_tag":[],"class_list":{"0":"post-79007","1":"product","2":"type-product","3":"status-publish","4":"has-post-thumbnail","6":"product_cat-ecosse","7":"product_cat-rare-de-collection","8":"product_cat-whisky-by-brand-fr","9":"product_cat-port-ellen-fr","11":"first","12":"instock","13":"taxable","14":"shipping-taxable","15":"product-type-simple"},"acf":[],"aioseo_notices":[],"jetpack_sharing_enabled":true,"_links":{"self":[{"href":"https:\/\/whisky.ad\/fr\/wp-json\/wp\/v2\/product\/79007","targetHints":{"allow":["GET"]}}],"collection":[{"href":"https:\/\/whisky.ad\/fr\/wp-json\/wp\/v2\/product"}],"about":[{"href":"https:\/\/whisky.ad\/fr\/wp-json\/wp\/v2\/types\/product"}],"replies":[{"embeddable":true,"href":"https:\/\/whisky.ad\/fr\/wp-json\/wp\/v2\/comments?post=79007"}],"wp:featuredmedia":[{"embeddable":true,"href":"https:\/\/whisky.ad\/fr\/wp-json\/wp\/v2\/media\/76390"}],"wp:attachment":[{"href":"https:\/\/whisky.ad\/fr\/wp-json\/wp\/v2\/media?parent=79007"}],"wp:term":[{"taxonomy":"product_brand","embeddable":true,"href":"https:\/\/whisky.ad\/fr\/wp-json\/wp\/v2\/product_brand?post=79007"},{"taxonomy":"product_cat","embeddable":true,"href":"https:\/\/whisky.ad\/fr\/wp-json\/wp\/v2\/product_cat?post=79007"},{"taxonomy":"product_tag","embeddable":true,"href":"https:\/\/whisky.ad\/fr\/wp-json\/wp\/v2\/product_tag?post=79007"}],"curies":[{"name":"wp","href":"https:\/\/api.w.org\/{rel}","templated":true}]}}