{"id":79002,"date":"2023-08-28T14:15:06","date_gmt":"2023-08-28T13:15:06","guid":{"rendered":"https:\/\/whisky.ad\/product\/peychauds-bitter-296ml-35\/"},"modified":"2023-12-12T15:15:55","modified_gmt":"2023-12-12T14:15:55","slug":"peychauds-bitter-296ml-35","status":"publish","type":"product","link":"https:\/\/whisky.ad\/fr\/produit\/peychauds-bitter-296ml-35\/","title":{"rendered":"Peychaud\u00b4s Bitter 296ml. 35%"},"content":{"rendered":"","protected":false},"excerpt":{"rendered":"<p>Arriv\u00e9 \u00e0 la Nouvelle-Orl\u00e9ans en provenance de l&#8217;ancienne colonie fran\u00e7aise de Saint-Domingue (aujourd&#8217;hui Ha\u00efti), Antoine Am\u00e9d\u00e9e Peychaud s&#8217;est \u00e9tabli en 1832 comme propri\u00e9taire d&#8217;une apothicairerie situ\u00e9e au c\u0153ur du quartier fran\u00e7ais. C&#8217;est l\u00e0 qu&#8217;il concocta de main de ma\u00eetre ses c\u00e9l\u00e8bres amers. Ces amers venaient s&#8217;ajouter aux \u00e9lixirs qui garnissaient les \u00e9tag\u00e8res de sa pharmacie. Au fil du temps, la popularit\u00e9 des amers de Peychaud s&#8217;est accrue de fa\u00e7on exponentielle, devenant une denr\u00e9e tr\u00e8s pris\u00e9e. Cet h\u00e9ritage durable perdure, car la m\u00e9thode de Peychaud, qui consiste \u00e0 infuser des spiritueux distill\u00e9s avec un \u00e9ventail de plantes, reste d&#8217;actualit\u00e9. Les amers de Peychaud jouent un r\u00f4le essentiel en tant qu&#8217;\u00e9l\u00e9ment fondateur du cocktail officiel Sazerac et constituent une pierre angulaire indispensable dans tout bar raffin\u00e9.   <\/p>\n","protected":false},"featured_media":77296,"comment_status":"open","ping_status":"closed","template":"","meta":{"_acf_changed":false},"product_brand":[],"product_cat":[347,411],"product_tag":[],"class_list":{"0":"post-79002","1":"product","2":"type-product","3":"status-publish","4":"has-post-thumbnail","6":"product_cat-spirits-fr","7":"product_cat-bitter-fr","9":"first","10":"outofstock","11":"taxable","12":"shipping-taxable","13":"product-type-simple"},"acf":[],"aioseo_notices":[],"jetpack_sharing_enabled":true,"_links":{"self":[{"href":"https:\/\/whisky.ad\/fr\/wp-json\/wp\/v2\/product\/79002","targetHints":{"allow":["GET"]}}],"collection":[{"href":"https:\/\/whisky.ad\/fr\/wp-json\/wp\/v2\/product"}],"about":[{"href":"https:\/\/whisky.ad\/fr\/wp-json\/wp\/v2\/types\/product"}],"replies":[{"embeddable":true,"href":"https:\/\/whisky.ad\/fr\/wp-json\/wp\/v2\/comments?post=79002"}],"wp:featuredmedia":[{"embeddable":true,"href":"https:\/\/whisky.ad\/fr\/wp-json\/wp\/v2\/media\/77296"}],"wp:attachment":[{"href":"https:\/\/whisky.ad\/fr\/wp-json\/wp\/v2\/media?parent=79002"}],"wp:term":[{"taxonomy":"product_brand","embeddable":true,"href":"https:\/\/whisky.ad\/fr\/wp-json\/wp\/v2\/product_brand?post=79002"},{"taxonomy":"product_cat","embeddable":true,"href":"https:\/\/whisky.ad\/fr\/wp-json\/wp\/v2\/product_cat?post=79002"},{"taxonomy":"product_tag","embeddable":true,"href":"https:\/\/whisky.ad\/fr\/wp-json\/wp\/v2\/product_tag?post=79002"}],"curies":[{"name":"wp","href":"https:\/\/api.w.org\/{rel}","templated":true}]}}