{"id":78999,"date":"2023-08-28T15:13:33","date_gmt":"2023-08-28T14:13:33","guid":{"rendered":"https:\/\/whisky.ad\/product\/paul-john-pedro-ximenez-single-malt-48-0-7l\/"},"modified":"2024-01-06T13:48:38","modified_gmt":"2024-01-06T12:48:38","slug":"paul-john-pedro-ximenez-single-malt-48-0-7l","status":"publish","type":"product","link":"https:\/\/whisky.ad\/fr\/produit\/paul-john-pedro-ximenez-single-malt-48-0-7l\/","title":{"rendered":"Paul John Pedro Ximenez Single Malt 48% 0.7l"},"content":{"rendered":"","protected":false},"excerpt":{"rendered":"<p>PAUL JOHN PEDRO XIM\u00c9NEZ INDIAN SINGLE MALT WHISKY #PaulJohnPX Alcool en volume : 48% \u00c9mergeant des rivages ensoleill\u00e9s de Goa, cet extraordinaire single malt indien, par\u00e9 de teintes cuivr\u00e9es profondes, arbore des parfums complexes de figue et d&#8217;abricot, agr\u00e9ment\u00e9s d&#8217;une suggestion unique de banane. Le palais pr\u00e9sente un \u00e9ventail de saveurs profondes, dont l&#8217;orge sucr\u00e9e accompagn\u00e9e d&#8217;un caramel au beurre velout\u00e9, de fruits secs et d&#8217;une opulente essence de g\u00e2teau de No\u00ebl. Le point culminant est une finale prolong\u00e9e et exquise, caract\u00e9ris\u00e9e par un fondant chocolat\u00e9 indulgent, un zeste d&#8217;orange d\u00e9licat et des notes subtiles de noix exotiques imbib\u00e9es de vin. L&#8217;essence du Paul John PX est profond\u00e9ment fa\u00e7onn\u00e9e par son hommage au c\u00e9l\u00e8bre sherry de dessert espagnol, intens\u00e9ment doux et sombre, qui a subi un splendide raffinement dans des f\u00fbts de Pedro Ximenez m\u00e9ticuleusement choisis. Ar\u00f4me : Figue et abricot avec un soup\u00e7on insaisissable de banane. Go\u00fbt : Une symphonie d&#8217;orge sucr\u00e9e entrelac\u00e9e de caramel au beurre velout\u00e9, de fruits secs et de la richesse d&#8217;un g\u00e2teau de No\u00ebl. Finale : Longue et raffin\u00e9e, avec l&#8217;opulence du caramel au chocolat, l&#8217;essence d&#8217;\u00e9corce d&#8217;orange et l&#8217;intrigue des noix exotiques infus\u00e9es dans le vin. Harmonie : R\u00e9sonnant avec la douceur d&#8217;un sherry de dessert espagnol robuste, gracieusement affin\u00e9 par sa maturation exquise dans des f\u00fbts Pedro Ximenez soigneusement s\u00e9lectionn\u00e9s. Couleur : Cuivre profond.<\/p>\n","protected":false},"featured_media":77338,"comment_status":"open","ping_status":"closed","template":"","meta":{"_acf_changed":false},"product_brand":[],"product_cat":[468,530],"product_tag":[],"class_list":{"0":"post-78999","1":"product","2":"type-product","3":"status-publish","4":"has-post-thumbnail","6":"product_cat-paul-john-fr","7":"product_cat-india-fr","9":"first","10":"instock","11":"taxable","12":"shipping-taxable","13":"purchasable","14":"product-type-simple"},"acf":[],"aioseo_notices":[],"jetpack_sharing_enabled":true,"_links":{"self":[{"href":"https:\/\/whisky.ad\/fr\/wp-json\/wp\/v2\/product\/78999","targetHints":{"allow":["GET"]}}],"collection":[{"href":"https:\/\/whisky.ad\/fr\/wp-json\/wp\/v2\/product"}],"about":[{"href":"https:\/\/whisky.ad\/fr\/wp-json\/wp\/v2\/types\/product"}],"replies":[{"embeddable":true,"href":"https:\/\/whisky.ad\/fr\/wp-json\/wp\/v2\/comments?post=78999"}],"wp:featuredmedia":[{"embeddable":true,"href":"https:\/\/whisky.ad\/fr\/wp-json\/wp\/v2\/media\/77338"}],"wp:attachment":[{"href":"https:\/\/whisky.ad\/fr\/wp-json\/wp\/v2\/media?parent=78999"}],"wp:term":[{"taxonomy":"product_brand","embeddable":true,"href":"https:\/\/whisky.ad\/fr\/wp-json\/wp\/v2\/product_brand?post=78999"},{"taxonomy":"product_cat","embeddable":true,"href":"https:\/\/whisky.ad\/fr\/wp-json\/wp\/v2\/product_cat?post=78999"},{"taxonomy":"product_tag","embeddable":true,"href":"https:\/\/whisky.ad\/fr\/wp-json\/wp\/v2\/product_tag?post=78999"}],"curies":[{"name":"wp","href":"https:\/\/api.w.org\/{rel}","templated":true}]}}