{"id":78996,"date":"2023-08-28T15:09:08","date_gmt":"2023-08-28T14:09:08","guid":{"rendered":"https:\/\/whisky.ad\/product\/paul-john-peated-select-cask-55-5-0-7l\/"},"modified":"2023-08-28T15:09:08","modified_gmt":"2023-08-28T14:09:08","slug":"paul-john-peated-select-cask-55-5-0-7l","status":"publish","type":"product","link":"https:\/\/whisky.ad\/fr\/produit\/paul-john-peated-select-cask-55-5-0-7l\/","title":{"rendered":"Paul John Peated Select Cask 55.5% 0.7l"},"content":{"rendered":"","protected":false},"excerpt":{"rendered":"<p>Presenting Peated Select Cask Indian Single Malt Whisky #PaulJohnPeatedSelectCask Alcool par volume (ABV) : 55,5 % Goa, une toile toujours attrayante, ne cesse de captiver. Qu&#8217;il s&#8217;agisse de plonger dans sa myriade de personnages, sa tapisserie historique, son esprit contemporain vibrant ou son exub\u00e9rance d\u00e9brid\u00e9e, l&#8217;attrait reste incessant. Un royaume de surprises constantes, surtout pour l&#8217;explorateur intr\u00e9pide. Entrez dans le monde de Paul John Select Cask Peated, une incarnation de l&#8217;\u00e9tonnement, m\u00eame pour les connaisseurs de whisky les plus chevronn\u00e9s. Un jeu harmonieux de saveurs inattendues s&#8217;offre aux sens, donnant naissance \u00e0 une libation impeccable. Chaque gorg\u00e9e renferme l&#8217;essence m\u00eame de Goa. Ar\u00f4me : Les ar\u00f4mes entrelac\u00e9s de fum\u00e9e, de douceur et de terre sont soulign\u00e9s par de doux \u00e9chos d&#8217;\u00e9pices. Go\u00fbt : Au milieu des couches de sucre Muscovado et Demerara, le caract\u00e8re fum\u00e9 du Single Malt se d\u00e9ploie, atteignant un \u00e9quilibre exquis. Un subtil courant d&#8217;\u00e9pices \u00e9mane de l&#8217;hickory et des notes de cacao de style dominicain. Finale : Le d\u00e9nouement subtil de ce Single Malt d\u00e9voile des notes de cacao dominicain entrelac\u00e9es avec l&#8217;essence acidul\u00e9e de la marmelade. Couleur : Une teinte d&#8217;acajou dor\u00e9, reflet de sa profondeur. Accompagnement : Ce whisky remarquablement complexe m\u00e9rite d&#8217;\u00eatre accompagn\u00e9 de plats qui s&#8217;harmonisent parfaitement. Des steaks succulents et tendres et la richesse du fromage bleu sont des partenaires id\u00e9aux, vous permettant de d\u00e9couvrir la tapisserie complexe de ce splendide malt de Goan.<\/p>\n","protected":false},"featured_media":77323,"comment_status":"open","ping_status":"closed","template":"","meta":{"_acf_changed":false},"product_brand":[],"product_cat":[468,530],"product_tag":[],"class_list":{"0":"post-78996","1":"product","2":"type-product","3":"status-publish","4":"has-post-thumbnail","6":"product_cat-paul-john-fr","7":"product_cat-india-fr","9":"first","10":"outofstock","11":"taxable","12":"shipping-taxable","13":"product-type-simple"},"acf":[],"aioseo_notices":[],"jetpack_sharing_enabled":true,"_links":{"self":[{"href":"https:\/\/whisky.ad\/fr\/wp-json\/wp\/v2\/product\/78996","targetHints":{"allow":["GET"]}}],"collection":[{"href":"https:\/\/whisky.ad\/fr\/wp-json\/wp\/v2\/product"}],"about":[{"href":"https:\/\/whisky.ad\/fr\/wp-json\/wp\/v2\/types\/product"}],"replies":[{"embeddable":true,"href":"https:\/\/whisky.ad\/fr\/wp-json\/wp\/v2\/comments?post=78996"}],"wp:featuredmedia":[{"embeddable":true,"href":"https:\/\/whisky.ad\/fr\/wp-json\/wp\/v2\/media\/77323"}],"wp:attachment":[{"href":"https:\/\/whisky.ad\/fr\/wp-json\/wp\/v2\/media?parent=78996"}],"wp:term":[{"taxonomy":"product_brand","embeddable":true,"href":"https:\/\/whisky.ad\/fr\/wp-json\/wp\/v2\/product_brand?post=78996"},{"taxonomy":"product_cat","embeddable":true,"href":"https:\/\/whisky.ad\/fr\/wp-json\/wp\/v2\/product_cat?post=78996"},{"taxonomy":"product_tag","embeddable":true,"href":"https:\/\/whisky.ad\/fr\/wp-json\/wp\/v2\/product_tag?post=78996"}],"curies":[{"name":"wp","href":"https:\/\/api.w.org\/{rel}","templated":true}]}}