{"id":78994,"date":"2023-08-28T15:15:17","date_gmt":"2023-08-28T14:15:17","guid":{"rendered":"https:\/\/whisky.ad\/product\/paul-john-oloroso-select-cask-48-0-7l\/"},"modified":"2024-01-06T13:43:01","modified_gmt":"2024-01-06T12:43:01","slug":"paul-john-oloroso-select-cask-48-0-7l","status":"publish","type":"product","link":"https:\/\/whisky.ad\/fr\/produit\/paul-john-oloroso-select-cask-48-0-7l\/","title":{"rendered":"Paul John Oloroso Select Cask 48% 0.7l"},"content":{"rendered":"","protected":false},"excerpt":{"rendered":"<p>PAUL JOHN OLOROSO SELECT CASK INDIAN SINGLE MALT WHISKY #PaulJohnOlorosoSelectCask Alcool en volume : 48% Le Oloroso Select Cask, un whisky single malt indien provenant des c\u00f4tes ensoleill\u00e9es de Goa, est une explosion de saveurs extraordinaires. D&#8217;un acajou profond, cette variante exceptionnelle d\u00e9ploie une mosa\u00efque aromatique de parfums influenc\u00e9s par le sherry, mettant en valeur des nuances de p\u00eache et d&#8217;abricot accompagn\u00e9es de notes subtiles de m\u00e9lasse et d&#8217;orange sanguine. M\u00e9ticuleusement affin\u00e9 en f\u00fbts d&#8217;Oloroso, son palais velout\u00e9 se pare d&#8217;un harmonieux m\u00e9lange de chocolat aux noix et de la richesse du g\u00e2teau Melton Hunt. La finale prolong\u00e9e r\u00e9sonne avec intensit\u00e9 et douceur, r\u00e9sultat de l&#8217;infusion profonde d&#8217;\u00e9pices robustes provenant des f\u00fbts d&#8217;Oloroso, entrelac\u00e9es de nuances de caf\u00e9 moka et de chocolat noir luxueux. Ar\u00f4me : notes de p\u00eache, d&#8217;abricot, de m\u00e9lasse et d&#8217;orange sanguine. Go\u00fbt : Un profil doux et sucr\u00e9 avec des nuances de chocolat aux noix et l&#8217;opulence du g\u00e2teau Melton Hunt. Finale : Longue, puissante et douce, enrichie par l&#8217;influence succulente des \u00e9pices robustes du f\u00fbt Oloroso, compl\u00e9t\u00e9e par une touche de caf\u00e9 moka et de somptueux chocolat noir. Harmonie : Un single malt complexe et intense, pr\u00e9sentant un \u00e9ventail explosif de saveurs sensationnelles. Couleur : Acajou profond.<\/p>\n","protected":false},"featured_media":77341,"comment_status":"open","ping_status":"closed","template":"","meta":{"_acf_changed":false},"product_brand":[],"product_cat":[530,468],"product_tag":[],"class_list":{"0":"post-78994","1":"product","2":"type-product","3":"status-publish","4":"has-post-thumbnail","6":"product_cat-india-fr","7":"product_cat-paul-john-fr","9":"first","10":"instock","11":"taxable","12":"shipping-taxable","13":"purchasable","14":"product-type-simple"},"acf":[],"aioseo_notices":[],"jetpack_sharing_enabled":true,"_links":{"self":[{"href":"https:\/\/whisky.ad\/fr\/wp-json\/wp\/v2\/product\/78994","targetHints":{"allow":["GET"]}}],"collection":[{"href":"https:\/\/whisky.ad\/fr\/wp-json\/wp\/v2\/product"}],"about":[{"href":"https:\/\/whisky.ad\/fr\/wp-json\/wp\/v2\/types\/product"}],"replies":[{"embeddable":true,"href":"https:\/\/whisky.ad\/fr\/wp-json\/wp\/v2\/comments?post=78994"}],"wp:featuredmedia":[{"embeddable":true,"href":"https:\/\/whisky.ad\/fr\/wp-json\/wp\/v2\/media\/77341"}],"wp:attachment":[{"href":"https:\/\/whisky.ad\/fr\/wp-json\/wp\/v2\/media?parent=78994"}],"wp:term":[{"taxonomy":"product_brand","embeddable":true,"href":"https:\/\/whisky.ad\/fr\/wp-json\/wp\/v2\/product_brand?post=78994"},{"taxonomy":"product_cat","embeddable":true,"href":"https:\/\/whisky.ad\/fr\/wp-json\/wp\/v2\/product_cat?post=78994"},{"taxonomy":"product_tag","embeddable":true,"href":"https:\/\/whisky.ad\/fr\/wp-json\/wp\/v2\/product_tag?post=78994"}],"curies":[{"name":"wp","href":"https:\/\/api.w.org\/{rel}","templated":true}]}}