{"id":78991,"date":"2023-08-28T15:20:02","date_gmt":"2023-08-28T14:20:02","guid":{"rendered":"https:\/\/whisky.ad\/product\/paul-john-mithuna-58-0-7l\/"},"modified":"2024-01-06T13:38:38","modified_gmt":"2024-01-06T12:38:38","slug":"paul-john-mithuna-58-0-7l","status":"publish","type":"product","link":"https:\/\/whisky.ad\/fr\/produit\/paul-john-mithuna-58-0-7l\/","title":{"rendered":"Paul John Mithuna 58% 0.7l"},"content":{"rendered":"","protected":false},"excerpt":{"rendered":"<p>MITHUNA INDIAN SINGLE MALT WHISKY #MithunabyPaulJohn Alcool en volume : 58% Mithuna, une proposition distingu\u00e9e de la s\u00e9rie Paul John Zodiac, tire son nom de l&#8217;\u00e9quivalent indien du 3\u00e8me signe du zodiaque, les G\u00e9meaux. Non vinifi\u00e9e et pr\u00e9sent\u00e9e sans filtration \u00e0 froid, cette expression subit une maturation dans des f\u00fbts de ch\u00eane vierge am\u00e9ricain, avec une touche finale dans des f\u00fbts ex-bourbon. Impr\u00e9gn\u00e9s des nuances du ch\u00eane vieilli, les ar\u00f4mes qui se d\u00e9ploient sont ceux de la r\u00e9glisse sophistiqu\u00e9e, accompagn\u00e9s de l&#8217;allure subtile de la cire d&#8217;abeille, pour finalement aboutir \u00e0 un somptueux d\u00e9voilement de miel d&#8217;ulmo sur des nuances croustillantes et grill\u00e9es, agr\u00e9ment\u00e9es de d\u00e9licates notes de vanille. La bouche vous enveloppe de riches saveurs de caf\u00e9 moka, de zeste d&#8217;orange et d&#8217;une douce \u00e9treinte d&#8217;\u00e9pices, le tout harmonieusement \u00e9quilibr\u00e9 sur une base de tannins actifs, se m\u00ealant \u00e0 des huiles tendres et \u00e0 des chuchotements de cacao noir. La conclusion r\u00e9sonne avec une longueur indulgente et une complexit\u00e9 complexe, alors qu&#8217;une symphonie de sucres aux multiples facettes danse aux c\u00f4t\u00e9s de d\u00e9licates notes de miel. C\u00e9l\u00e9brant la c\u00e9l\u00e8bre dualit\u00e9 des G\u00e9meaux, ce single malt indien refl\u00e8te l&#8217;interaction de forces contrast\u00e9es. Il tisse habilement des tanins aust\u00e8res et secs avec des sucres succulents et du moka sur des huiles d\u00e9licates, brossant un portrait fascinant de complexit\u00e9. Couleur : Ch\u00eane vieilli. Ar\u00f4me : Une tapisserie d&#8217;ar\u00f4mes de r\u00e9glisse et la douce chaleur de la cire d&#8217;abeille, entrelac\u00e9s avec l&#8217;essence invitante du miel d&#8217;ulmo sur des toasts croustillants, accentu\u00e9s par de douces notes de vanille. Bouche : L&#8217;exploration du palais r\u00e9v\u00e8le la richesse somptueuse du caf\u00e9 moka, le zeste vibrant de l&#8217;\u00e9corce d&#8217;orange et l&#8217;\u00e9treinte d&#8217;\u00e9pices d\u00e9licates, le tout port\u00e9 par les ailes de tanins actifs et embrass\u00e9 par des huiles douces, couronn\u00e9 par la subtilit\u00e9 des tons de cacao noir. Finale : Se d\u00e9ployant avec gr\u00e2ce, la finale persiste dans la complexit\u00e9, orn\u00e9e de sucres multi-couches et de gracieuses notes de miel qui s&#8217;attardent d\u00e9licatement.<\/p>\n","protected":false},"featured_media":77347,"comment_status":"open","ping_status":"closed","template":"","meta":{"_acf_changed":false},"product_brand":[],"product_cat":[468,530],"product_tag":[],"class_list":{"0":"post-78991","1":"product","2":"type-product","3":"status-publish","4":"has-post-thumbnail","6":"product_cat-paul-john-fr","7":"product_cat-india-fr","9":"first","10":"outofstock","11":"taxable","12":"shipping-taxable","13":"product-type-simple"},"acf":[],"aioseo_notices":[],"jetpack_sharing_enabled":true,"_links":{"self":[{"href":"https:\/\/whisky.ad\/fr\/wp-json\/wp\/v2\/product\/78991","targetHints":{"allow":["GET"]}}],"collection":[{"href":"https:\/\/whisky.ad\/fr\/wp-json\/wp\/v2\/product"}],"about":[{"href":"https:\/\/whisky.ad\/fr\/wp-json\/wp\/v2\/types\/product"}],"replies":[{"embeddable":true,"href":"https:\/\/whisky.ad\/fr\/wp-json\/wp\/v2\/comments?post=78991"}],"wp:featuredmedia":[{"embeddable":true,"href":"https:\/\/whisky.ad\/fr\/wp-json\/wp\/v2\/media\/77347"}],"wp:attachment":[{"href":"https:\/\/whisky.ad\/fr\/wp-json\/wp\/v2\/media?parent=78991"}],"wp:term":[{"taxonomy":"product_brand","embeddable":true,"href":"https:\/\/whisky.ad\/fr\/wp-json\/wp\/v2\/product_brand?post=78991"},{"taxonomy":"product_cat","embeddable":true,"href":"https:\/\/whisky.ad\/fr\/wp-json\/wp\/v2\/product_cat?post=78991"},{"taxonomy":"product_tag","embeddable":true,"href":"https:\/\/whisky.ad\/fr\/wp-json\/wp\/v2\/product_tag?post=78991"}],"curies":[{"name":"wp","href":"https:\/\/api.w.org\/{rel}","templated":true}]}}