{"id":78988,"date":"2023-08-28T15:16:58","date_gmt":"2023-08-28T14:16:58","guid":{"rendered":"https:\/\/whisky.ad\/product\/paul-john-kanya-50-0-7l\/"},"modified":"2023-08-28T15:16:58","modified_gmt":"2023-08-28T14:16:58","slug":"paul-john-kanya-50-0-7l","status":"publish","type":"product","link":"https:\/\/whisky.ad\/fr\/produit\/paul-john-kanya-50-0-7l\/","title":{"rendered":"Paul John Kanya 50% 0.7l"},"content":{"rendered":"","protected":false},"excerpt":{"rendered":"<p>KANYA INDIAN SINGLE MALT WHISKY #KanyabyPaulJohn Alcool en volume : 50% Originaire des rivages ensoleill\u00e9s de Goa, cette variante unique non vinifi\u00e9e incarne une puret\u00e9 d\u00e9licate rehauss\u00e9e par des nuances de fruits mielleux et une douce touche d&#8217;\u00e9pices. Guid\u00e9 par Mercure et symbolis\u00e9 par la vierge, Kanya repr\u00e9sente le digne pendant indien de la captivante Vierge, le sixi\u00e8me signe du zodiaque dans l&#8217;ordre c\u00e9leste. Infus\u00e9 d&#8217;une sensibilit\u00e9 f\u00e9minine et terreuse, ce parfum ambr\u00e9 profond incarne les attributs fondamentaux de Kanya. Vieilli pendant 7 ans dans des f\u00fbts de ch\u00eane blanc am\u00e9ricain, il \u00e9mane de d\u00e9licieux parfums d&#8217;\u00e9pices piquantes et de fruits tropicaux qui vous invitent \u00e0 vous laisser s\u00e9duire par sa douceur cr\u00e9meuse de caramel. La finale gratifiante d\u00e9voile des notes de ch\u00eane grill\u00e9 harmonieusement entrelac\u00e9es avec des chuchotements chauds d&#8217;\u00e9pices, d\u00e9licatement soulign\u00e9s par une pointe de sel, qui laissent un souvenir imp\u00e9rissable. Alliant des subtilit\u00e9s rares \u00e0 une s\u00e9cheresse magistralement \u00e9quilibr\u00e9e, le Kanya, avec son charme captivant, s&#8217;impose comme l&#8217;un des whiskies indiens les plus d\u00e9licatement textur\u00e9s jamais mis en bouteille. Ar\u00f4me : Les premi\u00e8res notes d&#8217;agrumes l\u00e9gers se m\u00ealent \u00e0 la richesse du miel de manuka ; une pr\u00e9sence robuste de malt est habilement m\u00e9lang\u00e9e \u00e0 l&#8217;essence de p\u00eache m\u00fbre, d&#8217;abricot et de vanille. Go\u00fbt : Bouche impeccable caract\u00e9ris\u00e9e par une onctuosit\u00e9 opulente. Le ch\u00eane lui conf\u00e8re un doux go\u00fbt de caramel, sucr\u00e9 et tout \u00e0 fait d\u00e9licieux. Finale : Le palais est envelopp\u00e9 d&#8217;une symphonie d&#8217;\u00e9pices chaudes tiss\u00e9es dans le ch\u00eane grill\u00e9. Un subtil sous-courant de salinit\u00e9 assure une conclusion chaleureuse. Harmonie : Un whisky extraordinairement complexe, o\u00f9 le caract\u00e8re prononc\u00e9 du malt et la s\u00e9cheresse m\u00e9ticuleusement \u00e9quilibr\u00e9e se combinent pour faire de ce whisky l&#8217;une des expressions indiennes les plus velout\u00e9es qui aient jamais orn\u00e9 une bouteille.<\/p>\n","protected":false},"featured_media":77344,"comment_status":"open","ping_status":"closed","template":"","meta":{"_acf_changed":false},"product_brand":[],"product_cat":[468,530],"product_tag":[],"class_list":{"0":"post-78988","1":"product","2":"type-product","3":"status-publish","4":"has-post-thumbnail","6":"product_cat-paul-john-fr","7":"product_cat-india-fr","9":"first","10":"instock","11":"taxable","12":"shipping-taxable","13":"purchasable","14":"product-type-simple"},"acf":[],"aioseo_notices":[],"jetpack_sharing_enabled":true,"_links":{"self":[{"href":"https:\/\/whisky.ad\/fr\/wp-json\/wp\/v2\/product\/78988","targetHints":{"allow":["GET"]}}],"collection":[{"href":"https:\/\/whisky.ad\/fr\/wp-json\/wp\/v2\/product"}],"about":[{"href":"https:\/\/whisky.ad\/fr\/wp-json\/wp\/v2\/types\/product"}],"replies":[{"embeddable":true,"href":"https:\/\/whisky.ad\/fr\/wp-json\/wp\/v2\/comments?post=78988"}],"wp:featuredmedia":[{"embeddable":true,"href":"https:\/\/whisky.ad\/fr\/wp-json\/wp\/v2\/media\/77344"}],"wp:attachment":[{"href":"https:\/\/whisky.ad\/fr\/wp-json\/wp\/v2\/media?parent=78988"}],"wp:term":[{"taxonomy":"product_brand","embeddable":true,"href":"https:\/\/whisky.ad\/fr\/wp-json\/wp\/v2\/product_brand?post=78988"},{"taxonomy":"product_cat","embeddable":true,"href":"https:\/\/whisky.ad\/fr\/wp-json\/wp\/v2\/product_cat?post=78988"},{"taxonomy":"product_tag","embeddable":true,"href":"https:\/\/whisky.ad\/fr\/wp-json\/wp\/v2\/product_tag?post=78988"}],"curies":[{"name":"wp","href":"https:\/\/api.w.org\/{rel}","templated":true}]}}