{"id":78984,"date":"2023-08-28T15:06:11","date_gmt":"2023-08-28T14:06:11","guid":{"rendered":"https:\/\/whisky.ad\/product\/paul-john-edited-single-malt-46-0-7l\/"},"modified":"2023-08-28T15:06:11","modified_gmt":"2023-08-28T14:06:11","slug":"paul-john-edited-single-malt-46-0-7l","status":"publish","type":"product","link":"https:\/\/whisky.ad\/fr\/produit\/paul-john-edited-single-malt-46-0-7l\/","title":{"rendered":"Paul John Edited Single Malt 46% 0.7l"},"content":{"rendered":"","protected":false},"excerpt":{"rendered":"<p>Pr\u00e9sentation du whisky single malt indien Edited #PaulJohnEdited Alcool par volume (ABV) : 46% Con\u00e7u pour l&#8217;exceptionnel, Edited t\u00e9moigne de notre expertise in\u00e9gal\u00e9e dans l&#8217;art du Single Malt. M\u00e9ticuleusement compos\u00e9, une touche subtile de tourbe \u00e9merge, m\u00e9ticuleusement d\u00e9riv\u00e9e de profils de f\u00fbts soigneusement s\u00e9lectionn\u00e9s. Une symphonie pour l&#8217;amateur de whisky exigeant, o\u00f9 la ma\u00eetrise ne conna\u00eet pas de limites. \u00c9coutez les r\u00e9cits de la c\u00f4te de Goan, non filtr\u00e9s et non domestiqu\u00e9s, se d\u00e9rouler. Ar\u00f4me : Entrelac\u00e9 de fils de miel et de cacao se trouve un d\u00e9licat voile de fum\u00e9e, accompagn\u00e9 de l&#8217;attrait d&#8217;un caf\u00e9 expresso. En creusant un peu, on d\u00e9couvre les secrets des essences fruit\u00e9es. Le go\u00fbt : L&#8217;\u00e9treinte herbac\u00e9e de l&#8217;orge prend le devant de la sc\u00e8ne, c\u00e9dant gracieusement la place \u00e0 des chuchotements nuanc\u00e9s de tourbe. Ces douces tonalit\u00e9s fum\u00e9es c\u00e8dent gracieusement la place \u00e0 une explosion de menthe et de moka, s&#8217;engageant dans une danse harmonieuse. Finale : Un adieu prolong\u00e9 et sans h\u00e2te nous attend. Un murmure d&#8217;\u00e9pices et de menthe chocolat\u00e9e s&#8217;attarde, pour finalement faire ses adieux avec un doux rappel de la pr\u00e9sence de la tourbe. Couleur : or ambr\u00e9 radieux, \u00e0 l&#8217;image de son essence. Mariage : Les nuances discr\u00e8tes de tourbe et les nuances de menthe chocolat\u00e9e de ce Single Malt trouvent leurs compagnons parfaits dans un rago\u00fbt d&#8217;agneau doucement \u00e9pic\u00e9 ou dans l&#8217;\u00e9treinte d&#8217;un chocolat noir.<\/p>\n","protected":false},"featured_media":77314,"comment_status":"open","ping_status":"closed","template":"","meta":{"_acf_changed":false},"product_brand":[],"product_cat":[468,530],"product_tag":[],"class_list":{"0":"post-78984","1":"product","2":"type-product","3":"status-publish","4":"has-post-thumbnail","6":"product_cat-paul-john-fr","7":"product_cat-india-fr","9":"first","10":"instock","11":"taxable","12":"shipping-taxable","13":"purchasable","14":"product-type-simple"},"acf":[],"aioseo_notices":[],"jetpack_sharing_enabled":true,"_links":{"self":[{"href":"https:\/\/whisky.ad\/fr\/wp-json\/wp\/v2\/product\/78984","targetHints":{"allow":["GET"]}}],"collection":[{"href":"https:\/\/whisky.ad\/fr\/wp-json\/wp\/v2\/product"}],"about":[{"href":"https:\/\/whisky.ad\/fr\/wp-json\/wp\/v2\/types\/product"}],"replies":[{"embeddable":true,"href":"https:\/\/whisky.ad\/fr\/wp-json\/wp\/v2\/comments?post=78984"}],"wp:featuredmedia":[{"embeddable":true,"href":"https:\/\/whisky.ad\/fr\/wp-json\/wp\/v2\/media\/77314"}],"wp:attachment":[{"href":"https:\/\/whisky.ad\/fr\/wp-json\/wp\/v2\/media?parent=78984"}],"wp:term":[{"taxonomy":"product_brand","embeddable":true,"href":"https:\/\/whisky.ad\/fr\/wp-json\/wp\/v2\/product_brand?post=78984"},{"taxonomy":"product_cat","embeddable":true,"href":"https:\/\/whisky.ad\/fr\/wp-json\/wp\/v2\/product_cat?post=78984"},{"taxonomy":"product_tag","embeddable":true,"href":"https:\/\/whisky.ad\/fr\/wp-json\/wp\/v2\/product_tag?post=78984"}],"curies":[{"name":"wp","href":"https:\/\/api.w.org\/{rel}","templated":true}]}}