{"id":78981,"date":"2023-08-28T15:11:42","date_gmt":"2023-08-28T14:11:42","guid":{"rendered":"https:\/\/whisky.ad\/product\/paul-john-classic-select-cask-55-2-0-7l\/"},"modified":"2023-08-28T15:11:42","modified_gmt":"2023-08-28T14:11:42","slug":"paul-john-classic-select-cask-55-2-0-7l","status":"publish","type":"product","link":"https:\/\/whisky.ad\/fr\/produit\/paul-john-classic-select-cask-55-2-0-7l\/","title":{"rendered":"Paul John Classic Select Cask 55.2% 0.7l"},"content":{"rendered":"","protected":false},"excerpt":{"rendered":"<p>PAUL JOHN CLASSIC SELECT CASK INDIAN SINGLE MALT WHISKY #PaulJohnClassicSelectCask Alcool en volume : 55,2% Embarquez pour un voyage \u00e0 travers le Goa tropical \u00e0 chaque gorg\u00e9e du Classic Select Cask. L&#8217;abondante vivacit\u00e9 de ce Single Malt caresse vos sens d\u00e8s le d\u00e9but. \u00c9labor\u00e9 gr\u00e2ce \u00e0 une maturation m\u00e9ticuleuse dans des f\u00fbts soigneusement choisis, il est mis en bouteille \u00e0 sa force naturelle sans subir de filtration \u00e0 froid. Plongez dans l&#8217;exub\u00e9rante essence tropicale, pr\u00e9sent\u00e9e \u00e0 la mani\u00e8re authentique de Goan. Ar\u00f4me : Des notes de fruits et de malt s&#8217;entrem\u00ealent avec des touches de miel. Une subtile suggestion de bourbon ajoute une allure s\u00e9duisante. Go\u00fbt : D\u00e8s la premi\u00e8re gorg\u00e9e, des saveurs d&#8217;orge malt\u00e9e accueillent le palais. Une fusion captivante de bourbon, de miel de manuka et de r\u00e9glisse forme un noyau captivant. Au cours de ce d\u00e9licieux voyage, une note inattendue de miel grill\u00e9 \u00e9merge, surprenant agr\u00e9ablement les sens. Finale : Le point culminant de ce Single Malt est une finale \u00e9l\u00e9gante et douce, avec des nuances de Demerara succulentes qui assurent une conclusion douce et invitante. Couleur : Ambre profond. Mariage : Les \u00e9pices infus\u00e9es dans le ch\u00eane et le comportement raffin\u00e9 de ce classique indien accompagnent parfaitement des plats tels que le saumon fum\u00e9, le jambon ou m\u00eame un indulgent souffl\u00e9 au chocolat.<\/p>\n","protected":false},"featured_media":77332,"comment_status":"open","ping_status":"closed","template":"","meta":{"_acf_changed":false},"product_brand":[],"product_cat":[468,530],"product_tag":[],"class_list":{"0":"post-78981","1":"product","2":"type-product","3":"status-publish","4":"has-post-thumbnail","6":"product_cat-paul-john-fr","7":"product_cat-india-fr","9":"first","10":"outofstock","11":"taxable","12":"shipping-taxable","13":"product-type-simple"},"acf":[],"aioseo_notices":[],"jetpack_sharing_enabled":true,"_links":{"self":[{"href":"https:\/\/whisky.ad\/fr\/wp-json\/wp\/v2\/product\/78981","targetHints":{"allow":["GET"]}}],"collection":[{"href":"https:\/\/whisky.ad\/fr\/wp-json\/wp\/v2\/product"}],"about":[{"href":"https:\/\/whisky.ad\/fr\/wp-json\/wp\/v2\/types\/product"}],"replies":[{"embeddable":true,"href":"https:\/\/whisky.ad\/fr\/wp-json\/wp\/v2\/comments?post=78981"}],"wp:featuredmedia":[{"embeddable":true,"href":"https:\/\/whisky.ad\/fr\/wp-json\/wp\/v2\/media\/77332"}],"wp:attachment":[{"href":"https:\/\/whisky.ad\/fr\/wp-json\/wp\/v2\/media?parent=78981"}],"wp:term":[{"taxonomy":"product_brand","embeddable":true,"href":"https:\/\/whisky.ad\/fr\/wp-json\/wp\/v2\/product_brand?post=78981"},{"taxonomy":"product_cat","embeddable":true,"href":"https:\/\/whisky.ad\/fr\/wp-json\/wp\/v2\/product_cat?post=78981"},{"taxonomy":"product_tag","embeddable":true,"href":"https:\/\/whisky.ad\/fr\/wp-json\/wp\/v2\/product_tag?post=78981"}],"curies":[{"name":"wp","href":"https:\/\/api.w.org\/{rel}","templated":true}]}}