{"id":78977,"date":"2023-08-28T15:04:34","date_gmt":"2023-08-28T14:04:34","guid":{"rendered":"https:\/\/whisky.ad\/product\/paul-john-brilliance-single-malt-46-0-7l\/"},"modified":"2023-08-28T15:04:34","modified_gmt":"2023-08-28T14:04:34","slug":"paul-john-brilliance-single-malt-46-0-7l","status":"publish","type":"product","link":"https:\/\/whisky.ad\/fr\/produit\/paul-john-brilliance-single-malt-46-0-7l\/","title":{"rendered":"Paul John Brilliance Single Malt 46% 0.7l"},"content":{"rendered":"","protected":false},"excerpt":{"rendered":"<p>Voici le whisky indien Single Malt Brilliance #PaulJohnBrilliance Alcool par volume (ABV) : 46% Originaire des rivages ensoleill\u00e9s de Goa, en Inde, ce whisky single malt indien non tourb\u00e9, par\u00e9 d&#8217;une radieuse teinte cuivr\u00e9e, vous invite \u00e0 savourer sa d\u00e9licate douceur, compl\u00e9t\u00e9e par une douce brise d&#8217;\u00e9pices. Sa douceur velout\u00e9e caresse le palais, r\u00e9v\u00e9lant un croquant unique infus\u00e9 de cacao, menant \u00e0 une finale profonde de ch\u00eane am\u00e9ricain entrelac\u00e9e de succulentes notes de cr\u00e8me de vanille. Plongez dans l&#8217;art de ce chef-d&#8217;\u0153uvre m\u00e9ticuleusement \u00e9labor\u00e9 et non filtr\u00e9 \u00e0 froid. Ar\u00f4me : Les sucres de Demerara exhalent un ar\u00f4me de douceur d\u00e9licate, soulign\u00e9 par des chuchotements de cannelle, une touche de miel et des \u00e9pices subtiles. Go\u00fbt : Une symphonie de douceur et d&#8217;\u00e9pices danse dans ce Single Malt. L&#8217;onctuosit\u00e9 mielleuse s&#8217;harmonise avec un d\u00e9licieux croquant qui rappelle celui d&#8217;une tablette de chocolat. Il y a m\u00eame une trace subtile de cacao qui persiste en arri\u00e8re-plan. Finale : La brillance prend cong\u00e9 avec une finale gracieusement douce et sans h\u00e2te, orn\u00e9e de notes d&#8217;\u00e9pices douces et de vanille riche et profonde. Couleur : Cuivre radieux, rappelant des facettes \u00e9tincelantes. Accompagnement : Avec ses couches opulentes de vanille et ses accents discrets d&#8217;\u00e9pices, ce Single Malt est le compagnon id\u00e9al des tartes aux fruits indulgentes et des plats de viande grill\u00e9e indienne d\u00e9licatement pr\u00e9par\u00e9s.<\/p>\n","protected":false},"featured_media":77308,"comment_status":"open","ping_status":"closed","template":"","meta":{"_acf_changed":false},"product_brand":[],"product_cat":[468,530],"product_tag":[],"class_list":{"0":"post-78977","1":"product","2":"type-product","3":"status-publish","4":"has-post-thumbnail","6":"product_cat-paul-john-fr","7":"product_cat-india-fr","9":"first","10":"instock","11":"taxable","12":"shipping-taxable","13":"purchasable","14":"product-type-simple"},"acf":[],"aioseo_notices":[],"jetpack_sharing_enabled":true,"_links":{"self":[{"href":"https:\/\/whisky.ad\/fr\/wp-json\/wp\/v2\/product\/78977","targetHints":{"allow":["GET"]}}],"collection":[{"href":"https:\/\/whisky.ad\/fr\/wp-json\/wp\/v2\/product"}],"about":[{"href":"https:\/\/whisky.ad\/fr\/wp-json\/wp\/v2\/types\/product"}],"replies":[{"embeddable":true,"href":"https:\/\/whisky.ad\/fr\/wp-json\/wp\/v2\/comments?post=78977"}],"wp:featuredmedia":[{"embeddable":true,"href":"https:\/\/whisky.ad\/fr\/wp-json\/wp\/v2\/media\/77308"}],"wp:attachment":[{"href":"https:\/\/whisky.ad\/fr\/wp-json\/wp\/v2\/media?parent=78977"}],"wp:term":[{"taxonomy":"product_brand","embeddable":true,"href":"https:\/\/whisky.ad\/fr\/wp-json\/wp\/v2\/product_brand?post=78977"},{"taxonomy":"product_cat","embeddable":true,"href":"https:\/\/whisky.ad\/fr\/wp-json\/wp\/v2\/product_cat?post=78977"},{"taxonomy":"product_tag","embeddable":true,"href":"https:\/\/whisky.ad\/fr\/wp-json\/wp\/v2\/product_tag?post=78977"}],"curies":[{"name":"wp","href":"https:\/\/api.w.org\/{rel}","templated":true}]}}