{"id":78971,"date":"2023-08-03T10:57:00","date_gmt":"2023-08-03T09:57:00","guid":{"rendered":"https:\/\/whisky.ad\/product\/patridom-seleccion-exclusiva-12-yo-0-7l-40\/"},"modified":"2024-01-08T12:15:07","modified_gmt":"2024-01-08T11:15:07","slug":"patridom-seleccion-exclusiva-12-yo-0-7l-40","status":"publish","type":"product","link":"https:\/\/whisky.ad\/fr\/produit\/patridom-seleccion-exclusiva-12-yo-0-7l-40\/","title":{"rendered":"Patridom Selecci\u00f3n Exclusiva Dominican Rum12 YO 0.7L 40%"},"content":{"rendered":"","protected":false},"excerpt":{"rendered":"<div class=\"flex flex-grow flex-col gap-3\">\n<div class=\"min-h-[20px] flex flex-col items-start gap-3 overflow-x-auto whitespace-pre-wrap break-words\">\n<div class=\"markdown prose w-full break-words dark:prose-invert light\">\n<p>Patridom 12, une d\u00e9licieuse fusion de rhums au pur jus de canne et de rhums de m\u00e9lasse originaires de la R\u00e9publique dominicaine. Ces rhums fins sont soigneusement vieillis en f\u00fbts de ch\u00eane fran\u00e7ais et am\u00e9ricain dans le cadre du syst\u00e8me de solera, ce qui leur permet de d\u00e9velopper leurs riches saveurs pendant 6 \u00e0 12 ans. Anciennement connu sous le nom de Ron Esclavo 12 Year Old, Patridom 12 conserve sa qualit\u00e9 exceptionnelle et son essence inchang\u00e9e. Il n&#8217;est que l&#8217;un des membres de la gamme Patridom core, qui compte quatre expressions distinctes, chacune offrant un profil de saveurs captivant. Produit par Alcoholes Finos Dominicanos, Patridom garantit l&#8217;authenticit\u00e9 de ses rhums en s&#8217;approvisionnant exclusivement en canne \u00e0 sucre dans les champs g\u00e9n\u00e9reux de la R\u00e9publique dominicaine. Parmi ces expressions figure Patridom Selecci\u00f3n Exclusiva, un rhum haut de gamme \u00e9labor\u00e9 \u00e0 partir de m\u00e9lasse de canne \u00e0 sucre et m\u00fbri avec art dans le climat tropical de la R\u00e9publique dominicaine. Vieilli patiemment pendant six \u00e0 douze ans dans un m\u00e9lange harmonieux de f\u00fbts de ch\u00eane am\u00e9ricain et de ch\u00eane fran\u00e7ais, ce rhum exquis promet une exp\u00e9rience gustative tout \u00e0 fait exceptionnelle. <\/p>\n<\/div>\n<\/div>\n<\/div>\n","protected":false},"featured_media":76981,"comment_status":"open","ping_status":"closed","template":"","meta":{"_acf_changed":false},"product_brand":[],"product_cat":[368,400],"product_tag":[],"class_list":{"0":"post-78971","1":"product","2":"type-product","3":"status-publish","4":"has-post-thumbnail","6":"product_cat-rhum-fr","7":"product_cat-republique-dominicaine","9":"first","10":"instock","11":"taxable","12":"shipping-taxable","13":"purchasable","14":"product-type-simple"},"acf":[],"aioseo_notices":[],"jetpack_sharing_enabled":true,"_links":{"self":[{"href":"https:\/\/whisky.ad\/fr\/wp-json\/wp\/v2\/product\/78971","targetHints":{"allow":["GET"]}}],"collection":[{"href":"https:\/\/whisky.ad\/fr\/wp-json\/wp\/v2\/product"}],"about":[{"href":"https:\/\/whisky.ad\/fr\/wp-json\/wp\/v2\/types\/product"}],"replies":[{"embeddable":true,"href":"https:\/\/whisky.ad\/fr\/wp-json\/wp\/v2\/comments?post=78971"}],"wp:featuredmedia":[{"embeddable":true,"href":"https:\/\/whisky.ad\/fr\/wp-json\/wp\/v2\/media\/76981"}],"wp:attachment":[{"href":"https:\/\/whisky.ad\/fr\/wp-json\/wp\/v2\/media?parent=78971"}],"wp:term":[{"taxonomy":"product_brand","embeddable":true,"href":"https:\/\/whisky.ad\/fr\/wp-json\/wp\/v2\/product_brand?post=78971"},{"taxonomy":"product_cat","embeddable":true,"href":"https:\/\/whisky.ad\/fr\/wp-json\/wp\/v2\/product_cat?post=78971"},{"taxonomy":"product_tag","embeddable":true,"href":"https:\/\/whisky.ad\/fr\/wp-json\/wp\/v2\/product_tag?post=78971"}],"curies":[{"name":"wp","href":"https:\/\/api.w.org\/{rel}","templated":true}]}}