{"id":78967,"date":"2023-08-27T18:44:41","date_gmt":"2023-08-27T17:44:41","guid":{"rendered":"https:\/\/whisky.ad\/product\/paddy-irish-whiskey-0-7l-40\/"},"modified":"2023-08-27T18:44:41","modified_gmt":"2023-08-27T17:44:41","slug":"paddy-irish-whiskey-0-7l-40","status":"publish","type":"product","link":"https:\/\/whisky.ad\/fr\/produit\/paddy-irish-whiskey-0-7l-40\/","title":{"rendered":"Paddy Irish Whiskey 0.7L 40%"},"content":{"rendered":"","protected":false},"excerpt":{"rendered":"<div class=\"flex flex-grow flex-col gap-3 max-w-full\">\n<div class=\"min-h-[20px] flex flex-col items-start gap-3 overflow-x-auto whitespace-pre-wrap break-words\">\n<div class=\"markdown prose w-full break-words dark:prose-invert light\">\n<p>Le whiskey irlandais le plus vendu et le plus r\u00e9put\u00e9 au monde Le gentleman lui-m\u00eame Depuis 1913, l&#8217;essence de Paddy continue de prosp\u00e9rer dans le Paddy Irish Whiskey, qui porte fi\u00e8rement son nom. Un vendeur embl\u00e9matique Patrick J. O&#8217;Flaherty, connu sous le nom de Paddy, a pass\u00e9 quatre d\u00e9cennies \u00e9tonnantes \u00e0 vendre le whiskey qui porte aujourd&#8217;hui son nom, dans tous les pubs d&#8217;Irlande, au cours de la remarquable p\u00e9riode du XXe si\u00e8cle. Dot\u00e9 d&#8217;un charisme magn\u00e9tique, d&#8217;un charme sociable et d&#8217;une nature ouverte, Paddy offrait constamment des tourn\u00e9es de boissons aux clients, forgeant des amiti\u00e9s partout o\u00f9 il passait, tout en veillant \u00e0 ce que tout le monde profite des bons moments. Dot\u00e9 de gentillesse et de sagesse, associ\u00e9 \u00e0 un esprit vif et \u00e0 une bonne humeur, Paddy \u00e9tait toujours chaleureusement accueilli, ce qui lui a valu l&#8217;adoration de tous. Apr\u00e8s quatre d\u00e9cennies de service d\u00e9vou\u00e9, le whisky qu&#8217;il vendait avec tant de passion est devenu synonyme de son propre nom. Ar\u00f4me : Malts, fra\u00eecheur, bois\u00e9, accompagn\u00e9 de d\u00e9licates notes d&#8217;\u00e9pices, de miel et de vanille. Go\u00fbt : D\u00e9licatement l\u00e9g\u00e8re et rafra\u00eechissante, avec des notes subtiles de noix, de malt et de bois carbonis\u00e9. Finale : Une douceur qui s&#8217;estompe gracieusement, laissant derri\u00e8re elle une trace persistante de malt doux et bois\u00e9.<\/p>\n<\/div>\n<\/div>\n<\/div>\n","protected":false},"featured_media":77188,"comment_status":"open","ping_status":"closed","template":"","meta":{"_acf_changed":false},"product_brand":[],"product_cat":[357,467,502],"product_tag":[],"class_list":{"0":"post-78967","1":"product","2":"type-product","3":"status-publish","4":"has-post-thumbnail","6":"product_cat-whisky-by-brand-fr","7":"product_cat-paddy-fr","8":"product_cat-ireland-fr","10":"first","11":"instock","12":"taxable","13":"shipping-taxable","14":"purchasable","15":"product-type-simple"},"acf":[],"aioseo_notices":[],"jetpack_sharing_enabled":true,"_links":{"self":[{"href":"https:\/\/whisky.ad\/fr\/wp-json\/wp\/v2\/product\/78967","targetHints":{"allow":["GET"]}}],"collection":[{"href":"https:\/\/whisky.ad\/fr\/wp-json\/wp\/v2\/product"}],"about":[{"href":"https:\/\/whisky.ad\/fr\/wp-json\/wp\/v2\/types\/product"}],"replies":[{"embeddable":true,"href":"https:\/\/whisky.ad\/fr\/wp-json\/wp\/v2\/comments?post=78967"}],"wp:featuredmedia":[{"embeddable":true,"href":"https:\/\/whisky.ad\/fr\/wp-json\/wp\/v2\/media\/77188"}],"wp:attachment":[{"href":"https:\/\/whisky.ad\/fr\/wp-json\/wp\/v2\/media?parent=78967"}],"wp:term":[{"taxonomy":"product_brand","embeddable":true,"href":"https:\/\/whisky.ad\/fr\/wp-json\/wp\/v2\/product_brand?post=78967"},{"taxonomy":"product_cat","embeddable":true,"href":"https:\/\/whisky.ad\/fr\/wp-json\/wp\/v2\/product_cat?post=78967"},{"taxonomy":"product_tag","embeddable":true,"href":"https:\/\/whisky.ad\/fr\/wp-json\/wp\/v2\/product_tag?post=78967"}],"curies":[{"name":"wp","href":"https:\/\/api.w.org\/{rel}","templated":true}]}}