{"id":78961,"date":"2023-07-29T18:22:41","date_gmt":"2023-07-29T17:22:41","guid":{"rendered":"https:\/\/whisky.ad\/product\/monastere-de-st-mont-rouge-2017-075l-145\/"},"modified":"2023-07-29T18:22:41","modified_gmt":"2023-07-29T17:22:41","slug":"monastere-de-st-mont-rouge-2017-075l-145","status":"publish","type":"product","link":"https:\/\/whisky.ad\/fr\/produit\/monastere-de-st-mont-rouge-2017-075l-145\/","title":{"rendered":"Monast\u00e8re de St.-Mont rouge 2017 0,75l 14,5%"},"content":{"rendered":"","protected":false},"excerpt":{"rendered":"<div class=\"flex flex-grow flex-col gap-3\">\n<div class=\"min-h-[20px] flex items-start overflow-x-auto whitespace-pre-wrap break-words flex-col gap-4\">\n<div class=\"markdown prose w-full break-words dark:prose-invert light\">\n<p>De ses origines : Sur un vignoble total de 7,5 hectares (Tannat, Pinenc, Cabernet Sauvignon), seuls 5 hectares sont d\u00e9di\u00e9s \u00e0 la production du Grand Vin. Le terroir du Monast\u00e8re de Saint-Mont est unique dans l&#8217;appellation par sa richesse exceptionnelle en argile \u00e0 couches stratifi\u00e9es et son exposition fra\u00eeche (coteaux et plateaux orient\u00e9s nord-est). Le Tannat y d\u00e9veloppe une structure tannique et une puissance in\u00e9gal\u00e9es gr\u00e2ce \u00e0 une alimentation hydrique r\u00e9gul\u00e9e et limit\u00e9e. Dans les parcelles du Monast\u00e8re, le Tannat atteint sa pleine maturit\u00e9 en fin de saison tout en conservant sa vivacit\u00e9. En cave : L&#8217;\u00e9levage de cette cuv\u00e9e se fait en barriques pendant 12 \u00e0 14 mois. L&#8217;\u00e9levage final du lot est r\u00e9alis\u00e9 en cuve pendant 4 mois suppl\u00e9mentaires pour apporter une harmonie compl\u00e8te \u00e0 cette cuv\u00e9e. En bouche : Ce vin pr\u00e9sente une robe rouge sombre et brillante aux reflets noirs. L&#8217;attaque est affirm\u00e9e, offrant des notes de fruits intenses. En milieu de bouche, les \u00e9pices sont port\u00e9es par une \u00e9norme structure tannique. La puissance constitue la colonne vert\u00e9brale de ce vin, mais il ne faut pas oublier son noyau subtil, riche en fruits.<\/p>\n<\/div>\n<\/div>\n<\/div>\n","protected":false},"featured_media":77089,"comment_status":"open","ping_status":"closed","template":"","meta":{"_acf_changed":false},"product_brand":[],"product_cat":[511,389],"product_tag":[],"class_list":{"0":"post-78961","1":"product","2":"type-product","3":"status-publish","4":"has-post-thumbnail","6":"product_cat-saint-mont-fr","7":"product_cat-wine-fr","9":"first","10":"instock","11":"taxable","12":"shipping-taxable","13":"product-type-simple"},"acf":[],"aioseo_notices":[],"jetpack_sharing_enabled":true,"_links":{"self":[{"href":"https:\/\/whisky.ad\/fr\/wp-json\/wp\/v2\/product\/78961","targetHints":{"allow":["GET"]}}],"collection":[{"href":"https:\/\/whisky.ad\/fr\/wp-json\/wp\/v2\/product"}],"about":[{"href":"https:\/\/whisky.ad\/fr\/wp-json\/wp\/v2\/types\/product"}],"replies":[{"embeddable":true,"href":"https:\/\/whisky.ad\/fr\/wp-json\/wp\/v2\/comments?post=78961"}],"wp:featuredmedia":[{"embeddable":true,"href":"https:\/\/whisky.ad\/fr\/wp-json\/wp\/v2\/media\/77089"}],"wp:attachment":[{"href":"https:\/\/whisky.ad\/fr\/wp-json\/wp\/v2\/media?parent=78961"}],"wp:term":[{"taxonomy":"product_brand","embeddable":true,"href":"https:\/\/whisky.ad\/fr\/wp-json\/wp\/v2\/product_brand?post=78961"},{"taxonomy":"product_cat","embeddable":true,"href":"https:\/\/whisky.ad\/fr\/wp-json\/wp\/v2\/product_cat?post=78961"},{"taxonomy":"product_tag","embeddable":true,"href":"https:\/\/whisky.ad\/fr\/wp-json\/wp\/v2\/product_tag?post=78961"}],"curies":[{"name":"wp","href":"https:\/\/api.w.org\/{rel}","templated":true}]}}