{"id":78958,"date":"2023-08-28T16:17:48","date_gmt":"2023-08-28T15:17:48","guid":{"rendered":"https:\/\/whisky.ad\/product\/milk-and-honey-apex-small-bach-sherry-cask-53-6-07l\/"},"modified":"2023-08-28T16:17:48","modified_gmt":"2023-08-28T15:17:48","slug":"milk-and-honey-apex-small-bach-sherry-cask-53-6-07l","status":"publish","type":"product","link":"https:\/\/whisky.ad\/fr\/produit\/milk-and-honey-apex-small-bach-sherry-cask-53-6-07l\/","title":{"rendered":"Milk And Honey Apex Small Bach Sherry cask 53.6% 07l"},"content":{"rendered":"","protected":false},"excerpt":{"rendered":"<p>Pr\u00e9sentation du whisky Single Malt Exquisite D\u00e9couvrez le monde des saveurs \u00e0 chaque gorg\u00e9e de cet extraordinaire whisky Single Malt, dont chaque facette raconte l&#8217;histoire d&#8217;un travail artisanal m\u00e9ticuleux et d&#8217;une maturation exceptionnelle. Le voyage commence par un ar\u00f4me de ch\u00eane grill\u00e9, pr\u00e9lude \u00e0 l&#8217;indulgence du chocolat noir qui suit gracieusement. Au fur et \u00e0 mesure que les sens s&#8217;\u00e9veillent, de d\u00e9licates notes de fruits rouges s\u00e9ch\u00e9s apparaissent, offrant un soup\u00e7on de douceur, tandis qu&#8217;une essence subtile de bergamote ajoute une dimension s\u00e9duisante. \u00c0 la d\u00e9gustation, le palais est accueilli par la nostalgie r\u00e9confortante de la p\u00e2te bris\u00e9e, un rappel r\u00e9confortant de la bont\u00e9 du fait maison, entrelac\u00e9 avec l&#8217;allure subtile des fruits secs. La symphonie des saveurs prend une tournure d\u00e9licieuse lorsque les grains de poivre noir broy\u00e9s apparaissent, apportant un doux piquant, en parfaite harmonie avec le zeste vivifiant du citron fra\u00eechement pel\u00e9. La fin de ce remarquable voyage est empreinte d&#8217;\u00e9l\u00e9gance et de distinction. Se d\u00e9ployant avec gr\u00e2ce, elle s&#8217;attarde sur le palais, \u00e9voquant un sentiment d&#8217;exploration sans fin. Des notes de sucre caram\u00e9lis\u00e9 apportent une touche de douceur, tandis que l&#8217;essence profonde de r\u00e9glisse noire ajoute une complexit\u00e9 intrigante. Le piment de la Jama\u00efque \u00e9merge ensuite, apportant une \u00e9treinte chaleureuse qui r\u00e9sonne et laisse un souvenir imp\u00e9rissable. Au c\u0153ur de ce whisky exceptionnel se trouve un processus de maturation artistique. Le soleil m\u00e9diterran\u00e9en baigne chaque f\u00fbt, conf\u00e9rant au liquide un caract\u00e8re unique, guid\u00e9 par la s\u00e9lection minutieuse de f\u00fbts de PX et d&#8217;Oloroso ex-sherry. Cette combinaison historique conf\u00e8re une douceur cors\u00e9e et un piquant complexe, cr\u00e9ant une tapisserie d&#8217;ar\u00f4mes complexes qui dansent sur les sens. D&#8217;une int\u00e9grit\u00e9 sans compromis, ce whisky est un t\u00e9moignage d&#8217;authenticit\u00e9. Embouteill\u00e9 dans sa forme la plus pure, il n&#8217;a pas subi de filtration \u00e0 froid, ce qui pr\u00e9serve sa nature intacte. En outre, aucun colorant artificiel n&#8217;a \u00e9t\u00e9 ajout\u00e9, ce qui permet \u00e0 ses teintes naturelles de briller. Avec une teneur en alcool de 53,6 % vol, il incarne un spiritueux robuste et intense, pr\u00eat \u00e0 captiver le palais \u00e0 chaque gorg\u00e9e nuanc\u00e9e. La s\u00e9rie Apex de l&#8217;estim\u00e9e distillerie M&amp;H de Tel-Aviv repr\u00e9sente une collection exceptionnelle de whiskies Single Malt, chacun t\u00e9moignant du mariage d&#8217;un savoir-faire artisanal distinctif et d&#8217;une s\u00e9lection m\u00e9ticuleuse de f\u00fbts. En cons\u00e9quence, chaque expression de cette s\u00e9rie incarne un r\u00e9cit unique, pr\u00e9sentant un \u00e9ventail d&#8217;ar\u00f4mes et de saveurs captivants qui vous invitent \u00e0 embarquer pour un voyage remarquable dans le monde du whisky.<\/p>\n","protected":false},"featured_media":78477,"comment_status":"open","ping_status":"closed","template":"","meta":{"_acf_changed":false},"product_brand":[],"product_cat":[460,526],"product_tag":[],"class_list":{"0":"post-78958","1":"product","2":"type-product","3":"status-publish","4":"has-post-thumbnail","6":"product_cat-milk-honey-fr","7":"product_cat-israel-fr","9":"first","10":"instock","11":"taxable","12":"shipping-taxable","13":"purchasable","14":"product-type-simple"},"acf":[],"aioseo_notices":[],"jetpack_sharing_enabled":true,"_links":{"self":[{"href":"https:\/\/whisky.ad\/fr\/wp-json\/wp\/v2\/product\/78958","targetHints":{"allow":["GET"]}}],"collection":[{"href":"https:\/\/whisky.ad\/fr\/wp-json\/wp\/v2\/product"}],"about":[{"href":"https:\/\/whisky.ad\/fr\/wp-json\/wp\/v2\/types\/product"}],"replies":[{"embeddable":true,"href":"https:\/\/whisky.ad\/fr\/wp-json\/wp\/v2\/comments?post=78958"}],"wp:featuredmedia":[{"embeddable":true,"href":"https:\/\/whisky.ad\/fr\/wp-json\/wp\/v2\/media\/78477"}],"wp:attachment":[{"href":"https:\/\/whisky.ad\/fr\/wp-json\/wp\/v2\/media?parent=78958"}],"wp:term":[{"taxonomy":"product_brand","embeddable":true,"href":"https:\/\/whisky.ad\/fr\/wp-json\/wp\/v2\/product_brand?post=78958"},{"taxonomy":"product_cat","embeddable":true,"href":"https:\/\/whisky.ad\/fr\/wp-json\/wp\/v2\/product_cat?post=78958"},{"taxonomy":"product_tag","embeddable":true,"href":"https:\/\/whisky.ad\/fr\/wp-json\/wp\/v2\/product_tag?post=78958"}],"curies":[{"name":"wp","href":"https:\/\/api.w.org\/{rel}","templated":true}]}}