{"id":78956,"date":"2023-08-28T16:00:03","date_gmt":"2023-08-28T15:00:03","guid":{"rendered":"https:\/\/whisky.ad\/product\/milk-honey-elements-sherry-cask-single-malt-46-0-7l\/"},"modified":"2023-08-28T16:00:03","modified_gmt":"2023-08-28T15:00:03","slug":"milk-honey-elements-sherry-cask-single-malt-46-0-7l","status":"publish","type":"product","link":"https:\/\/whisky.ad\/fr\/produit\/milk-honey-elements-sherry-cask-single-malt-46-0-7l\/","title":{"rendered":"Milk &amp; Honey Elements Sherry Cask Single Malt 46% 0.7l"},"content":{"rendered":"","protected":false},"excerpt":{"rendered":"<p>ELEMENTS CASK DE SHERRY \u00c9lu meilleur whisky single malt du monde, notre voyage nous a conduits au c\u0153ur de l&#8217;Espagne, o\u00f9 nous avons m\u00e9ticuleusement fabriqu\u00e9 des f\u00fbts de sherry Oloroso et Pedro Ximenez exclusivement pour cette cr\u00e9ation. Ces f\u00fbts, qui ont contenu du x\u00e9r\u00e8s exceptionnel et ont subi une ann\u00e9e de maturation en Espagne, ont \u00e9t\u00e9 achemin\u00e9s vers notre distillerie pour nourrir notre esprit New-Make en un whisky d&#8217;une exquise complexit\u00e9. AROMA Des notes \u00e9minentes de fruits rouges riches occupent le devant de la sc\u00e8ne, entrem\u00eal\u00e9es d&#8217;un ch\u00eane subtil, d&#8217;un ar\u00f4me de caramel et d&#8217;une touche rafra\u00eechissante de citron. PALADAR Moyennement cors\u00e9 et gracieux. La douceur d\u00e9licate du sherry fait na\u00eetre un orchestre de fruits l\u00e9gers, accompagn\u00e9 de fruits noirs succulents et de chocolat noir, suivi d&#8217;une douce \u00e9treinte de ch\u00eane. FINALIZAR Se d\u00e9ploie longuement. Les \u00e9chos du chocolat noir persistent en bouche, rejoints par la pr\u00e9sence \u00e9vocatrice du tabac et la touche r\u00e9confortante des notes de ch\u00eane.<\/p>\n","protected":false},"featured_media":78500,"comment_status":"open","ping_status":"closed","template":"","meta":{"_acf_changed":false},"product_brand":[],"product_cat":[460,526],"product_tag":[],"class_list":{"0":"post-78956","1":"product","2":"type-product","3":"status-publish","4":"has-post-thumbnail","6":"product_cat-milk-honey-fr","7":"product_cat-israel-fr","9":"first","10":"instock","11":"taxable","12":"shipping-taxable","13":"purchasable","14":"product-type-simple"},"acf":[],"aioseo_notices":[],"jetpack_sharing_enabled":true,"_links":{"self":[{"href":"https:\/\/whisky.ad\/fr\/wp-json\/wp\/v2\/product\/78956","targetHints":{"allow":["GET"]}}],"collection":[{"href":"https:\/\/whisky.ad\/fr\/wp-json\/wp\/v2\/product"}],"about":[{"href":"https:\/\/whisky.ad\/fr\/wp-json\/wp\/v2\/types\/product"}],"replies":[{"embeddable":true,"href":"https:\/\/whisky.ad\/fr\/wp-json\/wp\/v2\/comments?post=78956"}],"wp:featuredmedia":[{"embeddable":true,"href":"https:\/\/whisky.ad\/fr\/wp-json\/wp\/v2\/media\/78500"}],"wp:attachment":[{"href":"https:\/\/whisky.ad\/fr\/wp-json\/wp\/v2\/media?parent=78956"}],"wp:term":[{"taxonomy":"product_brand","embeddable":true,"href":"https:\/\/whisky.ad\/fr\/wp-json\/wp\/v2\/product_brand?post=78956"},{"taxonomy":"product_cat","embeddable":true,"href":"https:\/\/whisky.ad\/fr\/wp-json\/wp\/v2\/product_cat?post=78956"},{"taxonomy":"product_tag","embeddable":true,"href":"https:\/\/whisky.ad\/fr\/wp-json\/wp\/v2\/product_tag?post=78956"}],"curies":[{"name":"wp","href":"https:\/\/api.w.org\/{rel}","templated":true}]}}