{"id":78953,"date":"2023-08-28T16:01:20","date_gmt":"2023-08-28T15:01:20","guid":{"rendered":"https:\/\/whisky.ad\/product\/milk-honey-elements-red-wine-cask-single-malt-46-0-7l\/"},"modified":"2023-08-28T16:01:20","modified_gmt":"2023-08-28T15:01:20","slug":"milk-honey-elements-red-wine-cask-single-malt-46-0-7l","status":"publish","type":"product","link":"https:\/\/whisky.ad\/fr\/produit\/milk-honey-elements-red-wine-cask-single-malt-46-0-7l\/","title":{"rendered":"Milk &amp; Honey ELEMENTS RED WINE CASK Single Malt 46% 0.7l"},"content":{"rendered":"","protected":false},"excerpt":{"rendered":"<p>ELEMENTS RED WINE CASK La s\u00e9lection des anciens f\u00fbts de vin rouge pour ce chapitre de la s\u00e9rie Elements a n\u00e9cessit\u00e9 un approvisionnement m\u00e9ticuleux aupr\u00e8s des caves les plus r\u00e9put\u00e9es d&#8217;Isra\u00ebl. S&#8217;inspirant des nuances climatiques de la M\u00e9diterran\u00e9e, de la diversit\u00e9 des sols, des journ\u00e9es ensoleill\u00e9es et des nuits fra\u00eeches, ces f\u00fbts insufflent de mani\u00e8re unique un caract\u00e8re \u00e9pic\u00e9 au vin isra\u00e9lien &#8211; un caract\u00e8re qui se transmet parfaitement \u00e0 notre whisky. Les f\u00fbts choisis pour l&#8217;\u00e9dition Elements Red Wine rendent hommage au terroir de la r\u00e9gion, ce qui donne un single malt floral harmonis\u00e9 avec l&#8217;essence du chocolat noir. AROME Des ar\u00f4mes \u00e9lev\u00e9s de fruits rouges s\u00e9ch\u00e9s sont compl\u00e9t\u00e9s par des notes de gingembre, de ch\u00eane et un bouquet discret de noix de coco qui s&#8217;entrem\u00ealent gracieusement, menant \u00e0 une l\u00e9g\u00e8re trace de parfum min\u00e9ral. BOUCHE L\u00e9ger et gracieux. Les saveurs du vin enveloppent \u00e9l\u00e9gamment le palais, accompagn\u00e9es d&#8217;un ch\u00eane nuanc\u00e9 et d&#8217;un soup\u00e7on de vanille, suivis d&#8217;une d\u00e9licate floraison de notes florales. FINALE Dur\u00e9e mod\u00e9r\u00e9e. L&#8217;attrait des fruits secs et du vin persiste, culminant avec une \u00e9treinte finale de raisins secs sombres, laissant un sentiment persistant de satisfaction.<\/p>\n","protected":false},"featured_media":78495,"comment_status":"open","ping_status":"closed","template":"","meta":{"_acf_changed":false},"product_brand":[],"product_cat":[460,526],"product_tag":[],"class_list":{"0":"post-78953","1":"product","2":"type-product","3":"status-publish","4":"has-post-thumbnail","6":"product_cat-milk-honey-fr","7":"product_cat-israel-fr","9":"first","10":"instock","11":"taxable","12":"shipping-taxable","13":"purchasable","14":"product-type-simple"},"acf":[],"aioseo_notices":[],"jetpack_sharing_enabled":true,"_links":{"self":[{"href":"https:\/\/whisky.ad\/fr\/wp-json\/wp\/v2\/product\/78953","targetHints":{"allow":["GET"]}}],"collection":[{"href":"https:\/\/whisky.ad\/fr\/wp-json\/wp\/v2\/product"}],"about":[{"href":"https:\/\/whisky.ad\/fr\/wp-json\/wp\/v2\/types\/product"}],"replies":[{"embeddable":true,"href":"https:\/\/whisky.ad\/fr\/wp-json\/wp\/v2\/comments?post=78953"}],"wp:featuredmedia":[{"embeddable":true,"href":"https:\/\/whisky.ad\/fr\/wp-json\/wp\/v2\/media\/78495"}],"wp:attachment":[{"href":"https:\/\/whisky.ad\/fr\/wp-json\/wp\/v2\/media?parent=78953"}],"wp:term":[{"taxonomy":"product_brand","embeddable":true,"href":"https:\/\/whisky.ad\/fr\/wp-json\/wp\/v2\/product_brand?post=78953"},{"taxonomy":"product_cat","embeddable":true,"href":"https:\/\/whisky.ad\/fr\/wp-json\/wp\/v2\/product_cat?post=78953"},{"taxonomy":"product_tag","embeddable":true,"href":"https:\/\/whisky.ad\/fr\/wp-json\/wp\/v2\/product_tag?post=78953"}],"curies":[{"name":"wp","href":"https:\/\/api.w.org\/{rel}","templated":true}]}}