{"id":78950,"date":"2023-08-28T16:02:22","date_gmt":"2023-08-28T15:02:22","guid":{"rendered":"https:\/\/whisky.ad\/product\/milk-honey-elements-peated-single-malt-46-0-7l\/"},"modified":"2023-08-28T16:02:22","modified_gmt":"2023-08-28T15:02:22","slug":"milk-honey-elements-peated-single-malt-46-0-7l","status":"publish","type":"product","link":"https:\/\/whisky.ad\/fr\/produit\/milk-honey-elements-peated-single-malt-46-0-7l\/","title":{"rendered":"Milk &amp; Honey Elements Peated Single Malt 46% 0.7l"},"content":{"rendered":"","protected":false},"excerpt":{"rendered":"<p>ELEMENTS PEATED Une fusion d&#8217;influences atlantiques et m\u00e9diterran\u00e9ennes. Ce whisky m\u00fbrit dans des f\u00fbts d&#8217;Islay, absorbant des ar\u00f4mes fum\u00e9s et des saveurs sal\u00e9es. Il est ensuite harmonieusement associ\u00e9 \u00e0 un single malt vieilli en f\u00fbt de bourbon, qui a m\u00fbri sous le ciel ensoleill\u00e9 de Tel-Aviv. The Elements Peated associe harmonieusement l&#8217;essence fruit\u00e9e du nouveau whisky \u00e0 la quintessence de la tourbe d&#8217;Islay, ce qui donne un whisky doux, subtilement moelleux et l\u00e9g\u00e8rement tourb\u00e9. AROME Une fra\u00eecheur vivifiante. L&#8217;ar\u00f4me commence par des notes fum\u00e9es et terreuses distinctives, \u00e9voluant vers un jeu harmonieux de nuances de vanille et de ch\u00eane, pour finalement culminer sur une d\u00e9licate trace de citron. BOUCHE Moyennement cors\u00e9 et gracieusement compos\u00e9. Le premier contact est celui de la douceur de la vanille, qui se transforme en une d\u00e9licate \u00e9treinte de tourbe. Un subtil courant \u00e9pic\u00e9 accompagne les saveurs de gingembre et de citron. FINALE Une longueur persistante. La tourbe enveloppe gracieusement le palais, tandis que les notes tendres de ch\u00eane et de citron s&#8217;attardent sur les papilles gustatives, cr\u00e9ant une finale \u00e0 la fois m\u00e9morable et satisfaisante.<\/p>\n","protected":false},"featured_media":78489,"comment_status":"open","ping_status":"closed","template":"","meta":{"_acf_changed":false},"product_brand":[],"product_cat":[460,526],"product_tag":[],"class_list":{"0":"post-78950","1":"product","2":"type-product","3":"status-publish","4":"has-post-thumbnail","6":"product_cat-milk-honey-fr","7":"product_cat-israel-fr","9":"first","10":"instock","11":"taxable","12":"shipping-taxable","13":"purchasable","14":"product-type-simple"},"acf":[],"aioseo_notices":[],"jetpack_sharing_enabled":true,"_links":{"self":[{"href":"https:\/\/whisky.ad\/fr\/wp-json\/wp\/v2\/product\/78950","targetHints":{"allow":["GET"]}}],"collection":[{"href":"https:\/\/whisky.ad\/fr\/wp-json\/wp\/v2\/product"}],"about":[{"href":"https:\/\/whisky.ad\/fr\/wp-json\/wp\/v2\/types\/product"}],"replies":[{"embeddable":true,"href":"https:\/\/whisky.ad\/fr\/wp-json\/wp\/v2\/comments?post=78950"}],"wp:featuredmedia":[{"embeddable":true,"href":"https:\/\/whisky.ad\/fr\/wp-json\/wp\/v2\/media\/78489"}],"wp:attachment":[{"href":"https:\/\/whisky.ad\/fr\/wp-json\/wp\/v2\/media?parent=78950"}],"wp:term":[{"taxonomy":"product_brand","embeddable":true,"href":"https:\/\/whisky.ad\/fr\/wp-json\/wp\/v2\/product_brand?post=78950"},{"taxonomy":"product_cat","embeddable":true,"href":"https:\/\/whisky.ad\/fr\/wp-json\/wp\/v2\/product_cat?post=78950"},{"taxonomy":"product_tag","embeddable":true,"href":"https:\/\/whisky.ad\/fr\/wp-json\/wp\/v2\/product_tag?post=78950"}],"curies":[{"name":"wp","href":"https:\/\/api.w.org\/{rel}","templated":true}]}}