{"id":78947,"date":"2023-08-28T16:04:32","date_gmt":"2023-08-28T15:04:32","guid":{"rendered":"https:\/\/whisky.ad\/product\/milk-honey-classic-single-malt-46-0-7l\/"},"modified":"2023-08-28T16:04:32","modified_gmt":"2023-08-28T15:04:32","slug":"milk-honey-classic-single-malt-46-0-7l","status":"publish","type":"product","link":"https:\/\/whisky.ad\/fr\/produit\/milk-honey-classic-single-malt-46-0-7l\/","title":{"rendered":"Milk &amp; Honey Classic Single Malt 46% 0.7l"},"content":{"rendered":"","protected":false},"excerpt":{"rendered":"<p>M&amp;H CLASSIC R\u00e9compens\u00e9 dans la cat\u00e9gorie Grandes Valeurs au Ultimate Spirits Challenge 2023 Reconnu dans la cat\u00e9gorie Grandes Valeurs au Ultimate Spirits Challenge 2023 \u00c9labor\u00e9 avec pr\u00e9cision, notre M&amp;H Classic Single Malt Whisky \u00e9merge de l&#8217;union de f\u00fbts Ex-Bourbon exquis et de nos f\u00fbts STR (Shaved-Toasted-Re-charred) signature pour le vin rouge, aboutissant \u00e0 un caract\u00e8re nuanc\u00e9 et harmonieux. Le r\u00e9sultat est un whisky single malt classique, doux et facile \u00e0 appr\u00e9cier. AROME De douces vagues de vanille ouvrent la voie, suivies de d\u00e9licates notes de ch\u00eane et de fugaces nuances florales. BOUCHE Une composition l\u00e9g\u00e8re offre des notes de vanille, de caramel et de miel, habilement contrebalanc\u00e9es par de subtils accents de ch\u00eane et une touche de doux piquant de poivre noir. FINALE Br\u00e8ve mais astucieuse. Le souvenir du ch\u00eane persiste en bouche, accompagn\u00e9 d&#8217;une d\u00e9licate suggestion de piquant qui ajoute une touche finale \u00e0 l&#8217;exp\u00e9rience.<\/p>\n","protected":false},"featured_media":78485,"comment_status":"open","ping_status":"closed","template":"","meta":{"_acf_changed":false},"product_brand":[],"product_cat":[460,526],"product_tag":[],"class_list":{"0":"post-78947","1":"product","2":"type-product","3":"status-publish","4":"has-post-thumbnail","6":"product_cat-milk-honey-fr","7":"product_cat-israel-fr","9":"first","10":"instock","11":"taxable","12":"shipping-taxable","13":"purchasable","14":"product-type-simple"},"acf":[],"aioseo_notices":[],"jetpack_sharing_enabled":true,"_links":{"self":[{"href":"https:\/\/whisky.ad\/fr\/wp-json\/wp\/v2\/product\/78947","targetHints":{"allow":["GET"]}}],"collection":[{"href":"https:\/\/whisky.ad\/fr\/wp-json\/wp\/v2\/product"}],"about":[{"href":"https:\/\/whisky.ad\/fr\/wp-json\/wp\/v2\/types\/product"}],"replies":[{"embeddable":true,"href":"https:\/\/whisky.ad\/fr\/wp-json\/wp\/v2\/comments?post=78947"}],"wp:featuredmedia":[{"embeddable":true,"href":"https:\/\/whisky.ad\/fr\/wp-json\/wp\/v2\/media\/78485"}],"wp:attachment":[{"href":"https:\/\/whisky.ad\/fr\/wp-json\/wp\/v2\/media?parent=78947"}],"wp:term":[{"taxonomy":"product_brand","embeddable":true,"href":"https:\/\/whisky.ad\/fr\/wp-json\/wp\/v2\/product_brand?post=78947"},{"taxonomy":"product_cat","embeddable":true,"href":"https:\/\/whisky.ad\/fr\/wp-json\/wp\/v2\/product_cat?post=78947"},{"taxonomy":"product_tag","embeddable":true,"href":"https:\/\/whisky.ad\/fr\/wp-json\/wp\/v2\/product_tag?post=78947"}],"curies":[{"name":"wp","href":"https:\/\/api.w.org\/{rel}","templated":true}]}}