{"id":78944,"date":"2023-08-28T16:10:33","date_gmt":"2023-08-28T15:10:33","guid":{"rendered":"https:\/\/whisky.ad\/product\/milk-honey-apex-small-batch-peated-fort-red-wine-cask-55-3-07l\/"},"modified":"2023-12-12T11:22:59","modified_gmt":"2023-12-12T10:22:59","slug":"milk-honey-apex-small-batch-peated-fort-red-wine-cask-55-3-07l","status":"publish","type":"product","link":"https:\/\/whisky.ad\/fr\/produit\/milk-honey-apex-small-batch-peated-fort-red-wine-cask-55-3-07l\/","title":{"rendered":"Milk &amp; Honey Apex Small Batch Peated Fort. Red Wine Cask 55.3% 07l"},"content":{"rendered":"","protected":false},"excerpt":{"rendered":"<p>APEX SMALL BATCH PEATED FORTIFIED RED WINE CASK \u00c9labor\u00e9 de mani\u00e8re unique, ce whisky single malt est issu de la distillation d&#8217;une orge tourb\u00e9e exceptionnelle, suivie d&#8217;un long voyage de maturation dans des f\u00fbts de vin rouge isra\u00e9lien de style porto. Ces f\u00fbts sont soigneusement choisis dans les caves de nos pr\u00e9cieux vignobles artisanaux locaux. AROME Une danse de silex et de notes parfum\u00e9es se d\u00e9ploie, rappelant le pot-pourri et une bo\u00eete \u00e0 cigares accueillante, accompagn\u00e9e de nuances de sucre caram\u00e9lis\u00e9 et de l&#8217;essence s\u00e9duisante d&#8217;une cave \u00e0 vin. BOUCHE Le palais accueille des fruits rouges juteux, compl\u00e9t\u00e9s par des f\u00e8ves de cacao brutes. Un fumet terreux se m\u00eale \u00e0 une l\u00e9g\u00e8re note d&#8217;anis \u00e9toil\u00e9, ajoutant de la profondeur \u00e0 l&#8217;ensemble. FINALE Confiante et robuste, la finale met en valeur l&#8217;audace des clous de girofle entrelac\u00e9s avec la fra\u00eecheur du ch\u00eane neuf. Le dernier acte se d\u00e9roule avec l&#8217;association harmonieuse d&#8217;\u00e9corces d&#8217;orange enrob\u00e9es de chocolat, laissant une impression exquise.<\/p>\n","protected":false},"featured_media":78473,"comment_status":"open","ping_status":"closed","template":"","meta":{"_acf_changed":false},"product_brand":[],"product_cat":[460,526],"product_tag":[],"class_list":{"0":"post-78944","1":"product","2":"type-product","3":"status-publish","4":"has-post-thumbnail","6":"product_cat-milk-honey-fr","7":"product_cat-israel-fr","9":"first","10":"instock","11":"taxable","12":"shipping-taxable","13":"purchasable","14":"product-type-simple"},"acf":[],"aioseo_notices":[],"jetpack_sharing_enabled":true,"_links":{"self":[{"href":"https:\/\/whisky.ad\/fr\/wp-json\/wp\/v2\/product\/78944","targetHints":{"allow":["GET"]}}],"collection":[{"href":"https:\/\/whisky.ad\/fr\/wp-json\/wp\/v2\/product"}],"about":[{"href":"https:\/\/whisky.ad\/fr\/wp-json\/wp\/v2\/types\/product"}],"replies":[{"embeddable":true,"href":"https:\/\/whisky.ad\/fr\/wp-json\/wp\/v2\/comments?post=78944"}],"wp:featuredmedia":[{"embeddable":true,"href":"https:\/\/whisky.ad\/fr\/wp-json\/wp\/v2\/media\/78473"}],"wp:attachment":[{"href":"https:\/\/whisky.ad\/fr\/wp-json\/wp\/v2\/media?parent=78944"}],"wp:term":[{"taxonomy":"product_brand","embeddable":true,"href":"https:\/\/whisky.ad\/fr\/wp-json\/wp\/v2\/product_brand?post=78944"},{"taxonomy":"product_cat","embeddable":true,"href":"https:\/\/whisky.ad\/fr\/wp-json\/wp\/v2\/product_cat?post=78944"},{"taxonomy":"product_tag","embeddable":true,"href":"https:\/\/whisky.ad\/fr\/wp-json\/wp\/v2\/product_tag?post=78944"}],"curies":[{"name":"wp","href":"https:\/\/api.w.org\/{rel}","templated":true}]}}