{"id":78942,"date":"2023-08-28T16:08:49","date_gmt":"2023-08-28T15:08:49","guid":{"rendered":"https:\/\/whisky.ad\/product\/milk-honey-apex-small-batch-pomegranate-wine-cask-57-2-07l\/"},"modified":"2023-08-28T16:08:49","modified_gmt":"2023-08-28T15:08:49","slug":"milk-honey-apex-small-batch-pomegranate-wine-cask-57-2-07l","status":"publish","type":"product","link":"https:\/\/whisky.ad\/fr\/produit\/milk-honey-apex-small-batch-pomegranate-wine-cask-57-2-07l\/","title":{"rendered":"Milk &amp; Honey Apex Small Batch Pomegranate Wine Cask 57.2% 07l"},"content":{"rendered":"","protected":false},"excerpt":{"rendered":"<p>APEX SMALL BATCH POMEGRANATE WINE CASK Fabriqu\u00e9 en lot limit\u00e9, ce whisky single malt a entam\u00e9 un voyage dans des f\u00fbts ex-bourbon, qui s&#8217;est achev\u00e9 par un affinage de six mois dans des f\u00fbts de vin de grenade fortifi\u00e9s. Le caract\u00e8re distinctif de la grenade conf\u00e8re \u00e0 ce whisky une tapisserie de saveurs in\u00e9gal\u00e9es. AROME L&#8217;ar\u00f4me se d\u00e9ploie sur la succulence de la grenade m\u00fbre, suivie d&#8217;un m\u00e9lange enchanteur de vanille riche, de caf\u00e9 torr\u00e9fi\u00e9 et de caramel au beurre velout\u00e9. Une terre robuste se m\u00eale \u00e0 l&#8217;essence de racine d&#8217;orris, \u00e0 la fra\u00eecheur de la menthe verte et \u00e0 l&#8217;odeur s\u00e9duisante de la pomme acide fra\u00eechement cuite. BOUCHE Un profil succulent prend vie avec l&#8217;explosion de graines de grenade juteuses et \u00e9cras\u00e9es, compl\u00e9t\u00e9e par la pr\u00e9sence de figues s\u00e9ch\u00e9es et d&#8217;un ensemble d&#8217;herbes \u00e9pic\u00e9es et aigrelettes. FINALE Endurante et s\u00e8che, la finale introduit un doux courant de ch\u00eane grill\u00e9, harmonieusement suivi par le d\u00e9licieux contraste des bretzels au levain associ\u00e9s \u00e0 la vivacit\u00e9 des fruits rouges.<\/p>\n","protected":false},"featured_media":78481,"comment_status":"open","ping_status":"closed","template":"","meta":{"_acf_changed":false},"product_brand":[],"product_cat":[460,526],"product_tag":[],"class_list":{"0":"post-78942","1":"product","2":"type-product","3":"status-publish","4":"has-post-thumbnail","6":"product_cat-milk-honey-fr","7":"product_cat-israel-fr","9":"first","10":"instock","11":"taxable","12":"shipping-taxable","13":"purchasable","14":"product-type-simple"},"acf":[],"aioseo_notices":[],"jetpack_sharing_enabled":true,"_links":{"self":[{"href":"https:\/\/whisky.ad\/fr\/wp-json\/wp\/v2\/product\/78942","targetHints":{"allow":["GET"]}}],"collection":[{"href":"https:\/\/whisky.ad\/fr\/wp-json\/wp\/v2\/product"}],"about":[{"href":"https:\/\/whisky.ad\/fr\/wp-json\/wp\/v2\/types\/product"}],"replies":[{"embeddable":true,"href":"https:\/\/whisky.ad\/fr\/wp-json\/wp\/v2\/comments?post=78942"}],"wp:featuredmedia":[{"embeddable":true,"href":"https:\/\/whisky.ad\/fr\/wp-json\/wp\/v2\/media\/78481"}],"wp:attachment":[{"href":"https:\/\/whisky.ad\/fr\/wp-json\/wp\/v2\/media?parent=78942"}],"wp:term":[{"taxonomy":"product_brand","embeddable":true,"href":"https:\/\/whisky.ad\/fr\/wp-json\/wp\/v2\/product_brand?post=78942"},{"taxonomy":"product_cat","embeddable":true,"href":"https:\/\/whisky.ad\/fr\/wp-json\/wp\/v2\/product_cat?post=78942"},{"taxonomy":"product_tag","embeddable":true,"href":"https:\/\/whisky.ad\/fr\/wp-json\/wp\/v2\/product_tag?post=78942"}],"curies":[{"name":"wp","href":"https:\/\/api.w.org\/{rel}","templated":true}]}}