{"id":78939,"date":"2023-08-28T16:07:06","date_gmt":"2023-08-28T15:07:06","guid":{"rendered":"https:\/\/whisky.ad\/product\/milk-honey-apex-small-batch-dead-sea-56-5-07l\/"},"modified":"2023-12-12T11:08:53","modified_gmt":"2023-12-12T10:08:53","slug":"milk-honey-apex-small-batch-dead-sea-56-5-07l","status":"publish","type":"product","link":"https:\/\/whisky.ad\/fr\/produit\/milk-honey-apex-small-batch-dead-sea-56-5-07l\/","title":{"rendered":"Milk &amp; Honey Apex Small Batch Dead Sea 56.5% 07l"},"content":{"rendered":"","protected":false},"excerpt":{"rendered":"<p>APEX SMALL BATCH DEAD SEA Honor\u00e9 par le Chairman&#8217;s Trophy lors de l&#8217;Ultimate Spirits Challenge 2023 Reconnu par le Chairman&#8217;s Trophy lors de l&#8217;Ultimate Spirits Challenge 2023 Pionnier d&#8217;une voie unique, notre Apex Small Batch Single Malt Whisky est la cr\u00e9ation inaugurale et exclusive \u00e0 avoir m\u00fbri dans les profondeurs du point le plus bas du monde &#8211; la Mer Morte, o\u00f9 les temp\u00e9ratures montent jusqu&#8217;\u00e0 50 degr\u00e9s Celsius. Cet environnement extraordinaire conf\u00e8re au whisky des saveurs puissantes et profondes. AROME Des notes sucr\u00e9es de vanille fran\u00e7aise et de moka apparaissent, accompagn\u00e9es d&#8217;\u00e9chos de bo\u00eete \u00e0 cigares et d&#8217;une trace revitalisante de menthe verte, tandis qu&#8217;une agr\u00e9able essence de ch\u00eane s&#8217;attarde gracieusement en arri\u00e8re-plan. BOUCHE Une douce introduction en bouche, suivie d&#8217;une vague dynamique de chaleur port\u00e9e par des \u00e9pices telles que la cannelle et les graines de coriandre. Ce raz-de-mar\u00e9e de saveurs est rejoint par l&#8217;\u00e9treinte de la poudre de cacao noir et un soup\u00e7on de poivre blanc \u00e9cras\u00e9. FINALE Endurante et gratifiante, la finale introduit du gingembre confit et des clous de girofle, accompagn\u00e9s d&#8217;un ensemble d&#8217;herbes grill\u00e9es et de l&#8217;essence de gros sel de mer, laissant une empreinte ind\u00e9l\u00e9bile sur les sens.<\/p>\n","protected":false},"featured_media":78504,"comment_status":"open","ping_status":"closed","template":"","meta":{"_acf_changed":false},"product_brand":[],"product_cat":[460,526],"product_tag":[],"class_list":{"0":"post-78939","1":"product","2":"type-product","3":"status-publish","4":"has-post-thumbnail","6":"product_cat-milk-honey-fr","7":"product_cat-israel-fr","9":"first","10":"outofstock","11":"taxable","12":"shipping-taxable","13":"product-type-simple"},"acf":[],"aioseo_notices":[],"jetpack_sharing_enabled":true,"_links":{"self":[{"href":"https:\/\/whisky.ad\/fr\/wp-json\/wp\/v2\/product\/78939","targetHints":{"allow":["GET"]}}],"collection":[{"href":"https:\/\/whisky.ad\/fr\/wp-json\/wp\/v2\/product"}],"about":[{"href":"https:\/\/whisky.ad\/fr\/wp-json\/wp\/v2\/types\/product"}],"replies":[{"embeddable":true,"href":"https:\/\/whisky.ad\/fr\/wp-json\/wp\/v2\/comments?post=78939"}],"wp:featuredmedia":[{"embeddable":true,"href":"https:\/\/whisky.ad\/fr\/wp-json\/wp\/v2\/media\/78504"}],"wp:attachment":[{"href":"https:\/\/whisky.ad\/fr\/wp-json\/wp\/v2\/media?parent=78939"}],"wp:term":[{"taxonomy":"product_brand","embeddable":true,"href":"https:\/\/whisky.ad\/fr\/wp-json\/wp\/v2\/product_brand?post=78939"},{"taxonomy":"product_cat","embeddable":true,"href":"https:\/\/whisky.ad\/fr\/wp-json\/wp\/v2\/product_cat?post=78939"},{"taxonomy":"product_tag","embeddable":true,"href":"https:\/\/whisky.ad\/fr\/wp-json\/wp\/v2\/product_tag?post=78939"}],"curies":[{"name":"wp","href":"https:\/\/api.w.org\/{rel}","templated":true}]}}